
{"id":25459,"date":"2020-12-22T06:07:25","date_gmt":"2020-12-22T06:07:25","guid":{"rendered":"https:\/\/aromasysabores.net\/tienda\/producto\/romero-granel\/"},"modified":"2026-03-16T18:14:30","modified_gmt":"2026-03-16T18:14:30","slug":"romero","status":"publish","type":"product","link":"https:\/\/aromasysabores.net\/tienda\/producto\/romero\/","title":{"rendered":"ROMERO"},"content":{"rendered":"<p><span class=\"elsevierStyleSectionTitle\">El romero es una especie vegetal com\u00fan en la pen\u00ednsula Ib\u00e9rica y, en general, en toda la cuenca mediterr\u00e1nea. Se utiliza desde la Antig\u00fcedad en la medicina tradicional, gracias a las m\u00faltiples propiedades que se le han atribuido hist\u00f3ricamente. De todas, son sus aplicaciones externas las m\u00e1s populares. Sin embargo, el inter\u00e9s que despierta esta planta arom\u00e1tica en la actualidad radica en el potente efecto antioxidante de algunos de sus componentes.<\/span><\/p>\n<p class=\"elsevierStylePara\">\n<div class=\"elsevierItemMultimedia\">\n<div class=\"elsevierItemMultimediaFloat\">\n<div class=\"elsevierItemMultimediaFigura\"><\/div>\n<\/div>\n<\/div>\n","protected":false},"excerpt":{"rendered":"<p>El romero es una especie vegetal com\u00fan en la pen\u00ednsula Ib\u00e9rica y, en general, en toda la cuenca mediterr\u00e1nea. Se utiliza desde la Antig\u00fcedad en la medicina tradicional, gracias a las m\u00faltiples propiedades que se le han atribuido hist\u00f3ricamente. De todas, son sus aplicaciones externas las m\u00e1s populares. Sin embargo, el inter\u00e9s que despierta esta<\/p>\n","protected":false},"featured_media":29701,"template":"","meta":{"_joinchat":[]},"product_brand":[],"product_cat":[163],"product_tag":[],"class_list":{"0":"post-25459","1":"product","2":"type-product","3":"status-publish","4":"has-post-thumbnail","6":"product_cat-especias","8":"first","9":"instock","10":"purchasable","11":"product-type-simple"},"yoast_head":"<!-- This site is optimized with the Yoast SEO plugin v26.7 - https:\/\/yoast.com\/wordpress\/plugins\/seo\/ -->\n<title>ROMERO - Aromas &amp; Sabores Naturales<\/title>\n<meta name=\"robots\" content=\"index, follow, max-snippet:-1, max-image-preview:large, max-video-preview:-1\" \/>\n<link rel=\"canonical\" href=\"https:\/\/aromasysabores.net\/tienda\/producto\/romero\/\" \/>\n<meta property=\"og:locale\" content=\"es_ES\" \/>\n<meta property=\"og:type\" content=\"article\" \/>\n<meta property=\"og:title\" content=\"ROMERO - Aromas &amp; Sabores Naturales\" \/>\n<meta property=\"og:description\" content=\"El romero es una especie vegetal com\u00fan en la pen\u00ednsula Ib\u00e9rica y, en general, en toda la cuenca mediterr\u00e1nea. Se utiliza desde la Antig\u00fcedad en la medicina tradicional, gracias a las m\u00faltiples propiedades que se le han atribuido hist\u00f3ricamente. De todas, son sus aplicaciones externas las m\u00e1s populares. Sin embargo, el inter\u00e9s que despierta esta\" \/>\n<meta property=\"og:url\" content=\"https:\/\/aromasysabores.net\/tienda\/producto\/romero\/\" \/>\n<meta property=\"og:site_name\" content=\"Aromas &amp; Sabores Naturales\" \/>\n<meta property=\"article:modified_time\" content=\"2026-03-16T18:14:30+00:00\" \/>\n<meta property=\"og:image\" content=\"https:\/\/aromasysabores.net\/tienda\/wp-content\/uploads\/2020\/12\/romero.jpg\" \/>\n\t<meta property=\"og:image:width\" content=\"600\" \/>\n\t<meta property=\"og:image:height\" content=\"600\" \/>\n\t<meta property=\"og:image:type\" content=\"image\/jpeg\" \/>\n<meta name=\"twitter:card\" content=\"summary_large_image\" \/>\n<meta name=\"twitter:label1\" content=\"Tiempo de lectura\" \/>\n\t<meta name=\"twitter:data1\" content=\"1 minuto\" \/>\n<script type=\"application\/ld+json\" class=\"yoast-schema-graph\">{\"@context\":\"https:\/\/schema.org\",\"@graph\":[{\"@type\":\"WebPage\",\"@id\":\"https:\/\/aromasysabores.net\/tienda\/producto\/romero\/\",\"url\":\"https:\/\/aromasysabores.net\/tienda\/producto\/romero\/\",\"name\":\"ROMERO - Aromas &amp; Sabores Naturales\",\"isPartOf\":{\"@id\":\"https:\/\/aromasysabores.net\/tienda\/#website\"},\"primaryImageOfPage\":{\"@id\":\"https:\/\/aromasysabores.net\/tienda\/producto\/romero\/#primaryimage\"},\"image\":{\"@id\":\"https:\/\/aromasysabores.net\/tienda\/producto\/romero\/#primaryimage\"},\"thumbnailUrl\":\"https:\/\/aromasysabores.net\/tienda\/wp-content\/uploads\/2020\/12\/romero.jpg\",\"datePublished\":\"2020-12-22T06:07:25+00:00\",\"dateModified\":\"2026-03-16T18:14:30+00:00\",\"breadcrumb\":{\"@id\":\"https:\/\/aromasysabores.net\/tienda\/producto\/romero\/#breadcrumb\"},\"inLanguage\":\"es\",\"potentialAction\":[{\"@type\":\"ReadAction\",\"target\":[\"https:\/\/aromasysabores.net\/tienda\/producto\/romero\/\"]}]},{\"@type\":\"ImageObject\",\"inLanguage\":\"es\",\"@id\":\"https:\/\/aromasysabores.net\/tienda\/producto\/romero\/#primaryimage\",\"url\":\"https:\/\/aromasysabores.net\/tienda\/wp-content\/uploads\/2020\/12\/romero.jpg\",\"contentUrl\":\"https:\/\/aromasysabores.net\/tienda\/wp-content\/uploads\/2020\/12\/romero.jpg\",\"width\":600,\"height\":600},{\"@type\":\"BreadcrumbList\",\"@id\":\"https:\/\/aromasysabores.net\/tienda\/producto\/romero\/#breadcrumb\",\"itemListElement\":[{\"@type\":\"ListItem\",\"position\":1,\"name\":\"Portada\",\"item\":\"https:\/\/aromasysabores.net\/tienda\/\"},{\"@type\":\"ListItem\",\"position\":2,\"name\":\"Tienda Natural\",\"item\":\"https:\/\/aromasysabores.net\/tienda\/\"},{\"@type\":\"ListItem\",\"position\":3,\"name\":\"ROMERO\"}]},{\"@type\":\"WebSite\",\"@id\":\"https:\/\/aromasysabores.net\/tienda\/#website\",\"url\":\"https:\/\/aromasysabores.net\/tienda\/\",\"name\":\"Aromas &amp; Sabores Naturales\",\"description\":\"Tienda online natural\",\"potentialAction\":[{\"@type\":\"SearchAction\",\"target\":{\"@type\":\"EntryPoint\",\"urlTemplate\":\"https:\/\/aromasysabores.net\/tienda\/?s={search_term_string}\"},\"query-input\":{\"@type\":\"PropertyValueSpecification\",\"valueRequired\":true,\"valueName\":\"search_term_string\"}}],\"inLanguage\":\"es\"}]}<\/script>\n<!-- \/ Yoast SEO plugin. -->","yoast_head_json":{"title":"ROMERO - Aromas &amp; Sabores Naturales","robots":{"index":"index","follow":"follow","max-snippet":"max-snippet:-1","max-image-preview":"max-image-preview:large","max-video-preview":"max-video-preview:-1"},"canonical":"https:\/\/aromasysabores.net\/tienda\/producto\/romero\/","og_locale":"es_ES","og_type":"article","og_title":"ROMERO - Aromas &amp; Sabores Naturales","og_description":"El romero es una especie vegetal com\u00fan en la pen\u00ednsula Ib\u00e9rica y, en general, en toda la cuenca mediterr\u00e1nea. Se utiliza desde la Antig\u00fcedad en la medicina tradicional, gracias a las m\u00faltiples propiedades que se le han atribuido hist\u00f3ricamente. De todas, son sus aplicaciones externas las m\u00e1s populares. Sin embargo, el inter\u00e9s que despierta esta","og_url":"https:\/\/aromasysabores.net\/tienda\/producto\/romero\/","og_site_name":"Aromas &amp; Sabores Naturales","article_modified_time":"2026-03-16T18:14:30+00:00","og_image":[{"width":600,"height":600,"url":"https:\/\/aromasysabores.net\/tienda\/wp-content\/uploads\/2020\/12\/romero.jpg","type":"image\/jpeg"}],"twitter_card":"summary_large_image","twitter_misc":{"Tiempo de lectura":"1 minuto"},"schema":{"@context":"https:\/\/schema.org","@graph":[{"@type":"WebPage","@id":"https:\/\/aromasysabores.net\/tienda\/producto\/romero\/","url":"https:\/\/aromasysabores.net\/tienda\/producto\/romero\/","name":"ROMERO - Aromas &amp; Sabores Naturales","isPartOf":{"@id":"https:\/\/aromasysabores.net\/tienda\/#website"},"primaryImageOfPage":{"@id":"https:\/\/aromasysabores.net\/tienda\/producto\/romero\/#primaryimage"},"image":{"@id":"https:\/\/aromasysabores.net\/tienda\/producto\/romero\/#primaryimage"},"thumbnailUrl":"https:\/\/aromasysabores.net\/tienda\/wp-content\/uploads\/2020\/12\/romero.jpg","datePublished":"2020-12-22T06:07:25+00:00","dateModified":"2026-03-16T18:14:30+00:00","breadcrumb":{"@id":"https:\/\/aromasysabores.net\/tienda\/producto\/romero\/#breadcrumb"},"inLanguage":"es","potentialAction":[{"@type":"ReadAction","target":["https:\/\/aromasysabores.net\/tienda\/producto\/romero\/"]}]},{"@type":"ImageObject","inLanguage":"es","@id":"https:\/\/aromasysabores.net\/tienda\/producto\/romero\/#primaryimage","url":"https:\/\/aromasysabores.net\/tienda\/wp-content\/uploads\/2020\/12\/romero.jpg","contentUrl":"https:\/\/aromasysabores.net\/tienda\/wp-content\/uploads\/2020\/12\/romero.jpg","width":600,"height":600},{"@type":"BreadcrumbList","@id":"https:\/\/aromasysabores.net\/tienda\/producto\/romero\/#breadcrumb","itemListElement":[{"@type":"ListItem","position":1,"name":"Portada","item":"https:\/\/aromasysabores.net\/tienda\/"},{"@type":"ListItem","position":2,"name":"Tienda Natural","item":"https:\/\/aromasysabores.net\/tienda\/"},{"@type":"ListItem","position":3,"name":"ROMERO"}]},{"@type":"WebSite","@id":"https:\/\/aromasysabores.net\/tienda\/#website","url":"https:\/\/aromasysabores.net\/tienda\/","name":"Aromas &amp; Sabores Naturales","description":"Tienda online natural","potentialAction":[{"@type":"SearchAction","target":{"@type":"EntryPoint","urlTemplate":"https:\/\/aromasysabores.net\/tienda\/?s={search_term_string}"},"query-input":{"@type":"PropertyValueSpecification","valueRequired":true,"valueName":"search_term_string"}}],"inLanguage":"es"}]}},"_links":{"self":[{"href":"https:\/\/aromasysabores.net\/tienda\/wp-json\/wp\/v2\/product\/25459","targetHints":{"allow":["GET"]}}],"collection":[{"href":"https:\/\/aromasysabores.net\/tienda\/wp-json\/wp\/v2\/product"}],"about":[{"href":"https:\/\/aromasysabores.net\/tienda\/wp-json\/wp\/v2\/types\/product"}],"wp:featuredmedia":[{"embeddable":true,"href":"https:\/\/aromasysabores.net\/tienda\/wp-json\/wp\/v2\/media\/29701"}],"wp:attachment":[{"href":"https:\/\/aromasysabores.net\/tienda\/wp-json\/wp\/v2\/media?parent=25459"}],"wp:term":[{"taxonomy":"product_brand","embeddable":true,"href":"https:\/\/aromasysabores.net\/tienda\/wp-json\/wp\/v2\/product_brand?post=25459"},{"taxonomy":"product_cat","embeddable":true,"href":"https:\/\/aromasysabores.net\/tienda\/wp-json\/wp\/v2\/product_cat?post=25459"},{"taxonomy":"product_tag","embeddable":true,"href":"https:\/\/aromasysabores.net\/tienda\/wp-json\/wp\/v2\/product_tag?post=25459"}],"curies":[{"name":"wp","href":"https:\/\/api.w.org\/{rel}","templated":true}]}}