
{"id":25755,"date":"2020-12-22T05:55:41","date_gmt":"2020-12-22T05:55:41","guid":{"rendered":"https:\/\/aromasysabores.net\/tienda\/producto\/botica-te-rojo-x-25\/"},"modified":"2026-04-18T14:09:46","modified_gmt":"2026-04-18T14:09:46","slug":"botica-te-rojo-25-sobres","status":"publish","type":"product","link":"https:\/\/aromasysabores.net\/tienda\/producto\/botica-te-rojo-25-sobres\/","title":{"rendered":"BOTICA TE ROJO 25 SOBRES"},"content":{"rendered":"<p>El t\u00e9 rojo posee propiedades adelgazantes y digestivas, reduce los niveles de colesterol malo en la sangre a favor del bueno. Aumenta la secreci\u00f3n de las gl\u00e1ndulas digestivas, reduce el nivel de absorci\u00f3n de grasa por lo que produce un efecto adelgazante. Adem\u00e1s, al acelerar el metabolismo hep\u00e1tico, reduce el nivel de triglic\u00e9ridos y \u00e1cido \u00farico.<\/p>\n<p>El t\u00e9 rojo se obtiene de las hojas del arbusto Thea sinensis o Camellia sinensis, \u00e9stas son sometidas\u00a0a un proceso de fermentado especial que diferencia al t\u00e9 rojo de las dem\u00e1s variedades de t\u00e9.<\/p>\n","protected":false},"excerpt":{"rendered":"<p><strong>Presentaci\u00f3n<\/strong>: Caja de 25 saquitos de t\u00e9.<\/p>\n<p><strong>Infusi\u00f3n<\/strong>: 1 sobre por taza de 250 ml agregar agua hirviendo.<\/p>\n<p>Dejar reposar 3 minutos. Beber 2 o 3 tazas por d\u00eda.<\/p>\n","protected":false},"featured_media":16212,"template":"","meta":{"_joinchat":[]},"product_brand":[],"product_cat":[154],"product_tag":[],"class_list":{"0":"post-25755","1":"product","2":"type-product","3":"status-publish","4":"has-post-thumbnail","6":"product_cat-hierbas-bolsa","8":"first","9":"outofstock","10":"purchasable","11":"product-type-simple"},"yoast_head":"<!-- This site is optimized with the Yoast SEO plugin v26.7 - https:\/\/yoast.com\/wordpress\/plugins\/seo\/ -->\n<title>BOTICA TE ROJO 25 SOBRES - Aromas &amp; Sabores Naturales<\/title>\n<meta name=\"robots\" content=\"index, follow, max-snippet:-1, max-image-preview:large, max-video-preview:-1\" \/>\n<link rel=\"canonical\" href=\"https:\/\/aromasysabores.net\/tienda\/producto\/botica-te-rojo-25-sobres\/\" \/>\n<meta property=\"og:locale\" content=\"es_ES\" \/>\n<meta property=\"og:type\" content=\"article\" \/>\n<meta property=\"og:title\" content=\"BOTICA TE ROJO 25 SOBRES - Aromas &amp; Sabores Naturales\" \/>\n<meta property=\"og:description\" content=\"Presentaci\u00f3n: Caja de 25 saquitos de t\u00e9.  Infusi\u00f3n: 1 sobre por taza de 250 ml agregar agua hirviendo.  Dejar reposar 3 minutos. Beber 2 o 3 tazas por d\u00eda.\" \/>\n<meta property=\"og:url\" content=\"https:\/\/aromasysabores.net\/tienda\/producto\/botica-te-rojo-25-sobres\/\" \/>\n<meta property=\"og:site_name\" content=\"Aromas &amp; Sabores Naturales\" \/>\n<meta property=\"article:modified_time\" content=\"2026-04-18T14:09:46+00:00\" \/>\n<meta property=\"og:image\" content=\"https:\/\/aromasysabores.net\/tienda\/wp-content\/uploads\/2020\/10\/rojo-3-1.jpg\" \/>\n\t<meta property=\"og:image:width\" content=\"300\" \/>\n\t<meta property=\"og:image:height\" content=\"300\" \/>\n\t<meta property=\"og:image:type\" content=\"image\/jpeg\" \/>\n<meta name=\"twitter:card\" content=\"summary_large_image\" \/>\n<meta name=\"twitter:label1\" content=\"Tiempo de lectura\" \/>\n\t<meta name=\"twitter:data1\" content=\"1 minuto\" \/>\n<script type=\"application\/ld+json\" class=\"yoast-schema-graph\">{\"@context\":\"https:\/\/schema.org\",\"@graph\":[{\"@type\":\"WebPage\",\"@id\":\"https:\/\/aromasysabores.net\/tienda\/producto\/botica-te-rojo-25-sobres\/\",\"url\":\"https:\/\/aromasysabores.net\/tienda\/producto\/botica-te-rojo-25-sobres\/\",\"name\":\"BOTICA TE ROJO 25 SOBRES - Aromas &amp; Sabores Naturales\",\"isPartOf\":{\"@id\":\"https:\/\/aromasysabores.net\/tienda\/#website\"},\"primaryImageOfPage\":{\"@id\":\"https:\/\/aromasysabores.net\/tienda\/producto\/botica-te-rojo-25-sobres\/#primaryimage\"},\"image\":{\"@id\":\"https:\/\/aromasysabores.net\/tienda\/producto\/botica-te-rojo-25-sobres\/#primaryimage\"},\"thumbnailUrl\":\"https:\/\/aromasysabores.net\/tienda\/wp-content\/uploads\/2020\/10\/rojo-3-1.jpg\",\"datePublished\":\"2020-12-22T05:55:41+00:00\",\"dateModified\":\"2026-04-18T14:09:46+00:00\",\"breadcrumb\":{\"@id\":\"https:\/\/aromasysabores.net\/tienda\/producto\/botica-te-rojo-25-sobres\/#breadcrumb\"},\"inLanguage\":\"es\",\"potentialAction\":[{\"@type\":\"ReadAction\",\"target\":[\"https:\/\/aromasysabores.net\/tienda\/producto\/botica-te-rojo-25-sobres\/\"]}]},{\"@type\":\"ImageObject\",\"inLanguage\":\"es\",\"@id\":\"https:\/\/aromasysabores.net\/tienda\/producto\/botica-te-rojo-25-sobres\/#primaryimage\",\"url\":\"https:\/\/aromasysabores.net\/tienda\/wp-content\/uploads\/2020\/10\/rojo-3-1.jpg\",\"contentUrl\":\"https:\/\/aromasysabores.net\/tienda\/wp-content\/uploads\/2020\/10\/rojo-3-1.jpg\",\"width\":300,\"height\":300},{\"@type\":\"BreadcrumbList\",\"@id\":\"https:\/\/aromasysabores.net\/tienda\/producto\/botica-te-rojo-25-sobres\/#breadcrumb\",\"itemListElement\":[{\"@type\":\"ListItem\",\"position\":1,\"name\":\"Portada\",\"item\":\"https:\/\/aromasysabores.net\/tienda\/\"},{\"@type\":\"ListItem\",\"position\":2,\"name\":\"Tienda Natural\",\"item\":\"https:\/\/aromasysabores.net\/tienda\/\"},{\"@type\":\"ListItem\",\"position\":3,\"name\":\"BOTICA TE ROJO 25 SOBRES\"}]},{\"@type\":\"WebSite\",\"@id\":\"https:\/\/aromasysabores.net\/tienda\/#website\",\"url\":\"https:\/\/aromasysabores.net\/tienda\/\",\"name\":\"Aromas &amp; Sabores Naturales\",\"description\":\"Tienda online natural\",\"potentialAction\":[{\"@type\":\"SearchAction\",\"target\":{\"@type\":\"EntryPoint\",\"urlTemplate\":\"https:\/\/aromasysabores.net\/tienda\/?s={search_term_string}\"},\"query-input\":{\"@type\":\"PropertyValueSpecification\",\"valueRequired\":true,\"valueName\":\"search_term_string\"}}],\"inLanguage\":\"es\"}]}<\/script>\n<!-- \/ Yoast SEO plugin. -->","yoast_head_json":{"title":"BOTICA TE ROJO 25 SOBRES - Aromas &amp; Sabores Naturales","robots":{"index":"index","follow":"follow","max-snippet":"max-snippet:-1","max-image-preview":"max-image-preview:large","max-video-preview":"max-video-preview:-1"},"canonical":"https:\/\/aromasysabores.net\/tienda\/producto\/botica-te-rojo-25-sobres\/","og_locale":"es_ES","og_type":"article","og_title":"BOTICA TE ROJO 25 SOBRES - Aromas &amp; Sabores Naturales","og_description":"Presentaci\u00f3n: Caja de 25 saquitos de t\u00e9.  Infusi\u00f3n: 1 sobre por taza de 250 ml agregar agua hirviendo.  Dejar reposar 3 minutos. Beber 2 o 3 tazas por d\u00eda.","og_url":"https:\/\/aromasysabores.net\/tienda\/producto\/botica-te-rojo-25-sobres\/","og_site_name":"Aromas &amp; Sabores Naturales","article_modified_time":"2026-04-18T14:09:46+00:00","og_image":[{"width":300,"height":300,"url":"https:\/\/aromasysabores.net\/tienda\/wp-content\/uploads\/2020\/10\/rojo-3-1.jpg","type":"image\/jpeg"}],"twitter_card":"summary_large_image","twitter_misc":{"Tiempo de lectura":"1 minuto"},"schema":{"@context":"https:\/\/schema.org","@graph":[{"@type":"WebPage","@id":"https:\/\/aromasysabores.net\/tienda\/producto\/botica-te-rojo-25-sobres\/","url":"https:\/\/aromasysabores.net\/tienda\/producto\/botica-te-rojo-25-sobres\/","name":"BOTICA TE ROJO 25 SOBRES - Aromas &amp; Sabores Naturales","isPartOf":{"@id":"https:\/\/aromasysabores.net\/tienda\/#website"},"primaryImageOfPage":{"@id":"https:\/\/aromasysabores.net\/tienda\/producto\/botica-te-rojo-25-sobres\/#primaryimage"},"image":{"@id":"https:\/\/aromasysabores.net\/tienda\/producto\/botica-te-rojo-25-sobres\/#primaryimage"},"thumbnailUrl":"https:\/\/aromasysabores.net\/tienda\/wp-content\/uploads\/2020\/10\/rojo-3-1.jpg","datePublished":"2020-12-22T05:55:41+00:00","dateModified":"2026-04-18T14:09:46+00:00","breadcrumb":{"@id":"https:\/\/aromasysabores.net\/tienda\/producto\/botica-te-rojo-25-sobres\/#breadcrumb"},"inLanguage":"es","potentialAction":[{"@type":"ReadAction","target":["https:\/\/aromasysabores.net\/tienda\/producto\/botica-te-rojo-25-sobres\/"]}]},{"@type":"ImageObject","inLanguage":"es","@id":"https:\/\/aromasysabores.net\/tienda\/producto\/botica-te-rojo-25-sobres\/#primaryimage","url":"https:\/\/aromasysabores.net\/tienda\/wp-content\/uploads\/2020\/10\/rojo-3-1.jpg","contentUrl":"https:\/\/aromasysabores.net\/tienda\/wp-content\/uploads\/2020\/10\/rojo-3-1.jpg","width":300,"height":300},{"@type":"BreadcrumbList","@id":"https:\/\/aromasysabores.net\/tienda\/producto\/botica-te-rojo-25-sobres\/#breadcrumb","itemListElement":[{"@type":"ListItem","position":1,"name":"Portada","item":"https:\/\/aromasysabores.net\/tienda\/"},{"@type":"ListItem","position":2,"name":"Tienda Natural","item":"https:\/\/aromasysabores.net\/tienda\/"},{"@type":"ListItem","position":3,"name":"BOTICA TE ROJO 25 SOBRES"}]},{"@type":"WebSite","@id":"https:\/\/aromasysabores.net\/tienda\/#website","url":"https:\/\/aromasysabores.net\/tienda\/","name":"Aromas &amp; Sabores Naturales","description":"Tienda online natural","potentialAction":[{"@type":"SearchAction","target":{"@type":"EntryPoint","urlTemplate":"https:\/\/aromasysabores.net\/tienda\/?s={search_term_string}"},"query-input":{"@type":"PropertyValueSpecification","valueRequired":true,"valueName":"search_term_string"}}],"inLanguage":"es"}]}},"_links":{"self":[{"href":"https:\/\/aromasysabores.net\/tienda\/wp-json\/wp\/v2\/product\/25755","targetHints":{"allow":["GET"]}}],"collection":[{"href":"https:\/\/aromasysabores.net\/tienda\/wp-json\/wp\/v2\/product"}],"about":[{"href":"https:\/\/aromasysabores.net\/tienda\/wp-json\/wp\/v2\/types\/product"}],"wp:featuredmedia":[{"embeddable":true,"href":"https:\/\/aromasysabores.net\/tienda\/wp-json\/wp\/v2\/media\/16212"}],"wp:attachment":[{"href":"https:\/\/aromasysabores.net\/tienda\/wp-json\/wp\/v2\/media?parent=25755"}],"wp:term":[{"taxonomy":"product_brand","embeddable":true,"href":"https:\/\/aromasysabores.net\/tienda\/wp-json\/wp\/v2\/product_brand?post=25755"},{"taxonomy":"product_cat","embeddable":true,"href":"https:\/\/aromasysabores.net\/tienda\/wp-json\/wp\/v2\/product_cat?post=25755"},{"taxonomy":"product_tag","embeddable":true,"href":"https:\/\/aromasysabores.net\/tienda\/wp-json\/wp\/v2\/product_tag?post=25755"}],"curies":[{"name":"wp","href":"https:\/\/api.w.org\/{rel}","templated":true}]}}