
{"id":25821,"date":"2020-12-22T05:55:46","date_gmt":"2020-12-22T05:55:46","guid":{"rendered":"https:\/\/aromasysabores.net\/tienda\/producto\/botica-equinacea-caja\/"},"modified":"2026-04-18T14:09:49","modified_gmt":"2026-04-18T14:09:49","slug":"botica-equinacea-caja-40g","status":"publish","type":"product","link":"https:\/\/aromasysabores.net\/tienda\/producto\/botica-equinacea-caja-40g\/","title":{"rendered":"BOTICA EQUINACEA CAJA 40G"},"content":{"rendered":"<p>La equinacea aumenta las defensas del organismo, en general. Las ra\u00edces y tallos de la equinacea son usadas como estimulante natural y fortificador del sistema inmunitario en estados al\u00e9rgicos y virales como resfr\u00edos, rinitis, gripe, sinusitis, amigdalitis, etc. La equinacea tambi\u00e9n se usa como antiinflamatorio y antiflog\u00edstico en casos como artritis, reuma, dolores articulares y otras enfermedades que deriven de falta de defensas en el organismo.<br \/>\nLa equinacea es una de las hierbas medicinales m\u00e1s usadas, estudiadas e investigadas a nivel mundial. Equinacea deriva de la palabra griega echinos, que significa erizo, que hace referencia a las br\u00e1cteasespinosas que hay en la cabezuela floral de la planta.<\/p>\n","protected":false},"excerpt":{"rendered":"<p><strong>Presentaci\u00f3n T\u00e9:<\/strong>\u00a0Caja de 40gr. \u00a0t\u00e9 de tallo y ra\u00edz de Equinacea.<\/p>\n<p><strong>Infusi\u00f3n:<\/strong>\u00a01 cucharadita de t\u00e9 agregar agua hirviendo en una taza de 250 ml.\u00a0Tomar dos veces al d\u00eda.<\/p>\n","protected":false},"featured_media":29297,"template":"","meta":{"_joinchat":[]},"product_brand":[],"product_cat":[154],"product_tag":[],"class_list":{"0":"post-25821","1":"product","2":"type-product","3":"status-publish","4":"has-post-thumbnail","6":"product_cat-hierbas-bolsa","8":"first","9":"instock","10":"purchasable","11":"product-type-simple"},"yoast_head":"<!-- This site is optimized with the Yoast SEO plugin v26.7 - https:\/\/yoast.com\/wordpress\/plugins\/seo\/ -->\n<title>BOTICA EQUINACEA CAJA 40G - Aromas &amp; Sabores Naturales<\/title>\n<meta name=\"robots\" content=\"index, follow, max-snippet:-1, max-image-preview:large, max-video-preview:-1\" \/>\n<link rel=\"canonical\" href=\"https:\/\/aromasysabores.net\/tienda\/producto\/botica-equinacea-caja-40g\/\" \/>\n<meta property=\"og:locale\" content=\"es_ES\" \/>\n<meta property=\"og:type\" content=\"article\" \/>\n<meta property=\"og:title\" content=\"BOTICA EQUINACEA CAJA 40G - Aromas &amp; Sabores Naturales\" \/>\n<meta property=\"og:description\" content=\"Presentaci\u00f3n T\u00e9:\u00a0Caja de 40gr. \u00a0t\u00e9 de tallo y ra\u00edz de Equinacea.  Infusi\u00f3n:\u00a01 cucharadita de t\u00e9 agregar agua hirviendo en una taza de 250 ml.\u00a0Tomar dos veces al d\u00eda.\" \/>\n<meta property=\"og:url\" content=\"https:\/\/aromasysabores.net\/tienda\/producto\/botica-equinacea-caja-40g\/\" \/>\n<meta property=\"og:site_name\" content=\"Aromas &amp; Sabores Naturales\" \/>\n<meta property=\"article:modified_time\" content=\"2026-04-18T14:09:49+00:00\" \/>\n<meta property=\"og:image\" content=\"https:\/\/aromasysabores.net\/tienda\/wp-content\/uploads\/2020\/12\/Equinacea-4.jpg\" \/>\n\t<meta property=\"og:image:width\" content=\"1720\" \/>\n\t<meta property=\"og:image:height\" content=\"1160\" \/>\n\t<meta property=\"og:image:type\" content=\"image\/jpeg\" \/>\n<meta name=\"twitter:card\" content=\"summary_large_image\" \/>\n<meta name=\"twitter:label1\" content=\"Tiempo de lectura\" \/>\n\t<meta name=\"twitter:data1\" content=\"1 minuto\" \/>\n<script type=\"application\/ld+json\" class=\"yoast-schema-graph\">{\"@context\":\"https:\/\/schema.org\",\"@graph\":[{\"@type\":\"WebPage\",\"@id\":\"https:\/\/aromasysabores.net\/tienda\/producto\/botica-equinacea-caja-40g\/\",\"url\":\"https:\/\/aromasysabores.net\/tienda\/producto\/botica-equinacea-caja-40g\/\",\"name\":\"BOTICA EQUINACEA CAJA 40G - Aromas &amp; Sabores Naturales\",\"isPartOf\":{\"@id\":\"https:\/\/aromasysabores.net\/tienda\/#website\"},\"primaryImageOfPage\":{\"@id\":\"https:\/\/aromasysabores.net\/tienda\/producto\/botica-equinacea-caja-40g\/#primaryimage\"},\"image\":{\"@id\":\"https:\/\/aromasysabores.net\/tienda\/producto\/botica-equinacea-caja-40g\/#primaryimage\"},\"thumbnailUrl\":\"https:\/\/aromasysabores.net\/tienda\/wp-content\/uploads\/2020\/12\/Equinacea-4.jpg\",\"datePublished\":\"2020-12-22T05:55:46+00:00\",\"dateModified\":\"2026-04-18T14:09:49+00:00\",\"breadcrumb\":{\"@id\":\"https:\/\/aromasysabores.net\/tienda\/producto\/botica-equinacea-caja-40g\/#breadcrumb\"},\"inLanguage\":\"es\",\"potentialAction\":[{\"@type\":\"ReadAction\",\"target\":[\"https:\/\/aromasysabores.net\/tienda\/producto\/botica-equinacea-caja-40g\/\"]}]},{\"@type\":\"ImageObject\",\"inLanguage\":\"es\",\"@id\":\"https:\/\/aromasysabores.net\/tienda\/producto\/botica-equinacea-caja-40g\/#primaryimage\",\"url\":\"https:\/\/aromasysabores.net\/tienda\/wp-content\/uploads\/2020\/12\/Equinacea-4.jpg\",\"contentUrl\":\"https:\/\/aromasysabores.net\/tienda\/wp-content\/uploads\/2020\/12\/Equinacea-4.jpg\",\"width\":1720,\"height\":1160},{\"@type\":\"BreadcrumbList\",\"@id\":\"https:\/\/aromasysabores.net\/tienda\/producto\/botica-equinacea-caja-40g\/#breadcrumb\",\"itemListElement\":[{\"@type\":\"ListItem\",\"position\":1,\"name\":\"Portada\",\"item\":\"https:\/\/aromasysabores.net\/tienda\/\"},{\"@type\":\"ListItem\",\"position\":2,\"name\":\"Tienda Natural\",\"item\":\"https:\/\/aromasysabores.net\/tienda\/\"},{\"@type\":\"ListItem\",\"position\":3,\"name\":\"BOTICA EQUINACEA CAJA 40G\"}]},{\"@type\":\"WebSite\",\"@id\":\"https:\/\/aromasysabores.net\/tienda\/#website\",\"url\":\"https:\/\/aromasysabores.net\/tienda\/\",\"name\":\"Aromas &amp; Sabores Naturales\",\"description\":\"Tienda online natural\",\"potentialAction\":[{\"@type\":\"SearchAction\",\"target\":{\"@type\":\"EntryPoint\",\"urlTemplate\":\"https:\/\/aromasysabores.net\/tienda\/?s={search_term_string}\"},\"query-input\":{\"@type\":\"PropertyValueSpecification\",\"valueRequired\":true,\"valueName\":\"search_term_string\"}}],\"inLanguage\":\"es\"}]}<\/script>\n<!-- \/ Yoast SEO plugin. -->","yoast_head_json":{"title":"BOTICA EQUINACEA CAJA 40G - Aromas &amp; Sabores Naturales","robots":{"index":"index","follow":"follow","max-snippet":"max-snippet:-1","max-image-preview":"max-image-preview:large","max-video-preview":"max-video-preview:-1"},"canonical":"https:\/\/aromasysabores.net\/tienda\/producto\/botica-equinacea-caja-40g\/","og_locale":"es_ES","og_type":"article","og_title":"BOTICA EQUINACEA CAJA 40G - Aromas &amp; Sabores Naturales","og_description":"Presentaci\u00f3n T\u00e9:\u00a0Caja de 40gr. \u00a0t\u00e9 de tallo y ra\u00edz de Equinacea.  Infusi\u00f3n:\u00a01 cucharadita de t\u00e9 agregar agua hirviendo en una taza de 250 ml.\u00a0Tomar dos veces al d\u00eda.","og_url":"https:\/\/aromasysabores.net\/tienda\/producto\/botica-equinacea-caja-40g\/","og_site_name":"Aromas &amp; Sabores Naturales","article_modified_time":"2026-04-18T14:09:49+00:00","og_image":[{"width":1720,"height":1160,"url":"https:\/\/aromasysabores.net\/tienda\/wp-content\/uploads\/2020\/12\/Equinacea-4.jpg","type":"image\/jpeg"}],"twitter_card":"summary_large_image","twitter_misc":{"Tiempo de lectura":"1 minuto"},"schema":{"@context":"https:\/\/schema.org","@graph":[{"@type":"WebPage","@id":"https:\/\/aromasysabores.net\/tienda\/producto\/botica-equinacea-caja-40g\/","url":"https:\/\/aromasysabores.net\/tienda\/producto\/botica-equinacea-caja-40g\/","name":"BOTICA EQUINACEA CAJA 40G - Aromas &amp; Sabores Naturales","isPartOf":{"@id":"https:\/\/aromasysabores.net\/tienda\/#website"},"primaryImageOfPage":{"@id":"https:\/\/aromasysabores.net\/tienda\/producto\/botica-equinacea-caja-40g\/#primaryimage"},"image":{"@id":"https:\/\/aromasysabores.net\/tienda\/producto\/botica-equinacea-caja-40g\/#primaryimage"},"thumbnailUrl":"https:\/\/aromasysabores.net\/tienda\/wp-content\/uploads\/2020\/12\/Equinacea-4.jpg","datePublished":"2020-12-22T05:55:46+00:00","dateModified":"2026-04-18T14:09:49+00:00","breadcrumb":{"@id":"https:\/\/aromasysabores.net\/tienda\/producto\/botica-equinacea-caja-40g\/#breadcrumb"},"inLanguage":"es","potentialAction":[{"@type":"ReadAction","target":["https:\/\/aromasysabores.net\/tienda\/producto\/botica-equinacea-caja-40g\/"]}]},{"@type":"ImageObject","inLanguage":"es","@id":"https:\/\/aromasysabores.net\/tienda\/producto\/botica-equinacea-caja-40g\/#primaryimage","url":"https:\/\/aromasysabores.net\/tienda\/wp-content\/uploads\/2020\/12\/Equinacea-4.jpg","contentUrl":"https:\/\/aromasysabores.net\/tienda\/wp-content\/uploads\/2020\/12\/Equinacea-4.jpg","width":1720,"height":1160},{"@type":"BreadcrumbList","@id":"https:\/\/aromasysabores.net\/tienda\/producto\/botica-equinacea-caja-40g\/#breadcrumb","itemListElement":[{"@type":"ListItem","position":1,"name":"Portada","item":"https:\/\/aromasysabores.net\/tienda\/"},{"@type":"ListItem","position":2,"name":"Tienda Natural","item":"https:\/\/aromasysabores.net\/tienda\/"},{"@type":"ListItem","position":3,"name":"BOTICA EQUINACEA CAJA 40G"}]},{"@type":"WebSite","@id":"https:\/\/aromasysabores.net\/tienda\/#website","url":"https:\/\/aromasysabores.net\/tienda\/","name":"Aromas &amp; Sabores Naturales","description":"Tienda online natural","potentialAction":[{"@type":"SearchAction","target":{"@type":"EntryPoint","urlTemplate":"https:\/\/aromasysabores.net\/tienda\/?s={search_term_string}"},"query-input":{"@type":"PropertyValueSpecification","valueRequired":true,"valueName":"search_term_string"}}],"inLanguage":"es"}]}},"_links":{"self":[{"href":"https:\/\/aromasysabores.net\/tienda\/wp-json\/wp\/v2\/product\/25821","targetHints":{"allow":["GET"]}}],"collection":[{"href":"https:\/\/aromasysabores.net\/tienda\/wp-json\/wp\/v2\/product"}],"about":[{"href":"https:\/\/aromasysabores.net\/tienda\/wp-json\/wp\/v2\/types\/product"}],"wp:featuredmedia":[{"embeddable":true,"href":"https:\/\/aromasysabores.net\/tienda\/wp-json\/wp\/v2\/media\/29297"}],"wp:attachment":[{"href":"https:\/\/aromasysabores.net\/tienda\/wp-json\/wp\/v2\/media?parent=25821"}],"wp:term":[{"taxonomy":"product_brand","embeddable":true,"href":"https:\/\/aromasysabores.net\/tienda\/wp-json\/wp\/v2\/product_brand?post=25821"},{"taxonomy":"product_cat","embeddable":true,"href":"https:\/\/aromasysabores.net\/tienda\/wp-json\/wp\/v2\/product_cat?post=25821"},{"taxonomy":"product_tag","embeddable":true,"href":"https:\/\/aromasysabores.net\/tienda\/wp-json\/wp\/v2\/product_tag?post=25821"}],"curies":[{"name":"wp","href":"https:\/\/api.w.org\/{rel}","templated":true}]}}