
{"id":25856,"date":"2020-12-22T05:55:34","date_gmt":"2020-12-22T05:55:34","guid":{"rendered":"https:\/\/aromasysabores.net\/tienda\/producto\/botica-palo-azul-150-g\/"},"modified":"2026-04-18T14:09:51","modified_gmt":"2026-04-18T14:09:51","slug":"botica-palo-azul-150g","status":"publish","type":"product","link":"https:\/\/aromasysabores.net\/tienda\/producto\/botica-palo-azul-150g\/","title":{"rendered":"BOTICA PALO AZUL 150G"},"content":{"rendered":"<p>El Palo azul est\u00e1 indicado contra el reumatismo, artritis, lumbago, ci\u00e1tica y gota. Previene los c\u00f3licos renales y hep\u00e1ticos. Es una planta medicinal con excelentes propiedades terap\u00e9uticas para eliminar el \u00e1cido \u00farico. Combate y previene los dolores t\u00edpicos de esta enfermedad, es\u00a0conveniente tomarlo en forma preventiva ante cualquier peque\u00f1o s\u00edntoma de endurecimiento articular. Es un excelente diur\u00e9tico natural sin contraindicaciones.<br \/>\nEl palo azul es eficaz para combatir el s\u00edndrome metab\u00f3lico y la diabetes. Estudios cient\u00edficos realizados en Universidades de Jap\u00f3n, han reportado que el extracto acuoso del palo azul contiene el derivado de cumarina y \u00a8sesquiterpeno tipo guaiane\u00a8, componente que posee fuerte funci\u00f3n para bajar el nivel de az\u00facar en la sangre. Tambi\u00e9n confirmaron el aumento de \u00e4diponectina\u00a8, la hormona \u00fatil para combatir el S\u00edndrome metab\u00f3lico. \u00c9ste no es una simple obesidad, puede provocar la posibilidad de padecer aumento de la presi\u00f3n sangu\u00ednea y la anormalidad de l\u00edpidos en la sangre, causales de infarto miocardio, derrame cerebral, entre otros.<br \/>\nEl tratamiento requiere tiempo y continuidad.<br \/>\nEl palo azul combinado con agua de carmelitas o la hierba ver\u00f3nica alivia toda tensi\u00f3n muscular.<\/p>\n","protected":false},"excerpt":{"rendered":"<p><strong>Presentaci\u00f3n:<\/strong>\u00a0Caja de 75 g, bolsa de 150 g de palo azul.<\/p>\n<p><strong>Preparaci\u00f3n:<\/strong>\u00a01 cucharada sopera en un litro de agua fr\u00eda, dejar en remojo en la noche. A la ma\u00f1ana calentar hasta que rompa el hervor, colar y tomar el litro repartido en todo el d\u00eda.<\/p>\n<p>&nbsp;<\/p>\n","protected":false},"featured_media":29310,"template":"","meta":{"_joinchat":[]},"product_brand":[],"product_cat":[154],"product_tag":[],"class_list":{"0":"post-25856","1":"product","2":"type-product","3":"status-publish","4":"has-post-thumbnail","6":"product_cat-hierbas-bolsa","8":"first","9":"outofstock","10":"purchasable","11":"product-type-simple"},"yoast_head":"<!-- This site is optimized with the Yoast SEO plugin v26.7 - https:\/\/yoast.com\/wordpress\/plugins\/seo\/ -->\n<title>BOTICA PALO AZUL 150G - Aromas &amp; Sabores Naturales<\/title>\n<meta name=\"robots\" content=\"index, follow, max-snippet:-1, max-image-preview:large, max-video-preview:-1\" \/>\n<link rel=\"canonical\" href=\"https:\/\/aromasysabores.net\/tienda\/producto\/botica-palo-azul-150g\/\" \/>\n<meta property=\"og:locale\" content=\"es_ES\" \/>\n<meta property=\"og:type\" content=\"article\" \/>\n<meta property=\"og:title\" content=\"BOTICA PALO AZUL 150G - Aromas &amp; Sabores Naturales\" \/>\n<meta property=\"og:description\" content=\"Presentaci\u00f3n:\u00a0Caja de 75 g, bolsa de 150 g de palo azul.  Preparaci\u00f3n:\u00a01 cucharada sopera en un litro de agua fr\u00eda, dejar en remojo en la noche. A la ma\u00f1ana calentar hasta que rompa el hervor, colar y tomar el litro repartido en todo el d\u00eda.  &nbsp;\" \/>\n<meta property=\"og:url\" content=\"https:\/\/aromasysabores.net\/tienda\/producto\/botica-palo-azul-150g\/\" \/>\n<meta property=\"og:site_name\" content=\"Aromas &amp; Sabores Naturales\" \/>\n<meta property=\"article:modified_time\" content=\"2026-04-18T14:09:51+00:00\" \/>\n<meta property=\"og:image\" content=\"https:\/\/aromasysabores.net\/tienda\/wp-content\/uploads\/2020\/12\/PaloAzul.jpg\" \/>\n\t<meta property=\"og:image:width\" content=\"1720\" \/>\n\t<meta property=\"og:image:height\" content=\"1160\" \/>\n\t<meta property=\"og:image:type\" content=\"image\/jpeg\" \/>\n<meta name=\"twitter:card\" content=\"summary_large_image\" \/>\n<meta name=\"twitter:label1\" content=\"Tiempo de lectura\" \/>\n\t<meta name=\"twitter:data1\" content=\"1 minuto\" \/>\n<script type=\"application\/ld+json\" class=\"yoast-schema-graph\">{\"@context\":\"https:\/\/schema.org\",\"@graph\":[{\"@type\":\"WebPage\",\"@id\":\"https:\/\/aromasysabores.net\/tienda\/producto\/botica-palo-azul-150g\/\",\"url\":\"https:\/\/aromasysabores.net\/tienda\/producto\/botica-palo-azul-150g\/\",\"name\":\"BOTICA PALO AZUL 150G - Aromas &amp; Sabores Naturales\",\"isPartOf\":{\"@id\":\"https:\/\/aromasysabores.net\/tienda\/#website\"},\"primaryImageOfPage\":{\"@id\":\"https:\/\/aromasysabores.net\/tienda\/producto\/botica-palo-azul-150g\/#primaryimage\"},\"image\":{\"@id\":\"https:\/\/aromasysabores.net\/tienda\/producto\/botica-palo-azul-150g\/#primaryimage\"},\"thumbnailUrl\":\"https:\/\/aromasysabores.net\/tienda\/wp-content\/uploads\/2020\/12\/PaloAzul.jpg\",\"datePublished\":\"2020-12-22T05:55:34+00:00\",\"dateModified\":\"2026-04-18T14:09:51+00:00\",\"breadcrumb\":{\"@id\":\"https:\/\/aromasysabores.net\/tienda\/producto\/botica-palo-azul-150g\/#breadcrumb\"},\"inLanguage\":\"es\",\"potentialAction\":[{\"@type\":\"ReadAction\",\"target\":[\"https:\/\/aromasysabores.net\/tienda\/producto\/botica-palo-azul-150g\/\"]}]},{\"@type\":\"ImageObject\",\"inLanguage\":\"es\",\"@id\":\"https:\/\/aromasysabores.net\/tienda\/producto\/botica-palo-azul-150g\/#primaryimage\",\"url\":\"https:\/\/aromasysabores.net\/tienda\/wp-content\/uploads\/2020\/12\/PaloAzul.jpg\",\"contentUrl\":\"https:\/\/aromasysabores.net\/tienda\/wp-content\/uploads\/2020\/12\/PaloAzul.jpg\",\"width\":1720,\"height\":1160},{\"@type\":\"BreadcrumbList\",\"@id\":\"https:\/\/aromasysabores.net\/tienda\/producto\/botica-palo-azul-150g\/#breadcrumb\",\"itemListElement\":[{\"@type\":\"ListItem\",\"position\":1,\"name\":\"Portada\",\"item\":\"https:\/\/aromasysabores.net\/tienda\/\"},{\"@type\":\"ListItem\",\"position\":2,\"name\":\"Tienda Natural\",\"item\":\"https:\/\/aromasysabores.net\/tienda\/\"},{\"@type\":\"ListItem\",\"position\":3,\"name\":\"BOTICA PALO AZUL 150G\"}]},{\"@type\":\"WebSite\",\"@id\":\"https:\/\/aromasysabores.net\/tienda\/#website\",\"url\":\"https:\/\/aromasysabores.net\/tienda\/\",\"name\":\"Aromas &amp; Sabores Naturales\",\"description\":\"Tienda online natural\",\"potentialAction\":[{\"@type\":\"SearchAction\",\"target\":{\"@type\":\"EntryPoint\",\"urlTemplate\":\"https:\/\/aromasysabores.net\/tienda\/?s={search_term_string}\"},\"query-input\":{\"@type\":\"PropertyValueSpecification\",\"valueRequired\":true,\"valueName\":\"search_term_string\"}}],\"inLanguage\":\"es\"}]}<\/script>\n<!-- \/ Yoast SEO plugin. -->","yoast_head_json":{"title":"BOTICA PALO AZUL 150G - Aromas &amp; Sabores Naturales","robots":{"index":"index","follow":"follow","max-snippet":"max-snippet:-1","max-image-preview":"max-image-preview:large","max-video-preview":"max-video-preview:-1"},"canonical":"https:\/\/aromasysabores.net\/tienda\/producto\/botica-palo-azul-150g\/","og_locale":"es_ES","og_type":"article","og_title":"BOTICA PALO AZUL 150G - Aromas &amp; Sabores Naturales","og_description":"Presentaci\u00f3n:\u00a0Caja de 75 g, bolsa de 150 g de palo azul.  Preparaci\u00f3n:\u00a01 cucharada sopera en un litro de agua fr\u00eda, dejar en remojo en la noche. A la ma\u00f1ana calentar hasta que rompa el hervor, colar y tomar el litro repartido en todo el d\u00eda.  &nbsp;","og_url":"https:\/\/aromasysabores.net\/tienda\/producto\/botica-palo-azul-150g\/","og_site_name":"Aromas &amp; Sabores Naturales","article_modified_time":"2026-04-18T14:09:51+00:00","og_image":[{"width":1720,"height":1160,"url":"https:\/\/aromasysabores.net\/tienda\/wp-content\/uploads\/2020\/12\/PaloAzul.jpg","type":"image\/jpeg"}],"twitter_card":"summary_large_image","twitter_misc":{"Tiempo de lectura":"1 minuto"},"schema":{"@context":"https:\/\/schema.org","@graph":[{"@type":"WebPage","@id":"https:\/\/aromasysabores.net\/tienda\/producto\/botica-palo-azul-150g\/","url":"https:\/\/aromasysabores.net\/tienda\/producto\/botica-palo-azul-150g\/","name":"BOTICA PALO AZUL 150G - Aromas &amp; Sabores Naturales","isPartOf":{"@id":"https:\/\/aromasysabores.net\/tienda\/#website"},"primaryImageOfPage":{"@id":"https:\/\/aromasysabores.net\/tienda\/producto\/botica-palo-azul-150g\/#primaryimage"},"image":{"@id":"https:\/\/aromasysabores.net\/tienda\/producto\/botica-palo-azul-150g\/#primaryimage"},"thumbnailUrl":"https:\/\/aromasysabores.net\/tienda\/wp-content\/uploads\/2020\/12\/PaloAzul.jpg","datePublished":"2020-12-22T05:55:34+00:00","dateModified":"2026-04-18T14:09:51+00:00","breadcrumb":{"@id":"https:\/\/aromasysabores.net\/tienda\/producto\/botica-palo-azul-150g\/#breadcrumb"},"inLanguage":"es","potentialAction":[{"@type":"ReadAction","target":["https:\/\/aromasysabores.net\/tienda\/producto\/botica-palo-azul-150g\/"]}]},{"@type":"ImageObject","inLanguage":"es","@id":"https:\/\/aromasysabores.net\/tienda\/producto\/botica-palo-azul-150g\/#primaryimage","url":"https:\/\/aromasysabores.net\/tienda\/wp-content\/uploads\/2020\/12\/PaloAzul.jpg","contentUrl":"https:\/\/aromasysabores.net\/tienda\/wp-content\/uploads\/2020\/12\/PaloAzul.jpg","width":1720,"height":1160},{"@type":"BreadcrumbList","@id":"https:\/\/aromasysabores.net\/tienda\/producto\/botica-palo-azul-150g\/#breadcrumb","itemListElement":[{"@type":"ListItem","position":1,"name":"Portada","item":"https:\/\/aromasysabores.net\/tienda\/"},{"@type":"ListItem","position":2,"name":"Tienda Natural","item":"https:\/\/aromasysabores.net\/tienda\/"},{"@type":"ListItem","position":3,"name":"BOTICA PALO AZUL 150G"}]},{"@type":"WebSite","@id":"https:\/\/aromasysabores.net\/tienda\/#website","url":"https:\/\/aromasysabores.net\/tienda\/","name":"Aromas &amp; Sabores Naturales","description":"Tienda online natural","potentialAction":[{"@type":"SearchAction","target":{"@type":"EntryPoint","urlTemplate":"https:\/\/aromasysabores.net\/tienda\/?s={search_term_string}"},"query-input":{"@type":"PropertyValueSpecification","valueRequired":true,"valueName":"search_term_string"}}],"inLanguage":"es"}]}},"_links":{"self":[{"href":"https:\/\/aromasysabores.net\/tienda\/wp-json\/wp\/v2\/product\/25856","targetHints":{"allow":["GET"]}}],"collection":[{"href":"https:\/\/aromasysabores.net\/tienda\/wp-json\/wp\/v2\/product"}],"about":[{"href":"https:\/\/aromasysabores.net\/tienda\/wp-json\/wp\/v2\/types\/product"}],"wp:featuredmedia":[{"embeddable":true,"href":"https:\/\/aromasysabores.net\/tienda\/wp-json\/wp\/v2\/media\/29310"}],"wp:attachment":[{"href":"https:\/\/aromasysabores.net\/tienda\/wp-json\/wp\/v2\/media?parent=25856"}],"wp:term":[{"taxonomy":"product_brand","embeddable":true,"href":"https:\/\/aromasysabores.net\/tienda\/wp-json\/wp\/v2\/product_brand?post=25856"},{"taxonomy":"product_cat","embeddable":true,"href":"https:\/\/aromasysabores.net\/tienda\/wp-json\/wp\/v2\/product_cat?post=25856"},{"taxonomy":"product_tag","embeddable":true,"href":"https:\/\/aromasysabores.net\/tienda\/wp-json\/wp\/v2\/product_tag?post=25856"}],"curies":[{"name":"wp","href":"https:\/\/api.w.org\/{rel}","templated":true}]}}