
{"id":26713,"date":"2020-12-22T05:57:44","date_gmt":"2020-12-22T05:57:44","guid":{"rendered":"https:\/\/aromasysabores.net\/tienda\/producto\/lajusticia-colageno-con-magnesio-180cap\/"},"modified":"2026-03-16T18:26:35","modified_gmt":"2026-03-16T18:26:35","slug":"lajusticia-colageno-con-magnesio-180-cap","status":"publish","type":"product","link":"https:\/\/aromasysabores.net\/tienda\/producto\/lajusticia-colageno-con-magnesio-180-cap\/","title":{"rendered":"LAJUSTICIA COLAGENO CON MAGNESIO 180 CAP"},"content":{"rendered":"","protected":false},"excerpt":{"rendered":"<p>El col\u00e1geno es la prote\u00edna m\u00e1s abundante en el cuerpo humano, siendo el constituyente esencial de los cart\u00edlagos, tendones y huesos, por lo que su aporte nos ayuda a regenerar el desgaste y envejecimiento, y a mantener en buen estado nuestras articulaciones, huesos y piel. El Magnesio es un elemento que participa muy activamente en la formaci\u00f3n de todas las prote\u00ednas del organismo. As\u00ed mismo, su aporte adicional contribuye al funcionamiento normal de los m\u00fasculos. La piel requiere col\u00e1geno para su mantenimiento y para retrasar la aparici\u00f3n de arrugas. El cabello y las u\u00f1as lo necesitan para estar saludables.<\/p>\n","protected":false},"featured_media":29888,"template":"","meta":{"_joinchat":[]},"product_brand":[],"product_cat":[75],"product_tag":[],"class_list":{"0":"post-26713","1":"product","2":"type-product","3":"status-publish","4":"has-post-thumbnail","6":"product_cat-complementos-dieteticos","8":"first","9":"instock","10":"purchasable","11":"product-type-simple"},"yoast_head":"<!-- This site is optimized with the Yoast SEO plugin v26.7 - https:\/\/yoast.com\/wordpress\/plugins\/seo\/ -->\n<title>LAJUSTICIA COLAGENO CON MAGNESIO 180 CAP - Aromas &amp; Sabores Naturales<\/title>\n<meta name=\"robots\" content=\"index, follow, max-snippet:-1, max-image-preview:large, max-video-preview:-1\" \/>\n<link rel=\"canonical\" href=\"https:\/\/aromasysabores.net\/tienda\/producto\/lajusticia-colageno-con-magnesio-180-cap\/\" \/>\n<meta property=\"og:locale\" content=\"es_ES\" \/>\n<meta property=\"og:type\" content=\"article\" \/>\n<meta property=\"og:title\" content=\"LAJUSTICIA COLAGENO CON MAGNESIO 180 CAP - Aromas &amp; Sabores Naturales\" \/>\n<meta property=\"og:description\" content=\"El col\u00e1geno es la prote\u00edna m\u00e1s abundante en el cuerpo humano, siendo el constituyente esencial de los cart\u00edlagos, tendones y huesos, por lo que su aporte nos ayuda a regenerar el desgaste y envejecimiento, y a mantener en buen estado nuestras articulaciones, huesos y piel. El Magnesio es un elemento que participa muy activamente en la formaci\u00f3n de todas las prote\u00ednas del organismo. As\u00ed mismo, su aporte adicional contribuye al funcionamiento normal de los m\u00fasculos. La piel requiere col\u00e1geno para su mantenimiento y para retrasar la aparici\u00f3n de arrugas. El cabello y las u\u00f1as lo necesitan para estar saludables.\" \/>\n<meta property=\"og:url\" content=\"https:\/\/aromasysabores.net\/tienda\/producto\/lajusticia-colageno-con-magnesio-180-cap\/\" \/>\n<meta property=\"og:site_name\" content=\"Aromas &amp; Sabores Naturales\" \/>\n<meta property=\"article:modified_time\" content=\"2026-03-16T18:26:35+00:00\" \/>\n<meta property=\"og:image\" content=\"https:\/\/aromasysabores.net\/tienda\/wp-content\/uploads\/2020\/12\/LAJUSTICIA-COLAGENO-CON-MAGNESIO-180CAP.jpg\" \/>\n\t<meta property=\"og:image:width\" content=\"1200\" \/>\n\t<meta property=\"og:image:height\" content=\"1200\" \/>\n\t<meta property=\"og:image:type\" content=\"image\/jpeg\" \/>\n<meta name=\"twitter:card\" content=\"summary_large_image\" \/>\n<script type=\"application\/ld+json\" class=\"yoast-schema-graph\">{\"@context\":\"https:\/\/schema.org\",\"@graph\":[{\"@type\":\"WebPage\",\"@id\":\"https:\/\/aromasysabores.net\/tienda\/producto\/lajusticia-colageno-con-magnesio-180-cap\/\",\"url\":\"https:\/\/aromasysabores.net\/tienda\/producto\/lajusticia-colageno-con-magnesio-180-cap\/\",\"name\":\"LAJUSTICIA COLAGENO CON MAGNESIO 180 CAP - Aromas &amp; Sabores Naturales\",\"isPartOf\":{\"@id\":\"https:\/\/aromasysabores.net\/tienda\/#website\"},\"primaryImageOfPage\":{\"@id\":\"https:\/\/aromasysabores.net\/tienda\/producto\/lajusticia-colageno-con-magnesio-180-cap\/#primaryimage\"},\"image\":{\"@id\":\"https:\/\/aromasysabores.net\/tienda\/producto\/lajusticia-colageno-con-magnesio-180-cap\/#primaryimage\"},\"thumbnailUrl\":\"https:\/\/aromasysabores.net\/tienda\/wp-content\/uploads\/2020\/12\/LAJUSTICIA-COLAGENO-CON-MAGNESIO-180CAP.jpg\",\"datePublished\":\"2020-12-22T05:57:44+00:00\",\"dateModified\":\"2026-03-16T18:26:35+00:00\",\"breadcrumb\":{\"@id\":\"https:\/\/aromasysabores.net\/tienda\/producto\/lajusticia-colageno-con-magnesio-180-cap\/#breadcrumb\"},\"inLanguage\":\"es\",\"potentialAction\":[{\"@type\":\"ReadAction\",\"target\":[\"https:\/\/aromasysabores.net\/tienda\/producto\/lajusticia-colageno-con-magnesio-180-cap\/\"]}]},{\"@type\":\"ImageObject\",\"inLanguage\":\"es\",\"@id\":\"https:\/\/aromasysabores.net\/tienda\/producto\/lajusticia-colageno-con-magnesio-180-cap\/#primaryimage\",\"url\":\"https:\/\/aromasysabores.net\/tienda\/wp-content\/uploads\/2020\/12\/LAJUSTICIA-COLAGENO-CON-MAGNESIO-180CAP.jpg\",\"contentUrl\":\"https:\/\/aromasysabores.net\/tienda\/wp-content\/uploads\/2020\/12\/LAJUSTICIA-COLAGENO-CON-MAGNESIO-180CAP.jpg\",\"width\":1200,\"height\":1200},{\"@type\":\"BreadcrumbList\",\"@id\":\"https:\/\/aromasysabores.net\/tienda\/producto\/lajusticia-colageno-con-magnesio-180-cap\/#breadcrumb\",\"itemListElement\":[{\"@type\":\"ListItem\",\"position\":1,\"name\":\"Portada\",\"item\":\"https:\/\/aromasysabores.net\/tienda\/\"},{\"@type\":\"ListItem\",\"position\":2,\"name\":\"Tienda Natural\",\"item\":\"https:\/\/aromasysabores.net\/tienda\/\"},{\"@type\":\"ListItem\",\"position\":3,\"name\":\"LAJUSTICIA COLAGENO CON MAGNESIO 180 CAP\"}]},{\"@type\":\"WebSite\",\"@id\":\"https:\/\/aromasysabores.net\/tienda\/#website\",\"url\":\"https:\/\/aromasysabores.net\/tienda\/\",\"name\":\"Aromas &amp; Sabores Naturales\",\"description\":\"Tienda online natural\",\"potentialAction\":[{\"@type\":\"SearchAction\",\"target\":{\"@type\":\"EntryPoint\",\"urlTemplate\":\"https:\/\/aromasysabores.net\/tienda\/?s={search_term_string}\"},\"query-input\":{\"@type\":\"PropertyValueSpecification\",\"valueRequired\":true,\"valueName\":\"search_term_string\"}}],\"inLanguage\":\"es\"}]}<\/script>\n<!-- \/ Yoast SEO plugin. -->","yoast_head_json":{"title":"LAJUSTICIA COLAGENO CON MAGNESIO 180 CAP - Aromas &amp; Sabores Naturales","robots":{"index":"index","follow":"follow","max-snippet":"max-snippet:-1","max-image-preview":"max-image-preview:large","max-video-preview":"max-video-preview:-1"},"canonical":"https:\/\/aromasysabores.net\/tienda\/producto\/lajusticia-colageno-con-magnesio-180-cap\/","og_locale":"es_ES","og_type":"article","og_title":"LAJUSTICIA COLAGENO CON MAGNESIO 180 CAP - Aromas &amp; Sabores Naturales","og_description":"El col\u00e1geno es la prote\u00edna m\u00e1s abundante en el cuerpo humano, siendo el constituyente esencial de los cart\u00edlagos, tendones y huesos, por lo que su aporte nos ayuda a regenerar el desgaste y envejecimiento, y a mantener en buen estado nuestras articulaciones, huesos y piel. El Magnesio es un elemento que participa muy activamente en la formaci\u00f3n de todas las prote\u00ednas del organismo. As\u00ed mismo, su aporte adicional contribuye al funcionamiento normal de los m\u00fasculos. La piel requiere col\u00e1geno para su mantenimiento y para retrasar la aparici\u00f3n de arrugas. El cabello y las u\u00f1as lo necesitan para estar saludables.","og_url":"https:\/\/aromasysabores.net\/tienda\/producto\/lajusticia-colageno-con-magnesio-180-cap\/","og_site_name":"Aromas &amp; Sabores Naturales","article_modified_time":"2026-03-16T18:26:35+00:00","og_image":[{"width":1200,"height":1200,"url":"https:\/\/aromasysabores.net\/tienda\/wp-content\/uploads\/2020\/12\/LAJUSTICIA-COLAGENO-CON-MAGNESIO-180CAP.jpg","type":"image\/jpeg"}],"twitter_card":"summary_large_image","schema":{"@context":"https:\/\/schema.org","@graph":[{"@type":"WebPage","@id":"https:\/\/aromasysabores.net\/tienda\/producto\/lajusticia-colageno-con-magnesio-180-cap\/","url":"https:\/\/aromasysabores.net\/tienda\/producto\/lajusticia-colageno-con-magnesio-180-cap\/","name":"LAJUSTICIA COLAGENO CON MAGNESIO 180 CAP - Aromas &amp; Sabores Naturales","isPartOf":{"@id":"https:\/\/aromasysabores.net\/tienda\/#website"},"primaryImageOfPage":{"@id":"https:\/\/aromasysabores.net\/tienda\/producto\/lajusticia-colageno-con-magnesio-180-cap\/#primaryimage"},"image":{"@id":"https:\/\/aromasysabores.net\/tienda\/producto\/lajusticia-colageno-con-magnesio-180-cap\/#primaryimage"},"thumbnailUrl":"https:\/\/aromasysabores.net\/tienda\/wp-content\/uploads\/2020\/12\/LAJUSTICIA-COLAGENO-CON-MAGNESIO-180CAP.jpg","datePublished":"2020-12-22T05:57:44+00:00","dateModified":"2026-03-16T18:26:35+00:00","breadcrumb":{"@id":"https:\/\/aromasysabores.net\/tienda\/producto\/lajusticia-colageno-con-magnesio-180-cap\/#breadcrumb"},"inLanguage":"es","potentialAction":[{"@type":"ReadAction","target":["https:\/\/aromasysabores.net\/tienda\/producto\/lajusticia-colageno-con-magnesio-180-cap\/"]}]},{"@type":"ImageObject","inLanguage":"es","@id":"https:\/\/aromasysabores.net\/tienda\/producto\/lajusticia-colageno-con-magnesio-180-cap\/#primaryimage","url":"https:\/\/aromasysabores.net\/tienda\/wp-content\/uploads\/2020\/12\/LAJUSTICIA-COLAGENO-CON-MAGNESIO-180CAP.jpg","contentUrl":"https:\/\/aromasysabores.net\/tienda\/wp-content\/uploads\/2020\/12\/LAJUSTICIA-COLAGENO-CON-MAGNESIO-180CAP.jpg","width":1200,"height":1200},{"@type":"BreadcrumbList","@id":"https:\/\/aromasysabores.net\/tienda\/producto\/lajusticia-colageno-con-magnesio-180-cap\/#breadcrumb","itemListElement":[{"@type":"ListItem","position":1,"name":"Portada","item":"https:\/\/aromasysabores.net\/tienda\/"},{"@type":"ListItem","position":2,"name":"Tienda Natural","item":"https:\/\/aromasysabores.net\/tienda\/"},{"@type":"ListItem","position":3,"name":"LAJUSTICIA COLAGENO CON MAGNESIO 180 CAP"}]},{"@type":"WebSite","@id":"https:\/\/aromasysabores.net\/tienda\/#website","url":"https:\/\/aromasysabores.net\/tienda\/","name":"Aromas &amp; Sabores Naturales","description":"Tienda online natural","potentialAction":[{"@type":"SearchAction","target":{"@type":"EntryPoint","urlTemplate":"https:\/\/aromasysabores.net\/tienda\/?s={search_term_string}"},"query-input":{"@type":"PropertyValueSpecification","valueRequired":true,"valueName":"search_term_string"}}],"inLanguage":"es"}]}},"_links":{"self":[{"href":"https:\/\/aromasysabores.net\/tienda\/wp-json\/wp\/v2\/product\/26713","targetHints":{"allow":["GET"]}}],"collection":[{"href":"https:\/\/aromasysabores.net\/tienda\/wp-json\/wp\/v2\/product"}],"about":[{"href":"https:\/\/aromasysabores.net\/tienda\/wp-json\/wp\/v2\/types\/product"}],"wp:featuredmedia":[{"embeddable":true,"href":"https:\/\/aromasysabores.net\/tienda\/wp-json\/wp\/v2\/media\/29888"}],"wp:attachment":[{"href":"https:\/\/aromasysabores.net\/tienda\/wp-json\/wp\/v2\/media?parent=26713"}],"wp:term":[{"taxonomy":"product_brand","embeddable":true,"href":"https:\/\/aromasysabores.net\/tienda\/wp-json\/wp\/v2\/product_brand?post=26713"},{"taxonomy":"product_cat","embeddable":true,"href":"https:\/\/aromasysabores.net\/tienda\/wp-json\/wp\/v2\/product_cat?post=26713"},{"taxonomy":"product_tag","embeddable":true,"href":"https:\/\/aromasysabores.net\/tienda\/wp-json\/wp\/v2\/product_tag?post=26713"}],"curies":[{"name":"wp","href":"https:\/\/api.w.org\/{rel}","templated":true}]}}