
{"id":27192,"date":"2020-12-22T05:58:34","date_gmt":"2020-12-22T05:58:34","guid":{"rendered":"https:\/\/aromasysabores.net\/tienda\/producto\/mg-gel-de-ducha-y-champu-ph-5-5350ml\/"},"modified":"2026-04-18T14:08:05","modified_gmt":"2026-04-18T14:08:05","slug":"mg-gel-de-ducha-y-champu-ph-5-53-ml","status":"publish","type":"product","link":"https:\/\/aromasysabores.net\/tienda\/producto\/mg-gel-de-ducha-y-champu-ph-5-53-ml\/","title":{"rendered":"MG GEL DE DUCHA Y CHAMPU PH 5.53 ML"},"content":{"rendered":"<p>DERMATOL\u00d3GICAMENTE TESTEADO<\/p>\n<p><strong>Composici\u00f3n:\u00a0<\/strong>Dietanolamida de Coco, Tensoactivos.<\/p>\n<p><strong>Aplicaci\u00f3n:<\/strong>\u00a0En la ducha diaria como champ\u00fa para el cabello y gel de ducha para todo el cuerpo.<\/p>\n","protected":false},"excerpt":{"rendered":"<p>Es un gel de ducha para el cuerpo y champ\u00fa para el cabello que conserva la barrera protectora de la piel y mantiene el pH ideal de 5.5. Es especial para beb\u00e9s, pieles sensibles y para el uso diario sin da\u00f1ar el cabello.<\/p>\n","protected":false},"featured_media":29863,"template":"","meta":{"_joinchat":[]},"product_brand":[],"product_cat":[159],"product_tag":[],"class_list":{"0":"post-27192","1":"product","2":"type-product","3":"status-publish","4":"has-post-thumbnail","6":"product_cat-estetica","8":"first","9":"outofstock","10":"purchasable","11":"product-type-simple"},"yoast_head":"<!-- This site is optimized with the Yoast SEO plugin v26.7 - https:\/\/yoast.com\/wordpress\/plugins\/seo\/ -->\n<title>MG GEL DE DUCHA Y CHAMPU PH 5.53 ML - Aromas &amp; Sabores Naturales<\/title>\n<meta name=\"robots\" content=\"index, follow, max-snippet:-1, max-image-preview:large, max-video-preview:-1\" \/>\n<link rel=\"canonical\" href=\"https:\/\/aromasysabores.net\/tienda\/producto\/mg-gel-de-ducha-y-champu-ph-5-53-ml\/\" \/>\n<meta property=\"og:locale\" content=\"es_ES\" \/>\n<meta property=\"og:type\" content=\"article\" \/>\n<meta property=\"og:title\" content=\"MG GEL DE DUCHA Y CHAMPU PH 5.53 ML - Aromas &amp; Sabores Naturales\" \/>\n<meta property=\"og:description\" content=\"Es un gel de ducha para el cuerpo y champ\u00fa para el cabello que conserva la barrera protectora de la piel y mantiene el pH ideal de 5.5. Es especial para beb\u00e9s, pieles sensibles y para el uso diario sin da\u00f1ar el cabello.\" \/>\n<meta property=\"og:url\" content=\"https:\/\/aromasysabores.net\/tienda\/producto\/mg-gel-de-ducha-y-champu-ph-5-53-ml\/\" \/>\n<meta property=\"og:site_name\" content=\"Aromas &amp; Sabores Naturales\" \/>\n<meta property=\"article:modified_time\" content=\"2026-04-18T14:08:05+00:00\" \/>\n<meta property=\"og:image\" content=\"https:\/\/aromasysabores.net\/tienda\/wp-content\/uploads\/2020\/12\/MG-GEL-DE-DUCHA-Y-CHAMPU-PH-5.5350ML.jpg\" \/>\n\t<meta property=\"og:image:width\" content=\"800\" \/>\n\t<meta property=\"og:image:height\" content=\"800\" \/>\n\t<meta property=\"og:image:type\" content=\"image\/jpeg\" \/>\n<meta name=\"twitter:card\" content=\"summary_large_image\" \/>\n<meta name=\"twitter:label1\" content=\"Tiempo de lectura\" \/>\n\t<meta name=\"twitter:data1\" content=\"1 minuto\" \/>\n<script type=\"application\/ld+json\" class=\"yoast-schema-graph\">{\"@context\":\"https:\/\/schema.org\",\"@graph\":[{\"@type\":\"WebPage\",\"@id\":\"https:\/\/aromasysabores.net\/tienda\/producto\/mg-gel-de-ducha-y-champu-ph-5-53-ml\/\",\"url\":\"https:\/\/aromasysabores.net\/tienda\/producto\/mg-gel-de-ducha-y-champu-ph-5-53-ml\/\",\"name\":\"MG GEL DE DUCHA Y CHAMPU PH 5.53 ML - Aromas &amp; Sabores Naturales\",\"isPartOf\":{\"@id\":\"https:\/\/aromasysabores.net\/tienda\/#website\"},\"primaryImageOfPage\":{\"@id\":\"https:\/\/aromasysabores.net\/tienda\/producto\/mg-gel-de-ducha-y-champu-ph-5-53-ml\/#primaryimage\"},\"image\":{\"@id\":\"https:\/\/aromasysabores.net\/tienda\/producto\/mg-gel-de-ducha-y-champu-ph-5-53-ml\/#primaryimage\"},\"thumbnailUrl\":\"https:\/\/aromasysabores.net\/tienda\/wp-content\/uploads\/2020\/12\/MG-GEL-DE-DUCHA-Y-CHAMPU-PH-5.5350ML.jpg\",\"datePublished\":\"2020-12-22T05:58:34+00:00\",\"dateModified\":\"2026-04-18T14:08:05+00:00\",\"breadcrumb\":{\"@id\":\"https:\/\/aromasysabores.net\/tienda\/producto\/mg-gel-de-ducha-y-champu-ph-5-53-ml\/#breadcrumb\"},\"inLanguage\":\"es\",\"potentialAction\":[{\"@type\":\"ReadAction\",\"target\":[\"https:\/\/aromasysabores.net\/tienda\/producto\/mg-gel-de-ducha-y-champu-ph-5-53-ml\/\"]}]},{\"@type\":\"ImageObject\",\"inLanguage\":\"es\",\"@id\":\"https:\/\/aromasysabores.net\/tienda\/producto\/mg-gel-de-ducha-y-champu-ph-5-53-ml\/#primaryimage\",\"url\":\"https:\/\/aromasysabores.net\/tienda\/wp-content\/uploads\/2020\/12\/MG-GEL-DE-DUCHA-Y-CHAMPU-PH-5.5350ML.jpg\",\"contentUrl\":\"https:\/\/aromasysabores.net\/tienda\/wp-content\/uploads\/2020\/12\/MG-GEL-DE-DUCHA-Y-CHAMPU-PH-5.5350ML.jpg\",\"width\":800,\"height\":800},{\"@type\":\"BreadcrumbList\",\"@id\":\"https:\/\/aromasysabores.net\/tienda\/producto\/mg-gel-de-ducha-y-champu-ph-5-53-ml\/#breadcrumb\",\"itemListElement\":[{\"@type\":\"ListItem\",\"position\":1,\"name\":\"Portada\",\"item\":\"https:\/\/aromasysabores.net\/tienda\/\"},{\"@type\":\"ListItem\",\"position\":2,\"name\":\"Tienda Natural\",\"item\":\"https:\/\/aromasysabores.net\/tienda\/\"},{\"@type\":\"ListItem\",\"position\":3,\"name\":\"MG GEL DE DUCHA Y CHAMPU PH 5.53 ML\"}]},{\"@type\":\"WebSite\",\"@id\":\"https:\/\/aromasysabores.net\/tienda\/#website\",\"url\":\"https:\/\/aromasysabores.net\/tienda\/\",\"name\":\"Aromas &amp; Sabores Naturales\",\"description\":\"Tienda online natural\",\"potentialAction\":[{\"@type\":\"SearchAction\",\"target\":{\"@type\":\"EntryPoint\",\"urlTemplate\":\"https:\/\/aromasysabores.net\/tienda\/?s={search_term_string}\"},\"query-input\":{\"@type\":\"PropertyValueSpecification\",\"valueRequired\":true,\"valueName\":\"search_term_string\"}}],\"inLanguage\":\"es\"}]}<\/script>\n<!-- \/ Yoast SEO plugin. -->","yoast_head_json":{"title":"MG GEL DE DUCHA Y CHAMPU PH 5.53 ML - Aromas &amp; Sabores Naturales","robots":{"index":"index","follow":"follow","max-snippet":"max-snippet:-1","max-image-preview":"max-image-preview:large","max-video-preview":"max-video-preview:-1"},"canonical":"https:\/\/aromasysabores.net\/tienda\/producto\/mg-gel-de-ducha-y-champu-ph-5-53-ml\/","og_locale":"es_ES","og_type":"article","og_title":"MG GEL DE DUCHA Y CHAMPU PH 5.53 ML - Aromas &amp; Sabores Naturales","og_description":"Es un gel de ducha para el cuerpo y champ\u00fa para el cabello que conserva la barrera protectora de la piel y mantiene el pH ideal de 5.5. Es especial para beb\u00e9s, pieles sensibles y para el uso diario sin da\u00f1ar el cabello.","og_url":"https:\/\/aromasysabores.net\/tienda\/producto\/mg-gel-de-ducha-y-champu-ph-5-53-ml\/","og_site_name":"Aromas &amp; Sabores Naturales","article_modified_time":"2026-04-18T14:08:05+00:00","og_image":[{"width":800,"height":800,"url":"https:\/\/aromasysabores.net\/tienda\/wp-content\/uploads\/2020\/12\/MG-GEL-DE-DUCHA-Y-CHAMPU-PH-5.5350ML.jpg","type":"image\/jpeg"}],"twitter_card":"summary_large_image","twitter_misc":{"Tiempo de lectura":"1 minuto"},"schema":{"@context":"https:\/\/schema.org","@graph":[{"@type":"WebPage","@id":"https:\/\/aromasysabores.net\/tienda\/producto\/mg-gel-de-ducha-y-champu-ph-5-53-ml\/","url":"https:\/\/aromasysabores.net\/tienda\/producto\/mg-gel-de-ducha-y-champu-ph-5-53-ml\/","name":"MG GEL DE DUCHA Y CHAMPU PH 5.53 ML - Aromas &amp; Sabores Naturales","isPartOf":{"@id":"https:\/\/aromasysabores.net\/tienda\/#website"},"primaryImageOfPage":{"@id":"https:\/\/aromasysabores.net\/tienda\/producto\/mg-gel-de-ducha-y-champu-ph-5-53-ml\/#primaryimage"},"image":{"@id":"https:\/\/aromasysabores.net\/tienda\/producto\/mg-gel-de-ducha-y-champu-ph-5-53-ml\/#primaryimage"},"thumbnailUrl":"https:\/\/aromasysabores.net\/tienda\/wp-content\/uploads\/2020\/12\/MG-GEL-DE-DUCHA-Y-CHAMPU-PH-5.5350ML.jpg","datePublished":"2020-12-22T05:58:34+00:00","dateModified":"2026-04-18T14:08:05+00:00","breadcrumb":{"@id":"https:\/\/aromasysabores.net\/tienda\/producto\/mg-gel-de-ducha-y-champu-ph-5-53-ml\/#breadcrumb"},"inLanguage":"es","potentialAction":[{"@type":"ReadAction","target":["https:\/\/aromasysabores.net\/tienda\/producto\/mg-gel-de-ducha-y-champu-ph-5-53-ml\/"]}]},{"@type":"ImageObject","inLanguage":"es","@id":"https:\/\/aromasysabores.net\/tienda\/producto\/mg-gel-de-ducha-y-champu-ph-5-53-ml\/#primaryimage","url":"https:\/\/aromasysabores.net\/tienda\/wp-content\/uploads\/2020\/12\/MG-GEL-DE-DUCHA-Y-CHAMPU-PH-5.5350ML.jpg","contentUrl":"https:\/\/aromasysabores.net\/tienda\/wp-content\/uploads\/2020\/12\/MG-GEL-DE-DUCHA-Y-CHAMPU-PH-5.5350ML.jpg","width":800,"height":800},{"@type":"BreadcrumbList","@id":"https:\/\/aromasysabores.net\/tienda\/producto\/mg-gel-de-ducha-y-champu-ph-5-53-ml\/#breadcrumb","itemListElement":[{"@type":"ListItem","position":1,"name":"Portada","item":"https:\/\/aromasysabores.net\/tienda\/"},{"@type":"ListItem","position":2,"name":"Tienda Natural","item":"https:\/\/aromasysabores.net\/tienda\/"},{"@type":"ListItem","position":3,"name":"MG GEL DE DUCHA Y CHAMPU PH 5.53 ML"}]},{"@type":"WebSite","@id":"https:\/\/aromasysabores.net\/tienda\/#website","url":"https:\/\/aromasysabores.net\/tienda\/","name":"Aromas &amp; Sabores Naturales","description":"Tienda online natural","potentialAction":[{"@type":"SearchAction","target":{"@type":"EntryPoint","urlTemplate":"https:\/\/aromasysabores.net\/tienda\/?s={search_term_string}"},"query-input":{"@type":"PropertyValueSpecification","valueRequired":true,"valueName":"search_term_string"}}],"inLanguage":"es"}]}},"_links":{"self":[{"href":"https:\/\/aromasysabores.net\/tienda\/wp-json\/wp\/v2\/product\/27192","targetHints":{"allow":["GET"]}}],"collection":[{"href":"https:\/\/aromasysabores.net\/tienda\/wp-json\/wp\/v2\/product"}],"about":[{"href":"https:\/\/aromasysabores.net\/tienda\/wp-json\/wp\/v2\/types\/product"}],"wp:featuredmedia":[{"embeddable":true,"href":"https:\/\/aromasysabores.net\/tienda\/wp-json\/wp\/v2\/media\/29863"}],"wp:attachment":[{"href":"https:\/\/aromasysabores.net\/tienda\/wp-json\/wp\/v2\/media?parent=27192"}],"wp:term":[{"taxonomy":"product_brand","embeddable":true,"href":"https:\/\/aromasysabores.net\/tienda\/wp-json\/wp\/v2\/product_brand?post=27192"},{"taxonomy":"product_cat","embeddable":true,"href":"https:\/\/aromasysabores.net\/tienda\/wp-json\/wp\/v2\/product_cat?post=27192"},{"taxonomy":"product_tag","embeddable":true,"href":"https:\/\/aromasysabores.net\/tienda\/wp-json\/wp\/v2\/product_tag?post=27192"}],"curies":[{"name":"wp","href":"https:\/\/api.w.org\/{rel}","templated":true}]}}