
{"id":27213,"date":"2020-12-22T05:58:36","date_gmt":"2020-12-22T05:58:36","guid":{"rendered":"https:\/\/aromasysabores.net\/tienda\/producto\/dona-pura-miel-de-pradera-1kg\/"},"modified":"2026-03-16T18:32:29","modified_gmt":"2026-03-16T18:32:29","slug":"dona-pura-miel-de-pradera-1kg","status":"publish","type":"product","link":"https:\/\/aromasysabores.net\/tienda\/producto\/dona-pura-miel-de-pradera-1kg\/","title":{"rendered":"DO\u00d1A PURA MIEL DE PRADERA 1KG"},"content":{"rendered":"<p>El prop\u00f3leo es una sustancia producida por las abejas, a partir de las resinas de los \u00e1rboles.<br \/>\nEllas lo usan para defenderse contra los virus y las bacterias, ya que act\u00faa como antis\u00e9ptico, antiviral y antinflamatorio.<br \/>\nDesde siempre se ha usado el prop\u00f3leo para tratar los catarros de las v\u00edas respiratorias altas, el resfriado com\u00fan, la gripe, la sinusitis, la otitis, la laringitis, la bronquitis, el asma bronquial, la neumon\u00eda cr\u00f3nica e incluso la tuberculosis pulmonar. Del mismo modo, el prop\u00f3leo se usa tambi\u00e9n en el \u00e1mbito de la dermatolog\u00eda, para el tratamiento de abscesos, for\u00fanculos, saba\u00f1ones, grietas o verrugas.<\/p>\n<ul>\n<li>El polen es un superalimento con valores nutricionales muy completos y provechosos para la salud. Entre estos, se destacan su capacidad para mejorar el rendimiento f\u00edsico e intelectual, subir las defensas y combatir los d\u00e9ficits nutricionales.<\/li>\n<li>El polen es un alimento que se recoge de la colmena de las abejas, las cuales lo toman de las plantas y lo transportan a su panal en forma de gr\u00e1nulos anaranjados que elaboran ellas mismas. Se destaca por contener casi todos los nutrientes que necesita el ser humano; es el \u00fanico alimento que contiene los 22 amino\u00e1cidos esenciales.<\/li>\n<li>El polen contiene una gran cantidad de nutrientes. Entre ellos, se encuentran:<br \/>\nVitaminas A, D, E, B1, B2, B6, \u00e1cido nicot\u00ednico, \u00e1cido panton\u00e9nico, C, K, colina y rutina. Es uno de los alimentos m\u00e1s ricos en vitaminas que existen.<\/li>\n<li>Minerales como oligoelementos: sodio, potasio, magnesio, calcio, aluminio, hierro, cobre, zinc, manganeso, plomo, s\u00edlice, f\u00f3sforo, cloro y azufre.<\/li>\n<li>Enzimas: diastasa, amilasa, catalasa, diaforasa, pectasa, dihidrogenasa l\u00e1ctica, fosfatasa y sacarosa.<\/li>\n<li>Amino\u00e1cidos: alanina, arginina, cistina, glicina, histidina, isoleucina, lisina, fenilalanina, tript\u00f3fano, etc.<\/li>\n<li>El consumo diario de polen aporta los siguientes beneficios a nuestra salud:<\/li>\n<li>Aumenta la resistencia f\u00edsica, reduce la fatiga y facilita la recuperaci\u00f3n despu\u00e9s de una convalecencia.<\/li>\n<li>Mejora la irrigaci\u00f3n cerebral y la capacidad intelectual.<\/li>\n<li>Regula el sistema nervioso, mejora el estado de \u00e1nimo y reduce el estr\u00e9s.<\/li>\n<li>Mejora el sistema digestivo y combate la falta de apetito; adem\u00e1s, favorece y regenera la flora bacteriana intestinal.<\/li>\n<li>Mejora la visi\u00f3n, gracias a su contenido en riboflavina.<\/li>\n<li>Estimula el sistema inmunitario y sube las defensas.<\/li>\n<li>Compensa la hipotensi\u00f3n de manera gradual y natural.<\/li>\n<li>Favorece el desarrollo y crecimiento de los ni\u00f1os.<\/li>\n<li>Regula los niveles de triglic\u00e9ridos y colesterol en sangre y equilibra el pH sangu\u00edneo.<\/li>\n<li>Es un excelente suplemento protector para pacientes con c\u00e1ncer que est\u00e1n someti\u00e9ndose a quimioterapia o radioterapia.<\/li>\n<li>Mejora la potencia sexual y combate la impotencia y la frigidez.<\/li>\n<li>Mejora el sistema circulatorio y cardiovascular.<\/li>\n<li>Reduce la inflamaci\u00f3n de pr\u00f3stata o prostatitis, gracias a su contenido en zinc y hormonas sexuales.<\/li>\n<li>Detiene la ca\u00edda del cabello en algunos casos, gracias a su contenido en cistina, un nutriente que aumenta el sistema piloso.<\/li>\n<li>Combate la rinitis al\u00e9rgica, a largo plazo.<\/li>\n<li>Por medio de la recolecci\u00f3n del polen, las abejas aseguran la polinizaci\u00f3n de la mayor\u00eda de las flores, as\u00ed como la maduraci\u00f3n de sus frutos.<\/li>\n<\/ul>\n<h3>El consumo de miel natural reduce el estr\u00e9s metab\u00f3lico<\/h3>\n<p>El consumo de miel ayuda con las alergias al polen.<br \/>\nTodo estr\u00e9s, sea emocional, psicol\u00f3gico o fisiol\u00f3gico se traduce en el cuerpo como estr\u00e9s metab\u00f3lico. Una funci\u00f3n de la gl\u00e1ndula suprarrenal es producir adrenalina y cortisol, que estimula la descomposici\u00f3n de la prote\u00edna muscular en amino\u00e1cidos para hacer nuevos az\u00facares.<br \/>\nEsto ocurre cuando el cerebro piensa que est\u00e1 en peligro de quedarse sin combustible, por ejemplo cuando se realiza ejercicio f\u00edsico o durante el sue\u00f1o nocturno.<br \/>\nAyuda a tu h\u00edgado a estar sano<br \/>\nLa miel natural produce gluc\u00f3geno en el h\u00edgado, que es la reserva de la energ\u00eda que necesita el cerebro para su normal funcionamiento. Tendremos reservas suficientes de gluc\u00f3geno si consumimos miel natural en el desayuno, antes de acostarnos y a intervalos regulares durante todo el d\u00eda (especialmente antes y despu\u00e9s de hacer ejercicio), estas reservas de gluc\u00f3geno del h\u00edgado evitar\u00e1 la liberaci\u00f3n de hormonas del estr\u00e9s.<\/p>\n<h3>La miel natural promueve la recuperaci\u00f3n del sue\u00f1o<\/h3>\n<p>Si consumimos miel antes de acostarnos, almacenamos gluc\u00f3geno en el h\u00edgado, que lo ir\u00e1 suministrando a la sangre cuando lo necesite el cerebro, evitando que \u00e9ste desencadene la crisis cuando detecta niveles bajos de gluc\u00f3geno.<br \/>\nAdem\u00e1s, consumir miel natural estimula la relajaci\u00f3n nocturna y el sue\u00f1o. El az\u00facar natural que contiene la miel produce una ligera secreci\u00f3n de insulina, lo que permite al tript\u00f3fano entrar en el cerebro con m\u00e1s facilidad y as\u00ed permitir la secreci\u00f3n de melatonina, una hormona vital para la regulaci\u00f3n diaria del sue\u00f1o-vigilia.<br \/>\nAntes de dormir una cucharadita combate el insomnio<br \/>\nPor ello es muy recomendable consumir una cucharada de miel con un vaso de leche caliente (que contiene tript\u00f3fano) antes de acostarse, para tener un sue\u00f1o reparador.<br \/>\nLa melatonina adem\u00e1s regula los ritmos card\u00edacos, ayuda a mejorar la inmunidad y facilita la reconstrucci\u00f3n de los tejidos durante la noche.<\/p>\n<h3>Estimulante del sistema inmunol\u00f3gico<\/h3>\n<p>Tiene propiedades antibacterianas y antif\u00fangicas por lo tanto es ideal para estimular el sistema inmunol\u00f3gico, no s\u00f3lo cuando se es ingerida, sino tambi\u00e9n cuando se aplica t\u00f3picamente sobre la piel.<br \/>\nEstas propiedades ayudan a que las heridas y cortes est\u00e9n limpios y a mantenerlos libres de infecci\u00f3n, por lo que es un buen antis\u00e9ptico natural.<br \/>\nFinalmente como se puede ver, la miel natural es uno de los alimentos m\u00e1s puros, naturales y con mayor cantidad de beneficios sobre nuestra salud, y todav\u00eda hoy d\u00eda se est\u00e1n haciendo muchas m\u00e1s investigaciones cient\u00edficas al respecto porque se piensa que a\u00fan hay m\u00e1s beneficios importantes que no han podido ser corroborados.<\/p>\n","protected":false},"excerpt":{"rendered":"<p>El prop\u00f3leo es una sustancia producida por las abejas, a partir de las resinas de los \u00e1rboles. Ellas lo usan para defenderse contra los virus y las bacterias, ya que act\u00faa como antis\u00e9ptico, antiviral y antinflamatorio. Desde siempre se ha usado el prop\u00f3leo para tratar los catarros de las v\u00edas respiratorias altas, el resfriado com\u00fan,<\/p>\n","protected":false},"featured_media":30322,"template":"","meta":{"_joinchat":[]},"product_brand":[],"product_cat":[155],"product_tag":[],"class_list":{"0":"post-27213","1":"product","2":"type-product","3":"status-publish","4":"has-post-thumbnail","6":"product_cat-miel-y-derivado","8":"first","9":"instock","10":"purchasable","11":"product-type-simple"},"yoast_head":"<!-- This site is optimized with the Yoast SEO plugin v26.7 - https:\/\/yoast.com\/wordpress\/plugins\/seo\/ -->\n<title>DO\u00d1A PURA MIEL DE PRADERA 1KG - Aromas &amp; Sabores Naturales<\/title>\n<meta name=\"robots\" content=\"index, follow, max-snippet:-1, max-image-preview:large, max-video-preview:-1\" \/>\n<link rel=\"canonical\" href=\"https:\/\/aromasysabores.net\/tienda\/producto\/dona-pura-miel-de-pradera-1kg\/\" \/>\n<meta property=\"og:locale\" content=\"es_ES\" \/>\n<meta property=\"og:type\" content=\"article\" \/>\n<meta property=\"og:title\" content=\"DO\u00d1A PURA MIEL DE PRADERA 1KG - Aromas &amp; Sabores Naturales\" \/>\n<meta property=\"og:description\" content=\"El prop\u00f3leo es una sustancia producida por las abejas, a partir de las resinas de los \u00e1rboles. Ellas lo usan para defenderse contra los virus y las bacterias, ya que act\u00faa como antis\u00e9ptico, antiviral y antinflamatorio. Desde siempre se ha usado el prop\u00f3leo para tratar los catarros de las v\u00edas respiratorias altas, el resfriado com\u00fan,\" \/>\n<meta property=\"og:url\" content=\"https:\/\/aromasysabores.net\/tienda\/producto\/dona-pura-miel-de-pradera-1kg\/\" \/>\n<meta property=\"og:site_name\" content=\"Aromas &amp; Sabores Naturales\" \/>\n<meta property=\"article:modified_time\" content=\"2026-03-16T18:32:29+00:00\" \/>\n<meta property=\"og:image\" content=\"https:\/\/aromasysabores.net\/tienda\/wp-content\/uploads\/2020\/12\/IMG_1701.jpg\" \/>\n\t<meta property=\"og:image:width\" content=\"800\" \/>\n\t<meta property=\"og:image:height\" content=\"800\" \/>\n\t<meta property=\"og:image:type\" content=\"image\/jpeg\" \/>\n<meta name=\"twitter:card\" content=\"summary_large_image\" \/>\n<meta name=\"twitter:label1\" content=\"Tiempo de lectura\" \/>\n\t<meta name=\"twitter:data1\" content=\"4 minutos\" \/>\n<script type=\"application\/ld+json\" class=\"yoast-schema-graph\">{\"@context\":\"https:\/\/schema.org\",\"@graph\":[{\"@type\":\"WebPage\",\"@id\":\"https:\/\/aromasysabores.net\/tienda\/producto\/dona-pura-miel-de-pradera-1kg\/\",\"url\":\"https:\/\/aromasysabores.net\/tienda\/producto\/dona-pura-miel-de-pradera-1kg\/\",\"name\":\"DO\u00d1A PURA MIEL DE PRADERA 1KG - Aromas &amp; Sabores Naturales\",\"isPartOf\":{\"@id\":\"https:\/\/aromasysabores.net\/tienda\/#website\"},\"primaryImageOfPage\":{\"@id\":\"https:\/\/aromasysabores.net\/tienda\/producto\/dona-pura-miel-de-pradera-1kg\/#primaryimage\"},\"image\":{\"@id\":\"https:\/\/aromasysabores.net\/tienda\/producto\/dona-pura-miel-de-pradera-1kg\/#primaryimage\"},\"thumbnailUrl\":\"https:\/\/aromasysabores.net\/tienda\/wp-content\/uploads\/2020\/12\/IMG_1701.jpg\",\"datePublished\":\"2020-12-22T05:58:36+00:00\",\"dateModified\":\"2026-03-16T18:32:29+00:00\",\"breadcrumb\":{\"@id\":\"https:\/\/aromasysabores.net\/tienda\/producto\/dona-pura-miel-de-pradera-1kg\/#breadcrumb\"},\"inLanguage\":\"es\",\"potentialAction\":[{\"@type\":\"ReadAction\",\"target\":[\"https:\/\/aromasysabores.net\/tienda\/producto\/dona-pura-miel-de-pradera-1kg\/\"]}]},{\"@type\":\"ImageObject\",\"inLanguage\":\"es\",\"@id\":\"https:\/\/aromasysabores.net\/tienda\/producto\/dona-pura-miel-de-pradera-1kg\/#primaryimage\",\"url\":\"https:\/\/aromasysabores.net\/tienda\/wp-content\/uploads\/2020\/12\/IMG_1701.jpg\",\"contentUrl\":\"https:\/\/aromasysabores.net\/tienda\/wp-content\/uploads\/2020\/12\/IMG_1701.jpg\",\"width\":800,\"height\":800},{\"@type\":\"BreadcrumbList\",\"@id\":\"https:\/\/aromasysabores.net\/tienda\/producto\/dona-pura-miel-de-pradera-1kg\/#breadcrumb\",\"itemListElement\":[{\"@type\":\"ListItem\",\"position\":1,\"name\":\"Portada\",\"item\":\"https:\/\/aromasysabores.net\/tienda\/\"},{\"@type\":\"ListItem\",\"position\":2,\"name\":\"Tienda Natural\",\"item\":\"https:\/\/aromasysabores.net\/tienda\/\"},{\"@type\":\"ListItem\",\"position\":3,\"name\":\"DO\u00d1A PURA MIEL DE PRADERA 1KG\"}]},{\"@type\":\"WebSite\",\"@id\":\"https:\/\/aromasysabores.net\/tienda\/#website\",\"url\":\"https:\/\/aromasysabores.net\/tienda\/\",\"name\":\"Aromas &amp; Sabores Naturales\",\"description\":\"Tienda online natural\",\"potentialAction\":[{\"@type\":\"SearchAction\",\"target\":{\"@type\":\"EntryPoint\",\"urlTemplate\":\"https:\/\/aromasysabores.net\/tienda\/?s={search_term_string}\"},\"query-input\":{\"@type\":\"PropertyValueSpecification\",\"valueRequired\":true,\"valueName\":\"search_term_string\"}}],\"inLanguage\":\"es\"}]}<\/script>\n<!-- \/ Yoast SEO plugin. -->","yoast_head_json":{"title":"DO\u00d1A PURA MIEL DE PRADERA 1KG - Aromas &amp; Sabores Naturales","robots":{"index":"index","follow":"follow","max-snippet":"max-snippet:-1","max-image-preview":"max-image-preview:large","max-video-preview":"max-video-preview:-1"},"canonical":"https:\/\/aromasysabores.net\/tienda\/producto\/dona-pura-miel-de-pradera-1kg\/","og_locale":"es_ES","og_type":"article","og_title":"DO\u00d1A PURA MIEL DE PRADERA 1KG - Aromas &amp; Sabores Naturales","og_description":"El prop\u00f3leo es una sustancia producida por las abejas, a partir de las resinas de los \u00e1rboles. Ellas lo usan para defenderse contra los virus y las bacterias, ya que act\u00faa como antis\u00e9ptico, antiviral y antinflamatorio. Desde siempre se ha usado el prop\u00f3leo para tratar los catarros de las v\u00edas respiratorias altas, el resfriado com\u00fan,","og_url":"https:\/\/aromasysabores.net\/tienda\/producto\/dona-pura-miel-de-pradera-1kg\/","og_site_name":"Aromas &amp; Sabores Naturales","article_modified_time":"2026-03-16T18:32:29+00:00","og_image":[{"width":800,"height":800,"url":"https:\/\/aromasysabores.net\/tienda\/wp-content\/uploads\/2020\/12\/IMG_1701.jpg","type":"image\/jpeg"}],"twitter_card":"summary_large_image","twitter_misc":{"Tiempo de lectura":"4 minutos"},"schema":{"@context":"https:\/\/schema.org","@graph":[{"@type":"WebPage","@id":"https:\/\/aromasysabores.net\/tienda\/producto\/dona-pura-miel-de-pradera-1kg\/","url":"https:\/\/aromasysabores.net\/tienda\/producto\/dona-pura-miel-de-pradera-1kg\/","name":"DO\u00d1A PURA MIEL DE PRADERA 1KG - Aromas &amp; Sabores Naturales","isPartOf":{"@id":"https:\/\/aromasysabores.net\/tienda\/#website"},"primaryImageOfPage":{"@id":"https:\/\/aromasysabores.net\/tienda\/producto\/dona-pura-miel-de-pradera-1kg\/#primaryimage"},"image":{"@id":"https:\/\/aromasysabores.net\/tienda\/producto\/dona-pura-miel-de-pradera-1kg\/#primaryimage"},"thumbnailUrl":"https:\/\/aromasysabores.net\/tienda\/wp-content\/uploads\/2020\/12\/IMG_1701.jpg","datePublished":"2020-12-22T05:58:36+00:00","dateModified":"2026-03-16T18:32:29+00:00","breadcrumb":{"@id":"https:\/\/aromasysabores.net\/tienda\/producto\/dona-pura-miel-de-pradera-1kg\/#breadcrumb"},"inLanguage":"es","potentialAction":[{"@type":"ReadAction","target":["https:\/\/aromasysabores.net\/tienda\/producto\/dona-pura-miel-de-pradera-1kg\/"]}]},{"@type":"ImageObject","inLanguage":"es","@id":"https:\/\/aromasysabores.net\/tienda\/producto\/dona-pura-miel-de-pradera-1kg\/#primaryimage","url":"https:\/\/aromasysabores.net\/tienda\/wp-content\/uploads\/2020\/12\/IMG_1701.jpg","contentUrl":"https:\/\/aromasysabores.net\/tienda\/wp-content\/uploads\/2020\/12\/IMG_1701.jpg","width":800,"height":800},{"@type":"BreadcrumbList","@id":"https:\/\/aromasysabores.net\/tienda\/producto\/dona-pura-miel-de-pradera-1kg\/#breadcrumb","itemListElement":[{"@type":"ListItem","position":1,"name":"Portada","item":"https:\/\/aromasysabores.net\/tienda\/"},{"@type":"ListItem","position":2,"name":"Tienda Natural","item":"https:\/\/aromasysabores.net\/tienda\/"},{"@type":"ListItem","position":3,"name":"DO\u00d1A PURA MIEL DE PRADERA 1KG"}]},{"@type":"WebSite","@id":"https:\/\/aromasysabores.net\/tienda\/#website","url":"https:\/\/aromasysabores.net\/tienda\/","name":"Aromas &amp; Sabores Naturales","description":"Tienda online natural","potentialAction":[{"@type":"SearchAction","target":{"@type":"EntryPoint","urlTemplate":"https:\/\/aromasysabores.net\/tienda\/?s={search_term_string}"},"query-input":{"@type":"PropertyValueSpecification","valueRequired":true,"valueName":"search_term_string"}}],"inLanguage":"es"}]}},"_links":{"self":[{"href":"https:\/\/aromasysabores.net\/tienda\/wp-json\/wp\/v2\/product\/27213","targetHints":{"allow":["GET"]}}],"collection":[{"href":"https:\/\/aromasysabores.net\/tienda\/wp-json\/wp\/v2\/product"}],"about":[{"href":"https:\/\/aromasysabores.net\/tienda\/wp-json\/wp\/v2\/types\/product"}],"wp:featuredmedia":[{"embeddable":true,"href":"https:\/\/aromasysabores.net\/tienda\/wp-json\/wp\/v2\/media\/30322"}],"wp:attachment":[{"href":"https:\/\/aromasysabores.net\/tienda\/wp-json\/wp\/v2\/media?parent=27213"}],"wp:term":[{"taxonomy":"product_brand","embeddable":true,"href":"https:\/\/aromasysabores.net\/tienda\/wp-json\/wp\/v2\/product_brand?post=27213"},{"taxonomy":"product_cat","embeddable":true,"href":"https:\/\/aromasysabores.net\/tienda\/wp-json\/wp\/v2\/product_cat?post=27213"},{"taxonomy":"product_tag","embeddable":true,"href":"https:\/\/aromasysabores.net\/tienda\/wp-json\/wp\/v2\/product_tag?post=27213"}],"curies":[{"name":"wp","href":"https:\/\/api.w.org\/{rel}","templated":true}]}}