
{"id":27226,"date":"2020-12-22T05:58:36","date_gmt":"2020-12-22T05:58:36","guid":{"rendered":"https:\/\/aromasysabores.net\/tienda\/producto\/instituto-espanol-urea-pantenol-596g-con-dosificador\/"},"modified":"2026-04-18T14:08:05","modified_gmt":"2026-04-18T14:08:05","slug":"instituto-espanol-urea-pantenol-596g-con-dosificador","status":"publish","type":"product","link":"https:\/\/aromasysabores.net\/tienda\/producto\/instituto-espanol-urea-pantenol-596g-con-dosificador\/","title":{"rendered":"INSTITUTO ESPA\u00d1OL UREA + PANTENOL 596G CON DOSIFICADOR"},"content":{"rendered":"<div class=\"wpb_text_column wpb_content_element  vc_custom_1622720141651 texto-producto\">\n<div class=\"wpb_wrapper\">\n<p><strong>Informaci\u00f3n:<\/strong><\/p>\n<\/div>\n<\/div>\n<div class=\"standard-arrow list-divider bullet-top\">\n<ul>\n<li>Apto para veganos<\/li>\n<\/ul>\n<\/div>\n","protected":false},"excerpt":{"rendered":"<p>Para una piel irresistible, la urea, ingrediente super hidratante, enriquecida con Pantenol, una vitamina que participa activamente en la regeneraci\u00f3n y formaci\u00f3n de la piel. Una uni\u00f3n de ingredientes para humectar tu piel y devolverle su apariencia joven y brillante.<\/p>\n<p>La Loci\u00f3n Urea 5% + Pantenol es una gran aliada para poder lucir una piel suave y joven, una piel cuidada y mimada como se merece. Apto para pieles delicadas y deshidratadas, ya que la formula favorece la reducci\u00f3n de la perdida diaria de agua de nuestra piel.<\/p>\n<p>La l\u00ednea de Urea aporta una gran familia para tener la piel cuidada, hidratada y con el aspecto que te gusta lucir.<\/p>\n","protected":false},"featured_media":29807,"template":"","meta":{"_joinchat":[]},"product_brand":[],"product_cat":[159],"product_tag":[],"class_list":{"0":"post-27226","1":"product","2":"type-product","3":"status-publish","4":"has-post-thumbnail","6":"product_cat-estetica","8":"first","9":"outofstock","10":"purchasable","11":"product-type-simple"},"yoast_head":"<!-- This site is optimized with the Yoast SEO plugin v26.7 - https:\/\/yoast.com\/wordpress\/plugins\/seo\/ -->\n<title>INSTITUTO ESPA\u00d1OL UREA + PANTENOL 596G CON DOSIFICADOR - Aromas &amp; Sabores Naturales<\/title>\n<meta name=\"robots\" content=\"index, follow, max-snippet:-1, max-image-preview:large, max-video-preview:-1\" \/>\n<link rel=\"canonical\" href=\"https:\/\/aromasysabores.net\/tienda\/producto\/instituto-espanol-urea-pantenol-596g-con-dosificador\/\" \/>\n<meta property=\"og:locale\" content=\"es_ES\" \/>\n<meta property=\"og:type\" content=\"article\" \/>\n<meta property=\"og:title\" content=\"INSTITUTO ESPA\u00d1OL UREA + PANTENOL 596G CON DOSIFICADOR - Aromas &amp; Sabores Naturales\" \/>\n<meta property=\"og:description\" content=\"Para una piel irresistible, la urea, ingrediente super hidratante, enriquecida con Pantenol, una vitamina que participa activamente en la regeneraci\u00f3n y formaci\u00f3n de la piel. Una uni\u00f3n de ingredientes para humectar tu piel y devolverle su apariencia joven y brillante.  La Loci\u00f3n Urea 5% + Pantenol es una gran aliada para poder lucir una piel suave y joven, una piel cuidada y mimada como se merece. Apto para pieles delicadas y deshidratadas, ya que la formula favorece la reducci\u00f3n de la perdida diaria de agua de nuestra piel.  La l\u00ednea de Urea aporta una gran familia para tener la piel cuidada, hidratada y con el aspecto que te gusta lucir.\" \/>\n<meta property=\"og:url\" content=\"https:\/\/aromasysabores.net\/tienda\/producto\/instituto-espanol-urea-pantenol-596g-con-dosificador\/\" \/>\n<meta property=\"og:site_name\" content=\"Aromas &amp; Sabores Naturales\" \/>\n<meta property=\"article:modified_time\" content=\"2026-04-18T14:08:05+00:00\" \/>\n<meta property=\"og:image\" content=\"https:\/\/aromasysabores.net\/tienda\/wp-content\/uploads\/2020\/12\/51kphiNDMiL._AC_SX425_.jpg\" \/>\n\t<meta property=\"og:image:width\" content=\"800\" \/>\n\t<meta property=\"og:image:height\" content=\"800\" \/>\n\t<meta property=\"og:image:type\" content=\"image\/jpeg\" \/>\n<meta name=\"twitter:card\" content=\"summary_large_image\" \/>\n<meta name=\"twitter:label1\" content=\"Tiempo de lectura\" \/>\n\t<meta name=\"twitter:data1\" content=\"1 minuto\" \/>\n<script type=\"application\/ld+json\" class=\"yoast-schema-graph\">{\"@context\":\"https:\/\/schema.org\",\"@graph\":[{\"@type\":\"WebPage\",\"@id\":\"https:\/\/aromasysabores.net\/tienda\/producto\/instituto-espanol-urea-pantenol-596g-con-dosificador\/\",\"url\":\"https:\/\/aromasysabores.net\/tienda\/producto\/instituto-espanol-urea-pantenol-596g-con-dosificador\/\",\"name\":\"INSTITUTO ESPA\u00d1OL UREA + PANTENOL 596G CON DOSIFICADOR - Aromas &amp; Sabores Naturales\",\"isPartOf\":{\"@id\":\"https:\/\/aromasysabores.net\/tienda\/#website\"},\"primaryImageOfPage\":{\"@id\":\"https:\/\/aromasysabores.net\/tienda\/producto\/instituto-espanol-urea-pantenol-596g-con-dosificador\/#primaryimage\"},\"image\":{\"@id\":\"https:\/\/aromasysabores.net\/tienda\/producto\/instituto-espanol-urea-pantenol-596g-con-dosificador\/#primaryimage\"},\"thumbnailUrl\":\"https:\/\/aromasysabores.net\/tienda\/wp-content\/uploads\/2020\/12\/51kphiNDMiL._AC_SX425_.jpg\",\"datePublished\":\"2020-12-22T05:58:36+00:00\",\"dateModified\":\"2026-04-18T14:08:05+00:00\",\"breadcrumb\":{\"@id\":\"https:\/\/aromasysabores.net\/tienda\/producto\/instituto-espanol-urea-pantenol-596g-con-dosificador\/#breadcrumb\"},\"inLanguage\":\"es\",\"potentialAction\":[{\"@type\":\"ReadAction\",\"target\":[\"https:\/\/aromasysabores.net\/tienda\/producto\/instituto-espanol-urea-pantenol-596g-con-dosificador\/\"]}]},{\"@type\":\"ImageObject\",\"inLanguage\":\"es\",\"@id\":\"https:\/\/aromasysabores.net\/tienda\/producto\/instituto-espanol-urea-pantenol-596g-con-dosificador\/#primaryimage\",\"url\":\"https:\/\/aromasysabores.net\/tienda\/wp-content\/uploads\/2020\/12\/51kphiNDMiL._AC_SX425_.jpg\",\"contentUrl\":\"https:\/\/aromasysabores.net\/tienda\/wp-content\/uploads\/2020\/12\/51kphiNDMiL._AC_SX425_.jpg\",\"width\":800,\"height\":800},{\"@type\":\"BreadcrumbList\",\"@id\":\"https:\/\/aromasysabores.net\/tienda\/producto\/instituto-espanol-urea-pantenol-596g-con-dosificador\/#breadcrumb\",\"itemListElement\":[{\"@type\":\"ListItem\",\"position\":1,\"name\":\"Portada\",\"item\":\"https:\/\/aromasysabores.net\/tienda\/\"},{\"@type\":\"ListItem\",\"position\":2,\"name\":\"Tienda Natural\",\"item\":\"https:\/\/aromasysabores.net\/tienda\/\"},{\"@type\":\"ListItem\",\"position\":3,\"name\":\"INSTITUTO ESPA\u00d1OL UREA + PANTENOL 596G CON DOSIFICADOR\"}]},{\"@type\":\"WebSite\",\"@id\":\"https:\/\/aromasysabores.net\/tienda\/#website\",\"url\":\"https:\/\/aromasysabores.net\/tienda\/\",\"name\":\"Aromas &amp; Sabores Naturales\",\"description\":\"Tienda online natural\",\"potentialAction\":[{\"@type\":\"SearchAction\",\"target\":{\"@type\":\"EntryPoint\",\"urlTemplate\":\"https:\/\/aromasysabores.net\/tienda\/?s={search_term_string}\"},\"query-input\":{\"@type\":\"PropertyValueSpecification\",\"valueRequired\":true,\"valueName\":\"search_term_string\"}}],\"inLanguage\":\"es\"}]}<\/script>\n<!-- \/ Yoast SEO plugin. -->","yoast_head_json":{"title":"INSTITUTO ESPA\u00d1OL UREA + PANTENOL 596G CON DOSIFICADOR - Aromas &amp; Sabores Naturales","robots":{"index":"index","follow":"follow","max-snippet":"max-snippet:-1","max-image-preview":"max-image-preview:large","max-video-preview":"max-video-preview:-1"},"canonical":"https:\/\/aromasysabores.net\/tienda\/producto\/instituto-espanol-urea-pantenol-596g-con-dosificador\/","og_locale":"es_ES","og_type":"article","og_title":"INSTITUTO ESPA\u00d1OL UREA + PANTENOL 596G CON DOSIFICADOR - Aromas &amp; Sabores Naturales","og_description":"Para una piel irresistible, la urea, ingrediente super hidratante, enriquecida con Pantenol, una vitamina que participa activamente en la regeneraci\u00f3n y formaci\u00f3n de la piel. Una uni\u00f3n de ingredientes para humectar tu piel y devolverle su apariencia joven y brillante.  La Loci\u00f3n Urea 5% + Pantenol es una gran aliada para poder lucir una piel suave y joven, una piel cuidada y mimada como se merece. Apto para pieles delicadas y deshidratadas, ya que la formula favorece la reducci\u00f3n de la perdida diaria de agua de nuestra piel.  La l\u00ednea de Urea aporta una gran familia para tener la piel cuidada, hidratada y con el aspecto que te gusta lucir.","og_url":"https:\/\/aromasysabores.net\/tienda\/producto\/instituto-espanol-urea-pantenol-596g-con-dosificador\/","og_site_name":"Aromas &amp; Sabores Naturales","article_modified_time":"2026-04-18T14:08:05+00:00","og_image":[{"width":800,"height":800,"url":"https:\/\/aromasysabores.net\/tienda\/wp-content\/uploads\/2020\/12\/51kphiNDMiL._AC_SX425_.jpg","type":"image\/jpeg"}],"twitter_card":"summary_large_image","twitter_misc":{"Tiempo de lectura":"1 minuto"},"schema":{"@context":"https:\/\/schema.org","@graph":[{"@type":"WebPage","@id":"https:\/\/aromasysabores.net\/tienda\/producto\/instituto-espanol-urea-pantenol-596g-con-dosificador\/","url":"https:\/\/aromasysabores.net\/tienda\/producto\/instituto-espanol-urea-pantenol-596g-con-dosificador\/","name":"INSTITUTO ESPA\u00d1OL UREA + PANTENOL 596G CON DOSIFICADOR - Aromas &amp; Sabores Naturales","isPartOf":{"@id":"https:\/\/aromasysabores.net\/tienda\/#website"},"primaryImageOfPage":{"@id":"https:\/\/aromasysabores.net\/tienda\/producto\/instituto-espanol-urea-pantenol-596g-con-dosificador\/#primaryimage"},"image":{"@id":"https:\/\/aromasysabores.net\/tienda\/producto\/instituto-espanol-urea-pantenol-596g-con-dosificador\/#primaryimage"},"thumbnailUrl":"https:\/\/aromasysabores.net\/tienda\/wp-content\/uploads\/2020\/12\/51kphiNDMiL._AC_SX425_.jpg","datePublished":"2020-12-22T05:58:36+00:00","dateModified":"2026-04-18T14:08:05+00:00","breadcrumb":{"@id":"https:\/\/aromasysabores.net\/tienda\/producto\/instituto-espanol-urea-pantenol-596g-con-dosificador\/#breadcrumb"},"inLanguage":"es","potentialAction":[{"@type":"ReadAction","target":["https:\/\/aromasysabores.net\/tienda\/producto\/instituto-espanol-urea-pantenol-596g-con-dosificador\/"]}]},{"@type":"ImageObject","inLanguage":"es","@id":"https:\/\/aromasysabores.net\/tienda\/producto\/instituto-espanol-urea-pantenol-596g-con-dosificador\/#primaryimage","url":"https:\/\/aromasysabores.net\/tienda\/wp-content\/uploads\/2020\/12\/51kphiNDMiL._AC_SX425_.jpg","contentUrl":"https:\/\/aromasysabores.net\/tienda\/wp-content\/uploads\/2020\/12\/51kphiNDMiL._AC_SX425_.jpg","width":800,"height":800},{"@type":"BreadcrumbList","@id":"https:\/\/aromasysabores.net\/tienda\/producto\/instituto-espanol-urea-pantenol-596g-con-dosificador\/#breadcrumb","itemListElement":[{"@type":"ListItem","position":1,"name":"Portada","item":"https:\/\/aromasysabores.net\/tienda\/"},{"@type":"ListItem","position":2,"name":"Tienda Natural","item":"https:\/\/aromasysabores.net\/tienda\/"},{"@type":"ListItem","position":3,"name":"INSTITUTO ESPA\u00d1OL UREA + PANTENOL 596G CON DOSIFICADOR"}]},{"@type":"WebSite","@id":"https:\/\/aromasysabores.net\/tienda\/#website","url":"https:\/\/aromasysabores.net\/tienda\/","name":"Aromas &amp; Sabores Naturales","description":"Tienda online natural","potentialAction":[{"@type":"SearchAction","target":{"@type":"EntryPoint","urlTemplate":"https:\/\/aromasysabores.net\/tienda\/?s={search_term_string}"},"query-input":{"@type":"PropertyValueSpecification","valueRequired":true,"valueName":"search_term_string"}}],"inLanguage":"es"}]}},"_links":{"self":[{"href":"https:\/\/aromasysabores.net\/tienda\/wp-json\/wp\/v2\/product\/27226","targetHints":{"allow":["GET"]}}],"collection":[{"href":"https:\/\/aromasysabores.net\/tienda\/wp-json\/wp\/v2\/product"}],"about":[{"href":"https:\/\/aromasysabores.net\/tienda\/wp-json\/wp\/v2\/types\/product"}],"wp:featuredmedia":[{"embeddable":true,"href":"https:\/\/aromasysabores.net\/tienda\/wp-json\/wp\/v2\/media\/29807"}],"wp:attachment":[{"href":"https:\/\/aromasysabores.net\/tienda\/wp-json\/wp\/v2\/media?parent=27226"}],"wp:term":[{"taxonomy":"product_brand","embeddable":true,"href":"https:\/\/aromasysabores.net\/tienda\/wp-json\/wp\/v2\/product_brand?post=27226"},{"taxonomy":"product_cat","embeddable":true,"href":"https:\/\/aromasysabores.net\/tienda\/wp-json\/wp\/v2\/product_cat?post=27226"},{"taxonomy":"product_tag","embeddable":true,"href":"https:\/\/aromasysabores.net\/tienda\/wp-json\/wp\/v2\/product_tag?post=27226"}],"curies":[{"name":"wp","href":"https:\/\/api.w.org\/{rel}","templated":true}]}}