
{"id":28373,"date":"2020-12-22T06:02:51","date_gmt":"2020-12-22T06:02:51","guid":{"rendered":"https:\/\/aromasysabores.net\/tienda\/producto\/mg-caviar-contorno-de-ojos-15cc-2\/"},"modified":"2026-03-16T18:21:20","modified_gmt":"2026-03-16T18:21:20","slug":"mg-caviar-contorno-de-ojos-15cc","status":"publish","type":"product","link":"https:\/\/aromasysabores.net\/tienda\/producto\/mg-caviar-contorno-de-ojos-15cc\/","title":{"rendered":"MG CAVIAR CONTORNO DE OJOS 15CC"},"content":{"rendered":"<p><strong>Composici\u00f3n:<\/strong>\u00a0Caviar Ossetra,\u00a0Prote\u00edna de arroz y soja, Super\u00f3xido dismutasa, Palmaitoil trip\u00e9ptido-5.<\/p>\n<p><strong>Aplicaci\u00f3n:<\/strong>\u00a0En la ma\u00f1ana y en la noche con suaves toques con la yema de los dedos alrededor de los ojos y labios.<\/p>\n","protected":false},"excerpt":{"rendered":"<p>Producto de delicada textura fluida, que permite una r\u00e1pida absorci\u00f3n, para aplicar en contorno de ojos y contorno de labios. Proporciona beneficios reafirmantes y nutritivos para estas delicadas zonas del rostro.<\/p>\n<p>Sus\u00a0principios activos, reducen los efectos cr\u00f3nicos de la radiaci\u00f3n UV sobre el tejido conectivo, responsables del envejecimiento prematuro. Se logra como resultado una piel que conserva su firmeza y luminosidad natural.<\/p>\n<p>La prote\u00edna de soja y arroz ayudan a reducir las zonas oscuras y la hinchaz\u00f3n debajo de los ojos.<\/p>\n<p>Posee un p\u00e9ptido que reduce la apariencia de l\u00edneas finas y arrugas.<\/p>\n","protected":false},"featured_media":29877,"template":"","meta":{"_joinchat":[]},"product_brand":[],"product_cat":[159],"product_tag":[],"class_list":{"0":"post-28373","1":"product","2":"type-product","3":"status-publish","4":"has-post-thumbnail","6":"product_cat-estetica","8":"first","9":"instock","10":"purchasable","11":"product-type-simple"},"yoast_head":"<!-- This site is optimized with the Yoast SEO plugin v26.7 - https:\/\/yoast.com\/wordpress\/plugins\/seo\/ -->\n<title>MG CAVIAR CONTORNO DE OJOS 15CC - Aromas &amp; Sabores Naturales<\/title>\n<meta name=\"robots\" content=\"index, follow, max-snippet:-1, max-image-preview:large, max-video-preview:-1\" \/>\n<link rel=\"canonical\" href=\"https:\/\/aromasysabores.net\/tienda\/producto\/mg-caviar-contorno-de-ojos-15cc\/\" \/>\n<meta property=\"og:locale\" content=\"es_ES\" \/>\n<meta property=\"og:type\" content=\"article\" \/>\n<meta property=\"og:title\" content=\"MG CAVIAR CONTORNO DE OJOS 15CC - Aromas &amp; Sabores Naturales\" \/>\n<meta property=\"og:description\" content=\"Producto de delicada textura fluida, que permite una r\u00e1pida absorci\u00f3n, para aplicar en contorno de ojos y contorno de labios. Proporciona beneficios reafirmantes y nutritivos para estas delicadas zonas del rostro.  Sus\u00a0principios activos, reducen los efectos cr\u00f3nicos de la radiaci\u00f3n UV sobre el tejido conectivo, responsables del envejecimiento prematuro. Se logra como resultado una piel que conserva su firmeza y luminosidad natural.  La prote\u00edna de soja y arroz ayudan a reducir las zonas oscuras y la hinchaz\u00f3n debajo de los ojos.  Posee un p\u00e9ptido que reduce la apariencia de l\u00edneas finas y arrugas.\" \/>\n<meta property=\"og:url\" content=\"https:\/\/aromasysabores.net\/tienda\/producto\/mg-caviar-contorno-de-ojos-15cc\/\" \/>\n<meta property=\"og:site_name\" content=\"Aromas &amp; Sabores Naturales\" \/>\n<meta property=\"article:modified_time\" content=\"2026-03-16T18:21:20+00:00\" \/>\n<meta property=\"og:image\" content=\"https:\/\/aromasysabores.net\/tienda\/wp-content\/uploads\/2020\/12\/MG-CAVIAR-CONTORNO-DE-OJOS-2.jpg\" \/>\n\t<meta property=\"og:image:width\" content=\"800\" \/>\n\t<meta property=\"og:image:height\" content=\"800\" \/>\n\t<meta property=\"og:image:type\" content=\"image\/jpeg\" \/>\n<meta name=\"twitter:card\" content=\"summary_large_image\" \/>\n<meta name=\"twitter:label1\" content=\"Tiempo de lectura\" \/>\n\t<meta name=\"twitter:data1\" content=\"1 minuto\" \/>\n<script type=\"application\/ld+json\" class=\"yoast-schema-graph\">{\"@context\":\"https:\/\/schema.org\",\"@graph\":[{\"@type\":\"WebPage\",\"@id\":\"https:\/\/aromasysabores.net\/tienda\/producto\/mg-caviar-contorno-de-ojos-15cc\/\",\"url\":\"https:\/\/aromasysabores.net\/tienda\/producto\/mg-caviar-contorno-de-ojos-15cc\/\",\"name\":\"MG CAVIAR CONTORNO DE OJOS 15CC - Aromas &amp; Sabores Naturales\",\"isPartOf\":{\"@id\":\"https:\/\/aromasysabores.net\/tienda\/#website\"},\"primaryImageOfPage\":{\"@id\":\"https:\/\/aromasysabores.net\/tienda\/producto\/mg-caviar-contorno-de-ojos-15cc\/#primaryimage\"},\"image\":{\"@id\":\"https:\/\/aromasysabores.net\/tienda\/producto\/mg-caviar-contorno-de-ojos-15cc\/#primaryimage\"},\"thumbnailUrl\":\"https:\/\/aromasysabores.net\/tienda\/wp-content\/uploads\/2020\/12\/MG-CAVIAR-CONTORNO-DE-OJOS-2.jpg\",\"datePublished\":\"2020-12-22T06:02:51+00:00\",\"dateModified\":\"2026-03-16T18:21:20+00:00\",\"breadcrumb\":{\"@id\":\"https:\/\/aromasysabores.net\/tienda\/producto\/mg-caviar-contorno-de-ojos-15cc\/#breadcrumb\"},\"inLanguage\":\"es\",\"potentialAction\":[{\"@type\":\"ReadAction\",\"target\":[\"https:\/\/aromasysabores.net\/tienda\/producto\/mg-caviar-contorno-de-ojos-15cc\/\"]}]},{\"@type\":\"ImageObject\",\"inLanguage\":\"es\",\"@id\":\"https:\/\/aromasysabores.net\/tienda\/producto\/mg-caviar-contorno-de-ojos-15cc\/#primaryimage\",\"url\":\"https:\/\/aromasysabores.net\/tienda\/wp-content\/uploads\/2020\/12\/MG-CAVIAR-CONTORNO-DE-OJOS-2.jpg\",\"contentUrl\":\"https:\/\/aromasysabores.net\/tienda\/wp-content\/uploads\/2020\/12\/MG-CAVIAR-CONTORNO-DE-OJOS-2.jpg\",\"width\":800,\"height\":800},{\"@type\":\"BreadcrumbList\",\"@id\":\"https:\/\/aromasysabores.net\/tienda\/producto\/mg-caviar-contorno-de-ojos-15cc\/#breadcrumb\",\"itemListElement\":[{\"@type\":\"ListItem\",\"position\":1,\"name\":\"Portada\",\"item\":\"https:\/\/aromasysabores.net\/tienda\/\"},{\"@type\":\"ListItem\",\"position\":2,\"name\":\"Tienda Natural\",\"item\":\"https:\/\/aromasysabores.net\/tienda\/\"},{\"@type\":\"ListItem\",\"position\":3,\"name\":\"MG CAVIAR CONTORNO DE OJOS 15CC\"}]},{\"@type\":\"WebSite\",\"@id\":\"https:\/\/aromasysabores.net\/tienda\/#website\",\"url\":\"https:\/\/aromasysabores.net\/tienda\/\",\"name\":\"Aromas &amp; Sabores Naturales\",\"description\":\"Tienda online natural\",\"potentialAction\":[{\"@type\":\"SearchAction\",\"target\":{\"@type\":\"EntryPoint\",\"urlTemplate\":\"https:\/\/aromasysabores.net\/tienda\/?s={search_term_string}\"},\"query-input\":{\"@type\":\"PropertyValueSpecification\",\"valueRequired\":true,\"valueName\":\"search_term_string\"}}],\"inLanguage\":\"es\"}]}<\/script>\n<!-- \/ Yoast SEO plugin. -->","yoast_head_json":{"title":"MG CAVIAR CONTORNO DE OJOS 15CC - Aromas &amp; Sabores Naturales","robots":{"index":"index","follow":"follow","max-snippet":"max-snippet:-1","max-image-preview":"max-image-preview:large","max-video-preview":"max-video-preview:-1"},"canonical":"https:\/\/aromasysabores.net\/tienda\/producto\/mg-caviar-contorno-de-ojos-15cc\/","og_locale":"es_ES","og_type":"article","og_title":"MG CAVIAR CONTORNO DE OJOS 15CC - Aromas &amp; Sabores Naturales","og_description":"Producto de delicada textura fluida, que permite una r\u00e1pida absorci\u00f3n, para aplicar en contorno de ojos y contorno de labios. Proporciona beneficios reafirmantes y nutritivos para estas delicadas zonas del rostro.  Sus\u00a0principios activos, reducen los efectos cr\u00f3nicos de la radiaci\u00f3n UV sobre el tejido conectivo, responsables del envejecimiento prematuro. Se logra como resultado una piel que conserva su firmeza y luminosidad natural.  La prote\u00edna de soja y arroz ayudan a reducir las zonas oscuras y la hinchaz\u00f3n debajo de los ojos.  Posee un p\u00e9ptido que reduce la apariencia de l\u00edneas finas y arrugas.","og_url":"https:\/\/aromasysabores.net\/tienda\/producto\/mg-caviar-contorno-de-ojos-15cc\/","og_site_name":"Aromas &amp; Sabores Naturales","article_modified_time":"2026-03-16T18:21:20+00:00","og_image":[{"width":800,"height":800,"url":"https:\/\/aromasysabores.net\/tienda\/wp-content\/uploads\/2020\/12\/MG-CAVIAR-CONTORNO-DE-OJOS-2.jpg","type":"image\/jpeg"}],"twitter_card":"summary_large_image","twitter_misc":{"Tiempo de lectura":"1 minuto"},"schema":{"@context":"https:\/\/schema.org","@graph":[{"@type":"WebPage","@id":"https:\/\/aromasysabores.net\/tienda\/producto\/mg-caviar-contorno-de-ojos-15cc\/","url":"https:\/\/aromasysabores.net\/tienda\/producto\/mg-caviar-contorno-de-ojos-15cc\/","name":"MG CAVIAR CONTORNO DE OJOS 15CC - Aromas &amp; Sabores Naturales","isPartOf":{"@id":"https:\/\/aromasysabores.net\/tienda\/#website"},"primaryImageOfPage":{"@id":"https:\/\/aromasysabores.net\/tienda\/producto\/mg-caviar-contorno-de-ojos-15cc\/#primaryimage"},"image":{"@id":"https:\/\/aromasysabores.net\/tienda\/producto\/mg-caviar-contorno-de-ojos-15cc\/#primaryimage"},"thumbnailUrl":"https:\/\/aromasysabores.net\/tienda\/wp-content\/uploads\/2020\/12\/MG-CAVIAR-CONTORNO-DE-OJOS-2.jpg","datePublished":"2020-12-22T06:02:51+00:00","dateModified":"2026-03-16T18:21:20+00:00","breadcrumb":{"@id":"https:\/\/aromasysabores.net\/tienda\/producto\/mg-caviar-contorno-de-ojos-15cc\/#breadcrumb"},"inLanguage":"es","potentialAction":[{"@type":"ReadAction","target":["https:\/\/aromasysabores.net\/tienda\/producto\/mg-caviar-contorno-de-ojos-15cc\/"]}]},{"@type":"ImageObject","inLanguage":"es","@id":"https:\/\/aromasysabores.net\/tienda\/producto\/mg-caviar-contorno-de-ojos-15cc\/#primaryimage","url":"https:\/\/aromasysabores.net\/tienda\/wp-content\/uploads\/2020\/12\/MG-CAVIAR-CONTORNO-DE-OJOS-2.jpg","contentUrl":"https:\/\/aromasysabores.net\/tienda\/wp-content\/uploads\/2020\/12\/MG-CAVIAR-CONTORNO-DE-OJOS-2.jpg","width":800,"height":800},{"@type":"BreadcrumbList","@id":"https:\/\/aromasysabores.net\/tienda\/producto\/mg-caviar-contorno-de-ojos-15cc\/#breadcrumb","itemListElement":[{"@type":"ListItem","position":1,"name":"Portada","item":"https:\/\/aromasysabores.net\/tienda\/"},{"@type":"ListItem","position":2,"name":"Tienda Natural","item":"https:\/\/aromasysabores.net\/tienda\/"},{"@type":"ListItem","position":3,"name":"MG CAVIAR CONTORNO DE OJOS 15CC"}]},{"@type":"WebSite","@id":"https:\/\/aromasysabores.net\/tienda\/#website","url":"https:\/\/aromasysabores.net\/tienda\/","name":"Aromas &amp; Sabores Naturales","description":"Tienda online natural","potentialAction":[{"@type":"SearchAction","target":{"@type":"EntryPoint","urlTemplate":"https:\/\/aromasysabores.net\/tienda\/?s={search_term_string}"},"query-input":{"@type":"PropertyValueSpecification","valueRequired":true,"valueName":"search_term_string"}}],"inLanguage":"es"}]}},"_links":{"self":[{"href":"https:\/\/aromasysabores.net\/tienda\/wp-json\/wp\/v2\/product\/28373","targetHints":{"allow":["GET"]}}],"collection":[{"href":"https:\/\/aromasysabores.net\/tienda\/wp-json\/wp\/v2\/product"}],"about":[{"href":"https:\/\/aromasysabores.net\/tienda\/wp-json\/wp\/v2\/types\/product"}],"wp:featuredmedia":[{"embeddable":true,"href":"https:\/\/aromasysabores.net\/tienda\/wp-json\/wp\/v2\/media\/29877"}],"wp:attachment":[{"href":"https:\/\/aromasysabores.net\/tienda\/wp-json\/wp\/v2\/media?parent=28373"}],"wp:term":[{"taxonomy":"product_brand","embeddable":true,"href":"https:\/\/aromasysabores.net\/tienda\/wp-json\/wp\/v2\/product_brand?post=28373"},{"taxonomy":"product_cat","embeddable":true,"href":"https:\/\/aromasysabores.net\/tienda\/wp-json\/wp\/v2\/product_cat?post=28373"},{"taxonomy":"product_tag","embeddable":true,"href":"https:\/\/aromasysabores.net\/tienda\/wp-json\/wp\/v2\/product_tag?post=28373"}],"curies":[{"name":"wp","href":"https:\/\/api.w.org\/{rel}","templated":true}]}}