
{"id":28409,"date":"2020-12-22T06:02:54","date_gmt":"2020-12-22T06:02:54","guid":{"rendered":"https:\/\/aromasysabores.net\/tienda\/producto\/mg-bronceador-sin-sol-200cc\/"},"modified":"2026-03-16T18:21:14","modified_gmt":"2026-03-16T18:21:14","slug":"mg-bronceador-sin-sol-200cc","status":"publish","type":"product","link":"https:\/\/aromasysabores.net\/tienda\/producto\/mg-bronceador-sin-sol-200cc\/","title":{"rendered":"MG BRONCEADOR SIN SOL 200CC"},"content":{"rendered":"","protected":false},"excerpt":{"rendered":"<p>Debido al peligro que conlleva el bronceado por medio del sol, la ciencia ha llegado al descubrimiento del bronceado sin sol.<br \/>\nCompuesto por DHA (Dihidroxi-Acetona) una sustancia que da color a la piel sin correr riesgos para la salud. Su acci\u00f3n act\u00faa por oxidaci\u00f3n de las prote\u00ednas y amino\u00e1cidos que constituyen la piel, la cual se obtiene en pocas horas y con gran sencillez.<\/p>\n<p>Es un producto ideal para cuando no podemos o no queremos exponernos al sol pero s\u00ed tener un color bronceado.<\/p>\n<p>No contiene pantalla solar.<\/p>\n<p><strong>Composici\u00f3n:<\/strong><\/p>\n<ul>\n<li><strong>Col\u00e1geno:<\/strong>\u00a0afirmante y reparador de la piel.<\/li>\n<li><strong>Vitamina E:<\/strong>\u00a0importante antioxidante.<\/li>\n<li><strong>DHA:<\/strong>\u00a0productor del bronceado sin riesgo.<\/li>\n<li><strong>Base humectante:<\/strong>\u00a0evita el resecamiento de la piel.<\/li>\n<\/ul>\n<p><strong>Aplicaci\u00f3n:\u00a0<\/strong><\/p>\n<ul>\n<li>Previo a la primera aplicaci\u00f3n realizar una exfoliaci\u00f3n con Gel de S\u00edlice en las zonas a aplicar.<\/li>\n<li>Con la piel seca aplicar Humectante 3R o Aloe y Manzanilla.<\/li>\n<li>Aplicar el Bronceador sin sol directamente con las manos, tratando de realizar una distribuci\u00f3n uniforme, esperar de 10 a 15 minutos para que se seque bien antes de vestirse.<\/li>\n<li>Lavarse muy bien las manos para que no queden manchadas o usar guantes descartables.<\/li>\n<li>Logramos un aumento del color de la piel en el curso de 2 a 3 horas.<\/li>\n<li>Repetir la aplicaci\u00f3n si se desea una tonalidad m\u00e1s oscura, tantas veces como se desee.<\/li>\n<\/ul>\n<p>El Bronceador sin Sol puede ser aplicado en el rostro sin ning\u00fan inconveniente, siempre teniendo en cuenta extenderlo de forma uniforme. En este caso recomendamos tambi\u00e9n exfoliar el restro previo a la primera aplicaci\u00f3n.<\/p>\n<p>Otro importante uso que se le da es para cubrir las zonas despigmentadas de la piel de las personas que sufren vit\u00edligo. Se aplica solamente en las zonas despigmentadas para lograr un color uniforme, que oculte las manchas blancas.<\/p>\n<p><strong>Presentaci\u00f3n:\u00a0<\/strong>200cc<\/p>\n","protected":false},"featured_media":29847,"template":"","meta":{"_joinchat":[]},"product_brand":[],"product_cat":[159],"product_tag":[],"class_list":{"0":"post-28409","1":"product","2":"type-product","3":"status-publish","4":"has-post-thumbnail","6":"product_cat-estetica","8":"first","9":"outofstock","10":"purchasable","11":"product-type-simple"},"yoast_head":"<!-- This site is optimized with the Yoast SEO plugin v26.7 - https:\/\/yoast.com\/wordpress\/plugins\/seo\/ -->\n<title>MG BRONCEADOR SIN SOL 200CC - Aromas &amp; Sabores Naturales<\/title>\n<meta name=\"robots\" content=\"index, follow, max-snippet:-1, max-image-preview:large, max-video-preview:-1\" \/>\n<link rel=\"canonical\" href=\"https:\/\/aromasysabores.net\/tienda\/producto\/mg-bronceador-sin-sol-200cc\/\" \/>\n<meta property=\"og:locale\" content=\"es_ES\" \/>\n<meta property=\"og:type\" content=\"article\" \/>\n<meta property=\"og:title\" content=\"MG BRONCEADOR SIN SOL 200CC - Aromas &amp; Sabores Naturales\" \/>\n<meta property=\"og:description\" content=\"Debido al peligro que conlleva el bronceado por medio del sol, la ciencia ha llegado al descubrimiento del bronceado sin sol. Compuesto por DHA (Dihidroxi-Acetona) una sustancia que da color a la piel sin correr riesgos para la salud. Su acci\u00f3n act\u00faa por oxidaci\u00f3n de las prote\u00ednas y amino\u00e1cidos que constituyen la piel, la cual se obtiene en pocas horas y con gran sencillez.  Es un producto ideal para cuando no podemos o no queremos exponernos al sol pero s\u00ed tener un color bronceado.  No contiene pantalla solar.  Composici\u00f3n:   Col\u00e1geno:\u00a0afirmante y reparador de la piel.  Vitamina E:\u00a0importante antioxidante.  DHA:\u00a0productor del bronceado sin riesgo.  Base humectante:\u00a0evita el resecamiento de la piel.  Aplicaci\u00f3n:\u00a0   Previo a la primera aplicaci\u00f3n realizar una exfoliaci\u00f3n con Gel de S\u00edlice en las zonas a aplicar.  Con la piel seca aplicar Humectante 3R o Aloe y Manzanilla.  Aplicar el Bronceador sin sol directamente con las manos, tratando de realizar una distribuci\u00f3n uniforme, esperar de 10 a 15 minutos para que se seque bien antes de vestirse.  Lavarse muy bien las manos para que no queden manchadas o usar guantes descartables.  Logramos un aumento del color de la piel en el curso de 2 a 3 horas.  Repetir la aplicaci\u00f3n si se desea una tonalidad m\u00e1s oscura, tantas veces como se desee.  El Bronceador sin Sol puede ser aplicado en el rostro sin ning\u00fan inconveniente, siempre teniendo en cuenta extenderlo de forma uniforme. En este caso recomendamos tambi\u00e9n exfoliar el restro previo a la primera aplicaci\u00f3n.  Otro importante uso que se le da es para cubrir las zonas despigmentadas de la piel de las personas que sufren vit\u00edligo. Se aplica solamente en las zonas despigmentadas para lograr un color uniforme, que oculte las manchas blancas.  Presentaci\u00f3n:\u00a0200cc\" \/>\n<meta property=\"og:url\" content=\"https:\/\/aromasysabores.net\/tienda\/producto\/mg-bronceador-sin-sol-200cc\/\" \/>\n<meta property=\"og:site_name\" content=\"Aromas &amp; Sabores Naturales\" \/>\n<meta property=\"article:modified_time\" content=\"2026-03-16T18:21:14+00:00\" \/>\n<meta property=\"og:image\" content=\"https:\/\/aromasysabores.net\/tienda\/wp-content\/uploads\/2020\/12\/MG-BRONCEADOR-SIN-SOL-200CC.jpg\" \/>\n\t<meta property=\"og:image:width\" content=\"800\" \/>\n\t<meta property=\"og:image:height\" content=\"800\" \/>\n\t<meta property=\"og:image:type\" content=\"image\/jpeg\" \/>\n<meta name=\"twitter:card\" content=\"summary_large_image\" \/>\n<script type=\"application\/ld+json\" class=\"yoast-schema-graph\">{\"@context\":\"https:\/\/schema.org\",\"@graph\":[{\"@type\":\"WebPage\",\"@id\":\"https:\/\/aromasysabores.net\/tienda\/producto\/mg-bronceador-sin-sol-200cc\/\",\"url\":\"https:\/\/aromasysabores.net\/tienda\/producto\/mg-bronceador-sin-sol-200cc\/\",\"name\":\"MG BRONCEADOR SIN SOL 200CC - Aromas &amp; Sabores Naturales\",\"isPartOf\":{\"@id\":\"https:\/\/aromasysabores.net\/tienda\/#website\"},\"primaryImageOfPage\":{\"@id\":\"https:\/\/aromasysabores.net\/tienda\/producto\/mg-bronceador-sin-sol-200cc\/#primaryimage\"},\"image\":{\"@id\":\"https:\/\/aromasysabores.net\/tienda\/producto\/mg-bronceador-sin-sol-200cc\/#primaryimage\"},\"thumbnailUrl\":\"https:\/\/aromasysabores.net\/tienda\/wp-content\/uploads\/2020\/12\/MG-BRONCEADOR-SIN-SOL-200CC.jpg\",\"datePublished\":\"2020-12-22T06:02:54+00:00\",\"dateModified\":\"2026-03-16T18:21:14+00:00\",\"breadcrumb\":{\"@id\":\"https:\/\/aromasysabores.net\/tienda\/producto\/mg-bronceador-sin-sol-200cc\/#breadcrumb\"},\"inLanguage\":\"es\",\"potentialAction\":[{\"@type\":\"ReadAction\",\"target\":[\"https:\/\/aromasysabores.net\/tienda\/producto\/mg-bronceador-sin-sol-200cc\/\"]}]},{\"@type\":\"ImageObject\",\"inLanguage\":\"es\",\"@id\":\"https:\/\/aromasysabores.net\/tienda\/producto\/mg-bronceador-sin-sol-200cc\/#primaryimage\",\"url\":\"https:\/\/aromasysabores.net\/tienda\/wp-content\/uploads\/2020\/12\/MG-BRONCEADOR-SIN-SOL-200CC.jpg\",\"contentUrl\":\"https:\/\/aromasysabores.net\/tienda\/wp-content\/uploads\/2020\/12\/MG-BRONCEADOR-SIN-SOL-200CC.jpg\",\"width\":800,\"height\":800},{\"@type\":\"BreadcrumbList\",\"@id\":\"https:\/\/aromasysabores.net\/tienda\/producto\/mg-bronceador-sin-sol-200cc\/#breadcrumb\",\"itemListElement\":[{\"@type\":\"ListItem\",\"position\":1,\"name\":\"Portada\",\"item\":\"https:\/\/aromasysabores.net\/tienda\/\"},{\"@type\":\"ListItem\",\"position\":2,\"name\":\"Tienda Natural\",\"item\":\"https:\/\/aromasysabores.net\/tienda\/\"},{\"@type\":\"ListItem\",\"position\":3,\"name\":\"MG BRONCEADOR SIN SOL 200CC\"}]},{\"@type\":\"WebSite\",\"@id\":\"https:\/\/aromasysabores.net\/tienda\/#website\",\"url\":\"https:\/\/aromasysabores.net\/tienda\/\",\"name\":\"Aromas &amp; Sabores Naturales\",\"description\":\"Tienda online natural\",\"potentialAction\":[{\"@type\":\"SearchAction\",\"target\":{\"@type\":\"EntryPoint\",\"urlTemplate\":\"https:\/\/aromasysabores.net\/tienda\/?s={search_term_string}\"},\"query-input\":{\"@type\":\"PropertyValueSpecification\",\"valueRequired\":true,\"valueName\":\"search_term_string\"}}],\"inLanguage\":\"es\"}]}<\/script>\n<!-- \/ Yoast SEO plugin. -->","yoast_head_json":{"title":"MG BRONCEADOR SIN SOL 200CC - Aromas &amp; Sabores Naturales","robots":{"index":"index","follow":"follow","max-snippet":"max-snippet:-1","max-image-preview":"max-image-preview:large","max-video-preview":"max-video-preview:-1"},"canonical":"https:\/\/aromasysabores.net\/tienda\/producto\/mg-bronceador-sin-sol-200cc\/","og_locale":"es_ES","og_type":"article","og_title":"MG BRONCEADOR SIN SOL 200CC - Aromas &amp; Sabores Naturales","og_description":"Debido al peligro que conlleva el bronceado por medio del sol, la ciencia ha llegado al descubrimiento del bronceado sin sol. Compuesto por DHA (Dihidroxi-Acetona) una sustancia que da color a la piel sin correr riesgos para la salud. Su acci\u00f3n act\u00faa por oxidaci\u00f3n de las prote\u00ednas y amino\u00e1cidos que constituyen la piel, la cual se obtiene en pocas horas y con gran sencillez.  Es un producto ideal para cuando no podemos o no queremos exponernos al sol pero s\u00ed tener un color bronceado.  No contiene pantalla solar.  Composici\u00f3n:   Col\u00e1geno:\u00a0afirmante y reparador de la piel.  Vitamina E:\u00a0importante antioxidante.  DHA:\u00a0productor del bronceado sin riesgo.  Base humectante:\u00a0evita el resecamiento de la piel.  Aplicaci\u00f3n:\u00a0   Previo a la primera aplicaci\u00f3n realizar una exfoliaci\u00f3n con Gel de S\u00edlice en las zonas a aplicar.  Con la piel seca aplicar Humectante 3R o Aloe y Manzanilla.  Aplicar el Bronceador sin sol directamente con las manos, tratando de realizar una distribuci\u00f3n uniforme, esperar de 10 a 15 minutos para que se seque bien antes de vestirse.  Lavarse muy bien las manos para que no queden manchadas o usar guantes descartables.  Logramos un aumento del color de la piel en el curso de 2 a 3 horas.  Repetir la aplicaci\u00f3n si se desea una tonalidad m\u00e1s oscura, tantas veces como se desee.  El Bronceador sin Sol puede ser aplicado en el rostro sin ning\u00fan inconveniente, siempre teniendo en cuenta extenderlo de forma uniforme. En este caso recomendamos tambi\u00e9n exfoliar el restro previo a la primera aplicaci\u00f3n.  Otro importante uso que se le da es para cubrir las zonas despigmentadas de la piel de las personas que sufren vit\u00edligo. Se aplica solamente en las zonas despigmentadas para lograr un color uniforme, que oculte las manchas blancas.  Presentaci\u00f3n:\u00a0200cc","og_url":"https:\/\/aromasysabores.net\/tienda\/producto\/mg-bronceador-sin-sol-200cc\/","og_site_name":"Aromas &amp; Sabores Naturales","article_modified_time":"2026-03-16T18:21:14+00:00","og_image":[{"width":800,"height":800,"url":"https:\/\/aromasysabores.net\/tienda\/wp-content\/uploads\/2020\/12\/MG-BRONCEADOR-SIN-SOL-200CC.jpg","type":"image\/jpeg"}],"twitter_card":"summary_large_image","schema":{"@context":"https:\/\/schema.org","@graph":[{"@type":"WebPage","@id":"https:\/\/aromasysabores.net\/tienda\/producto\/mg-bronceador-sin-sol-200cc\/","url":"https:\/\/aromasysabores.net\/tienda\/producto\/mg-bronceador-sin-sol-200cc\/","name":"MG BRONCEADOR SIN SOL 200CC - Aromas &amp; Sabores Naturales","isPartOf":{"@id":"https:\/\/aromasysabores.net\/tienda\/#website"},"primaryImageOfPage":{"@id":"https:\/\/aromasysabores.net\/tienda\/producto\/mg-bronceador-sin-sol-200cc\/#primaryimage"},"image":{"@id":"https:\/\/aromasysabores.net\/tienda\/producto\/mg-bronceador-sin-sol-200cc\/#primaryimage"},"thumbnailUrl":"https:\/\/aromasysabores.net\/tienda\/wp-content\/uploads\/2020\/12\/MG-BRONCEADOR-SIN-SOL-200CC.jpg","datePublished":"2020-12-22T06:02:54+00:00","dateModified":"2026-03-16T18:21:14+00:00","breadcrumb":{"@id":"https:\/\/aromasysabores.net\/tienda\/producto\/mg-bronceador-sin-sol-200cc\/#breadcrumb"},"inLanguage":"es","potentialAction":[{"@type":"ReadAction","target":["https:\/\/aromasysabores.net\/tienda\/producto\/mg-bronceador-sin-sol-200cc\/"]}]},{"@type":"ImageObject","inLanguage":"es","@id":"https:\/\/aromasysabores.net\/tienda\/producto\/mg-bronceador-sin-sol-200cc\/#primaryimage","url":"https:\/\/aromasysabores.net\/tienda\/wp-content\/uploads\/2020\/12\/MG-BRONCEADOR-SIN-SOL-200CC.jpg","contentUrl":"https:\/\/aromasysabores.net\/tienda\/wp-content\/uploads\/2020\/12\/MG-BRONCEADOR-SIN-SOL-200CC.jpg","width":800,"height":800},{"@type":"BreadcrumbList","@id":"https:\/\/aromasysabores.net\/tienda\/producto\/mg-bronceador-sin-sol-200cc\/#breadcrumb","itemListElement":[{"@type":"ListItem","position":1,"name":"Portada","item":"https:\/\/aromasysabores.net\/tienda\/"},{"@type":"ListItem","position":2,"name":"Tienda Natural","item":"https:\/\/aromasysabores.net\/tienda\/"},{"@type":"ListItem","position":3,"name":"MG BRONCEADOR SIN SOL 200CC"}]},{"@type":"WebSite","@id":"https:\/\/aromasysabores.net\/tienda\/#website","url":"https:\/\/aromasysabores.net\/tienda\/","name":"Aromas &amp; Sabores Naturales","description":"Tienda online natural","potentialAction":[{"@type":"SearchAction","target":{"@type":"EntryPoint","urlTemplate":"https:\/\/aromasysabores.net\/tienda\/?s={search_term_string}"},"query-input":{"@type":"PropertyValueSpecification","valueRequired":true,"valueName":"search_term_string"}}],"inLanguage":"es"}]}},"_links":{"self":[{"href":"https:\/\/aromasysabores.net\/tienda\/wp-json\/wp\/v2\/product\/28409","targetHints":{"allow":["GET"]}}],"collection":[{"href":"https:\/\/aromasysabores.net\/tienda\/wp-json\/wp\/v2\/product"}],"about":[{"href":"https:\/\/aromasysabores.net\/tienda\/wp-json\/wp\/v2\/types\/product"}],"wp:featuredmedia":[{"embeddable":true,"href":"https:\/\/aromasysabores.net\/tienda\/wp-json\/wp\/v2\/media\/29847"}],"wp:attachment":[{"href":"https:\/\/aromasysabores.net\/tienda\/wp-json\/wp\/v2\/media?parent=28409"}],"wp:term":[{"taxonomy":"product_brand","embeddable":true,"href":"https:\/\/aromasysabores.net\/tienda\/wp-json\/wp\/v2\/product_brand?post=28409"},{"taxonomy":"product_cat","embeddable":true,"href":"https:\/\/aromasysabores.net\/tienda\/wp-json\/wp\/v2\/product_cat?post=28409"},{"taxonomy":"product_tag","embeddable":true,"href":"https:\/\/aromasysabores.net\/tienda\/wp-json\/wp\/v2\/product_tag?post=28409"}],"curies":[{"name":"wp","href":"https:\/\/api.w.org\/{rel}","templated":true}]}}