
{"id":28505,"date":"2020-12-22T06:03:34","date_gmt":"2020-12-22T06:03:34","guid":{"rendered":"https:\/\/aromasysabores.net\/tienda\/producto\/hahnemann-locion-antimicotica-para-pies-30cc\/"},"modified":"2026-03-16T18:20:56","modified_gmt":"2026-03-16T18:20:56","slug":"hahnemann-locion-antimicotica-para-pies-30cc","status":"publish","type":"product","link":"https:\/\/aromasysabores.net\/tienda\/producto\/hahnemann-locion-antimicotica-para-pies-30cc\/","title":{"rendered":"HAHNEMANN LOCION ANTIMICOTICA  PARA PIES 30CC"},"content":{"rendered":"<p>Pies frescos y protegidos. Con Prop\u00f3leo, Cal\u00e9ndula y Tea Tree. Tres componentes que se destacan por sus propiedades antimic\u00f3ticas y antis\u00e9pticas d\u00e1ndole a tus pies el mayor bienestar y comodidad.<\/p>\n","protected":false},"excerpt":{"rendered":"<p>Pies frescos y protegidos. Antimic\u00f3tica y antis\u00e9ptica.<\/p>\n","protected":false},"featured_media":29824,"template":"","meta":{"_joinchat":[]},"product_brand":[],"product_cat":[159],"product_tag":[],"class_list":{"0":"post-28505","1":"product","2":"type-product","3":"status-publish","4":"has-post-thumbnail","6":"product_cat-estetica","8":"first","9":"instock","10":"purchasable","11":"product-type-simple"},"yoast_head":"<!-- This site is optimized with the Yoast SEO plugin v26.7 - https:\/\/yoast.com\/wordpress\/plugins\/seo\/ -->\n<title>HAHNEMANN LOCION ANTIMICOTICA PARA PIES 30CC - Aromas &amp; Sabores Naturales<\/title>\n<meta name=\"robots\" content=\"index, follow, max-snippet:-1, max-image-preview:large, max-video-preview:-1\" \/>\n<link rel=\"canonical\" href=\"https:\/\/aromasysabores.net\/tienda\/producto\/hahnemann-locion-antimicotica-para-pies-30cc\/\" \/>\n<meta property=\"og:locale\" content=\"es_ES\" \/>\n<meta property=\"og:type\" content=\"article\" \/>\n<meta property=\"og:title\" content=\"HAHNEMANN LOCION ANTIMICOTICA PARA PIES 30CC - Aromas &amp; Sabores Naturales\" \/>\n<meta property=\"og:description\" content=\"Pies frescos y protegidos. Antimic\u00f3tica y antis\u00e9ptica.\" \/>\n<meta property=\"og:url\" content=\"https:\/\/aromasysabores.net\/tienda\/producto\/hahnemann-locion-antimicotica-para-pies-30cc\/\" \/>\n<meta property=\"og:site_name\" content=\"Aromas &amp; Sabores Naturales\" \/>\n<meta property=\"article:modified_time\" content=\"2026-03-16T18:20:56+00:00\" \/>\n<meta property=\"og:image\" content=\"https:\/\/aromasysabores.net\/tienda\/wp-content\/uploads\/2020\/12\/HAHNEMANN-LOCION-ANTIMICOTICA-PARA-PIES-30CC.jpg\" \/>\n\t<meta property=\"og:image:width\" content=\"600\" \/>\n\t<meta property=\"og:image:height\" content=\"600\" \/>\n\t<meta property=\"og:image:type\" content=\"image\/jpeg\" \/>\n<meta name=\"twitter:card\" content=\"summary_large_image\" \/>\n<meta name=\"twitter:label1\" content=\"Tiempo de lectura\" \/>\n\t<meta name=\"twitter:data1\" content=\"1 minuto\" \/>\n<script type=\"application\/ld+json\" class=\"yoast-schema-graph\">{\"@context\":\"https:\/\/schema.org\",\"@graph\":[{\"@type\":\"WebPage\",\"@id\":\"https:\/\/aromasysabores.net\/tienda\/producto\/hahnemann-locion-antimicotica-para-pies-30cc\/\",\"url\":\"https:\/\/aromasysabores.net\/tienda\/producto\/hahnemann-locion-antimicotica-para-pies-30cc\/\",\"name\":\"HAHNEMANN LOCION ANTIMICOTICA PARA PIES 30CC - Aromas &amp; Sabores Naturales\",\"isPartOf\":{\"@id\":\"https:\/\/aromasysabores.net\/tienda\/#website\"},\"primaryImageOfPage\":{\"@id\":\"https:\/\/aromasysabores.net\/tienda\/producto\/hahnemann-locion-antimicotica-para-pies-30cc\/#primaryimage\"},\"image\":{\"@id\":\"https:\/\/aromasysabores.net\/tienda\/producto\/hahnemann-locion-antimicotica-para-pies-30cc\/#primaryimage\"},\"thumbnailUrl\":\"https:\/\/aromasysabores.net\/tienda\/wp-content\/uploads\/2020\/12\/HAHNEMANN-LOCION-ANTIMICOTICA-PARA-PIES-30CC.jpg\",\"datePublished\":\"2020-12-22T06:03:34+00:00\",\"dateModified\":\"2026-03-16T18:20:56+00:00\",\"breadcrumb\":{\"@id\":\"https:\/\/aromasysabores.net\/tienda\/producto\/hahnemann-locion-antimicotica-para-pies-30cc\/#breadcrumb\"},\"inLanguage\":\"es\",\"potentialAction\":[{\"@type\":\"ReadAction\",\"target\":[\"https:\/\/aromasysabores.net\/tienda\/producto\/hahnemann-locion-antimicotica-para-pies-30cc\/\"]}]},{\"@type\":\"ImageObject\",\"inLanguage\":\"es\",\"@id\":\"https:\/\/aromasysabores.net\/tienda\/producto\/hahnemann-locion-antimicotica-para-pies-30cc\/#primaryimage\",\"url\":\"https:\/\/aromasysabores.net\/tienda\/wp-content\/uploads\/2020\/12\/HAHNEMANN-LOCION-ANTIMICOTICA-PARA-PIES-30CC.jpg\",\"contentUrl\":\"https:\/\/aromasysabores.net\/tienda\/wp-content\/uploads\/2020\/12\/HAHNEMANN-LOCION-ANTIMICOTICA-PARA-PIES-30CC.jpg\",\"width\":600,\"height\":600},{\"@type\":\"BreadcrumbList\",\"@id\":\"https:\/\/aromasysabores.net\/tienda\/producto\/hahnemann-locion-antimicotica-para-pies-30cc\/#breadcrumb\",\"itemListElement\":[{\"@type\":\"ListItem\",\"position\":1,\"name\":\"Portada\",\"item\":\"https:\/\/aromasysabores.net\/tienda\/\"},{\"@type\":\"ListItem\",\"position\":2,\"name\":\"Tienda Natural\",\"item\":\"https:\/\/aromasysabores.net\/tienda\/\"},{\"@type\":\"ListItem\",\"position\":3,\"name\":\"HAHNEMANN LOCION ANTIMICOTICA PARA PIES 30CC\"}]},{\"@type\":\"WebSite\",\"@id\":\"https:\/\/aromasysabores.net\/tienda\/#website\",\"url\":\"https:\/\/aromasysabores.net\/tienda\/\",\"name\":\"Aromas &amp; Sabores Naturales\",\"description\":\"Tienda online natural\",\"potentialAction\":[{\"@type\":\"SearchAction\",\"target\":{\"@type\":\"EntryPoint\",\"urlTemplate\":\"https:\/\/aromasysabores.net\/tienda\/?s={search_term_string}\"},\"query-input\":{\"@type\":\"PropertyValueSpecification\",\"valueRequired\":true,\"valueName\":\"search_term_string\"}}],\"inLanguage\":\"es\"}]}<\/script>\n<!-- \/ Yoast SEO plugin. -->","yoast_head_json":{"title":"HAHNEMANN LOCION ANTIMICOTICA PARA PIES 30CC - Aromas &amp; Sabores Naturales","robots":{"index":"index","follow":"follow","max-snippet":"max-snippet:-1","max-image-preview":"max-image-preview:large","max-video-preview":"max-video-preview:-1"},"canonical":"https:\/\/aromasysabores.net\/tienda\/producto\/hahnemann-locion-antimicotica-para-pies-30cc\/","og_locale":"es_ES","og_type":"article","og_title":"HAHNEMANN LOCION ANTIMICOTICA PARA PIES 30CC - Aromas &amp; Sabores Naturales","og_description":"Pies frescos y protegidos. Antimic\u00f3tica y antis\u00e9ptica.","og_url":"https:\/\/aromasysabores.net\/tienda\/producto\/hahnemann-locion-antimicotica-para-pies-30cc\/","og_site_name":"Aromas &amp; Sabores Naturales","article_modified_time":"2026-03-16T18:20:56+00:00","og_image":[{"width":600,"height":600,"url":"https:\/\/aromasysabores.net\/tienda\/wp-content\/uploads\/2020\/12\/HAHNEMANN-LOCION-ANTIMICOTICA-PARA-PIES-30CC.jpg","type":"image\/jpeg"}],"twitter_card":"summary_large_image","twitter_misc":{"Tiempo de lectura":"1 minuto"},"schema":{"@context":"https:\/\/schema.org","@graph":[{"@type":"WebPage","@id":"https:\/\/aromasysabores.net\/tienda\/producto\/hahnemann-locion-antimicotica-para-pies-30cc\/","url":"https:\/\/aromasysabores.net\/tienda\/producto\/hahnemann-locion-antimicotica-para-pies-30cc\/","name":"HAHNEMANN LOCION ANTIMICOTICA PARA PIES 30CC - Aromas &amp; Sabores Naturales","isPartOf":{"@id":"https:\/\/aromasysabores.net\/tienda\/#website"},"primaryImageOfPage":{"@id":"https:\/\/aromasysabores.net\/tienda\/producto\/hahnemann-locion-antimicotica-para-pies-30cc\/#primaryimage"},"image":{"@id":"https:\/\/aromasysabores.net\/tienda\/producto\/hahnemann-locion-antimicotica-para-pies-30cc\/#primaryimage"},"thumbnailUrl":"https:\/\/aromasysabores.net\/tienda\/wp-content\/uploads\/2020\/12\/HAHNEMANN-LOCION-ANTIMICOTICA-PARA-PIES-30CC.jpg","datePublished":"2020-12-22T06:03:34+00:00","dateModified":"2026-03-16T18:20:56+00:00","breadcrumb":{"@id":"https:\/\/aromasysabores.net\/tienda\/producto\/hahnemann-locion-antimicotica-para-pies-30cc\/#breadcrumb"},"inLanguage":"es","potentialAction":[{"@type":"ReadAction","target":["https:\/\/aromasysabores.net\/tienda\/producto\/hahnemann-locion-antimicotica-para-pies-30cc\/"]}]},{"@type":"ImageObject","inLanguage":"es","@id":"https:\/\/aromasysabores.net\/tienda\/producto\/hahnemann-locion-antimicotica-para-pies-30cc\/#primaryimage","url":"https:\/\/aromasysabores.net\/tienda\/wp-content\/uploads\/2020\/12\/HAHNEMANN-LOCION-ANTIMICOTICA-PARA-PIES-30CC.jpg","contentUrl":"https:\/\/aromasysabores.net\/tienda\/wp-content\/uploads\/2020\/12\/HAHNEMANN-LOCION-ANTIMICOTICA-PARA-PIES-30CC.jpg","width":600,"height":600},{"@type":"BreadcrumbList","@id":"https:\/\/aromasysabores.net\/tienda\/producto\/hahnemann-locion-antimicotica-para-pies-30cc\/#breadcrumb","itemListElement":[{"@type":"ListItem","position":1,"name":"Portada","item":"https:\/\/aromasysabores.net\/tienda\/"},{"@type":"ListItem","position":2,"name":"Tienda Natural","item":"https:\/\/aromasysabores.net\/tienda\/"},{"@type":"ListItem","position":3,"name":"HAHNEMANN LOCION ANTIMICOTICA PARA PIES 30CC"}]},{"@type":"WebSite","@id":"https:\/\/aromasysabores.net\/tienda\/#website","url":"https:\/\/aromasysabores.net\/tienda\/","name":"Aromas &amp; Sabores Naturales","description":"Tienda online natural","potentialAction":[{"@type":"SearchAction","target":{"@type":"EntryPoint","urlTemplate":"https:\/\/aromasysabores.net\/tienda\/?s={search_term_string}"},"query-input":{"@type":"PropertyValueSpecification","valueRequired":true,"valueName":"search_term_string"}}],"inLanguage":"es"}]}},"_links":{"self":[{"href":"https:\/\/aromasysabores.net\/tienda\/wp-json\/wp\/v2\/product\/28505","targetHints":{"allow":["GET"]}}],"collection":[{"href":"https:\/\/aromasysabores.net\/tienda\/wp-json\/wp\/v2\/product"}],"about":[{"href":"https:\/\/aromasysabores.net\/tienda\/wp-json\/wp\/v2\/types\/product"}],"wp:featuredmedia":[{"embeddable":true,"href":"https:\/\/aromasysabores.net\/tienda\/wp-json\/wp\/v2\/media\/29824"}],"wp:attachment":[{"href":"https:\/\/aromasysabores.net\/tienda\/wp-json\/wp\/v2\/media?parent=28505"}],"wp:term":[{"taxonomy":"product_brand","embeddable":true,"href":"https:\/\/aromasysabores.net\/tienda\/wp-json\/wp\/v2\/product_brand?post=28505"},{"taxonomy":"product_cat","embeddable":true,"href":"https:\/\/aromasysabores.net\/tienda\/wp-json\/wp\/v2\/product_cat?post=28505"},{"taxonomy":"product_tag","embeddable":true,"href":"https:\/\/aromasysabores.net\/tienda\/wp-json\/wp\/v2\/product_tag?post=28505"}],"curies":[{"name":"wp","href":"https:\/\/api.w.org\/{rel}","templated":true}]}}