
{"id":28988,"date":"2020-12-22T06:07:27","date_gmt":"2020-12-22T06:07:27","guid":{"rendered":"https:\/\/aromasysabores.net\/tienda\/producto\/te-blanco\/"},"modified":"2026-04-18T14:09:21","modified_gmt":"2026-04-18T14:09:21","slug":"te-blanco","status":"publish","type":"product","link":"https:\/\/aromasysabores.net\/tienda\/producto\/te-blanco\/","title":{"rendered":"TE BLANCO"},"content":{"rendered":"","protected":false},"excerpt":{"rendered":"<p>Adem\u00e1s, las propiedades del t\u00e9 blanco y los beneficios que proporciona a la salud son sin duda alguna extraordinarios. Es por eso muchos expertos recomiendan su consumo diario. El t\u00e9 es algo muy caracter\u00edsticos de las culturas europeas y orientales, pues es una tradici\u00f3n tomar t\u00e9 para compartir con las dem\u00e1s personas, lo que es una similitud del caf\u00e9 en la regi\u00f3n occidental. Si a\u00fan nos est\u00e1 este maravilloso t\u00e9 blanco en la lista de infusiones importantes, junto a otras variedades de t\u00e9 e infusiones deliciosas, altamente nutricionales y curativas, te recomendamos que lo tengas en cuenta.<\/p>\n","protected":false},"featured_media":29350,"template":"","meta":{"_joinchat":[]},"product_brand":[],"product_cat":[154],"product_tag":[],"class_list":{"0":"post-28988","1":"product","2":"type-product","3":"status-publish","4":"has-post-thumbnail","6":"product_cat-hierbas-bolsa","8":"first","9":"outofstock","10":"purchasable","11":"product-type-simple"},"yoast_head":"<!-- This site is optimized with the Yoast SEO plugin v26.7 - https:\/\/yoast.com\/wordpress\/plugins\/seo\/ -->\n<title>TE BLANCO - Aromas &amp; Sabores Naturales<\/title>\n<meta name=\"robots\" content=\"index, follow, max-snippet:-1, max-image-preview:large, max-video-preview:-1\" \/>\n<link rel=\"canonical\" href=\"https:\/\/aromasysabores.net\/tienda\/producto\/te-blanco\/\" \/>\n<meta property=\"og:locale\" content=\"es_ES\" \/>\n<meta property=\"og:type\" content=\"article\" \/>\n<meta property=\"og:title\" content=\"TE BLANCO - Aromas &amp; Sabores Naturales\" \/>\n<meta property=\"og:description\" content=\"Adem\u00e1s, las propiedades del t\u00e9 blanco y los beneficios que proporciona a la salud son sin duda alguna extraordinarios. Es por eso muchos expertos recomiendan su consumo diario. El t\u00e9 es algo muy caracter\u00edsticos de las culturas europeas y orientales, pues es una tradici\u00f3n tomar t\u00e9 para compartir con las dem\u00e1s personas, lo que es una similitud del caf\u00e9 en la regi\u00f3n occidental. Si a\u00fan nos est\u00e1 este maravilloso t\u00e9 blanco en la lista de infusiones importantes, junto a otras variedades de t\u00e9 e infusiones deliciosas, altamente nutricionales y curativas, te recomendamos que lo tengas en cuenta.\" \/>\n<meta property=\"og:url\" content=\"https:\/\/aromasysabores.net\/tienda\/producto\/te-blanco\/\" \/>\n<meta property=\"og:site_name\" content=\"Aromas &amp; Sabores Naturales\" \/>\n<meta property=\"article:modified_time\" content=\"2026-04-18T14:09:21+00:00\" \/>\n<meta property=\"og:image\" content=\"https:\/\/aromasysabores.net\/tienda\/wp-content\/uploads\/2020\/12\/te_blanco-600x600-1.jpg\" \/>\n\t<meta property=\"og:image:width\" content=\"600\" \/>\n\t<meta property=\"og:image:height\" content=\"600\" \/>\n\t<meta property=\"og:image:type\" content=\"image\/jpeg\" \/>\n<meta name=\"twitter:card\" content=\"summary_large_image\" \/>\n<script type=\"application\/ld+json\" class=\"yoast-schema-graph\">{\"@context\":\"https:\/\/schema.org\",\"@graph\":[{\"@type\":\"WebPage\",\"@id\":\"https:\/\/aromasysabores.net\/tienda\/producto\/te-blanco\/\",\"url\":\"https:\/\/aromasysabores.net\/tienda\/producto\/te-blanco\/\",\"name\":\"TE BLANCO - Aromas &amp; Sabores Naturales\",\"isPartOf\":{\"@id\":\"https:\/\/aromasysabores.net\/tienda\/#website\"},\"primaryImageOfPage\":{\"@id\":\"https:\/\/aromasysabores.net\/tienda\/producto\/te-blanco\/#primaryimage\"},\"image\":{\"@id\":\"https:\/\/aromasysabores.net\/tienda\/producto\/te-blanco\/#primaryimage\"},\"thumbnailUrl\":\"https:\/\/aromasysabores.net\/tienda\/wp-content\/uploads\/2020\/12\/te_blanco-600x600-1.jpg\",\"datePublished\":\"2020-12-22T06:07:27+00:00\",\"dateModified\":\"2026-04-18T14:09:21+00:00\",\"breadcrumb\":{\"@id\":\"https:\/\/aromasysabores.net\/tienda\/producto\/te-blanco\/#breadcrumb\"},\"inLanguage\":\"es\",\"potentialAction\":[{\"@type\":\"ReadAction\",\"target\":[\"https:\/\/aromasysabores.net\/tienda\/producto\/te-blanco\/\"]}]},{\"@type\":\"ImageObject\",\"inLanguage\":\"es\",\"@id\":\"https:\/\/aromasysabores.net\/tienda\/producto\/te-blanco\/#primaryimage\",\"url\":\"https:\/\/aromasysabores.net\/tienda\/wp-content\/uploads\/2020\/12\/te_blanco-600x600-1.jpg\",\"contentUrl\":\"https:\/\/aromasysabores.net\/tienda\/wp-content\/uploads\/2020\/12\/te_blanco-600x600-1.jpg\",\"width\":600,\"height\":600},{\"@type\":\"BreadcrumbList\",\"@id\":\"https:\/\/aromasysabores.net\/tienda\/producto\/te-blanco\/#breadcrumb\",\"itemListElement\":[{\"@type\":\"ListItem\",\"position\":1,\"name\":\"Portada\",\"item\":\"https:\/\/aromasysabores.net\/tienda\/\"},{\"@type\":\"ListItem\",\"position\":2,\"name\":\"Tienda Natural\",\"item\":\"https:\/\/aromasysabores.net\/tienda\/\"},{\"@type\":\"ListItem\",\"position\":3,\"name\":\"TE BLANCO\"}]},{\"@type\":\"WebSite\",\"@id\":\"https:\/\/aromasysabores.net\/tienda\/#website\",\"url\":\"https:\/\/aromasysabores.net\/tienda\/\",\"name\":\"Aromas &amp; Sabores Naturales\",\"description\":\"Tienda online natural\",\"potentialAction\":[{\"@type\":\"SearchAction\",\"target\":{\"@type\":\"EntryPoint\",\"urlTemplate\":\"https:\/\/aromasysabores.net\/tienda\/?s={search_term_string}\"},\"query-input\":{\"@type\":\"PropertyValueSpecification\",\"valueRequired\":true,\"valueName\":\"search_term_string\"}}],\"inLanguage\":\"es\"}]}<\/script>\n<!-- \/ Yoast SEO plugin. -->","yoast_head_json":{"title":"TE BLANCO - Aromas &amp; Sabores Naturales","robots":{"index":"index","follow":"follow","max-snippet":"max-snippet:-1","max-image-preview":"max-image-preview:large","max-video-preview":"max-video-preview:-1"},"canonical":"https:\/\/aromasysabores.net\/tienda\/producto\/te-blanco\/","og_locale":"es_ES","og_type":"article","og_title":"TE BLANCO - Aromas &amp; Sabores Naturales","og_description":"Adem\u00e1s, las propiedades del t\u00e9 blanco y los beneficios que proporciona a la salud son sin duda alguna extraordinarios. Es por eso muchos expertos recomiendan su consumo diario. El t\u00e9 es algo muy caracter\u00edsticos de las culturas europeas y orientales, pues es una tradici\u00f3n tomar t\u00e9 para compartir con las dem\u00e1s personas, lo que es una similitud del caf\u00e9 en la regi\u00f3n occidental. Si a\u00fan nos est\u00e1 este maravilloso t\u00e9 blanco en la lista de infusiones importantes, junto a otras variedades de t\u00e9 e infusiones deliciosas, altamente nutricionales y curativas, te recomendamos que lo tengas en cuenta.","og_url":"https:\/\/aromasysabores.net\/tienda\/producto\/te-blanco\/","og_site_name":"Aromas &amp; Sabores Naturales","article_modified_time":"2026-04-18T14:09:21+00:00","og_image":[{"width":600,"height":600,"url":"https:\/\/aromasysabores.net\/tienda\/wp-content\/uploads\/2020\/12\/te_blanco-600x600-1.jpg","type":"image\/jpeg"}],"twitter_card":"summary_large_image","schema":{"@context":"https:\/\/schema.org","@graph":[{"@type":"WebPage","@id":"https:\/\/aromasysabores.net\/tienda\/producto\/te-blanco\/","url":"https:\/\/aromasysabores.net\/tienda\/producto\/te-blanco\/","name":"TE BLANCO - Aromas &amp; Sabores Naturales","isPartOf":{"@id":"https:\/\/aromasysabores.net\/tienda\/#website"},"primaryImageOfPage":{"@id":"https:\/\/aromasysabores.net\/tienda\/producto\/te-blanco\/#primaryimage"},"image":{"@id":"https:\/\/aromasysabores.net\/tienda\/producto\/te-blanco\/#primaryimage"},"thumbnailUrl":"https:\/\/aromasysabores.net\/tienda\/wp-content\/uploads\/2020\/12\/te_blanco-600x600-1.jpg","datePublished":"2020-12-22T06:07:27+00:00","dateModified":"2026-04-18T14:09:21+00:00","breadcrumb":{"@id":"https:\/\/aromasysabores.net\/tienda\/producto\/te-blanco\/#breadcrumb"},"inLanguage":"es","potentialAction":[{"@type":"ReadAction","target":["https:\/\/aromasysabores.net\/tienda\/producto\/te-blanco\/"]}]},{"@type":"ImageObject","inLanguage":"es","@id":"https:\/\/aromasysabores.net\/tienda\/producto\/te-blanco\/#primaryimage","url":"https:\/\/aromasysabores.net\/tienda\/wp-content\/uploads\/2020\/12\/te_blanco-600x600-1.jpg","contentUrl":"https:\/\/aromasysabores.net\/tienda\/wp-content\/uploads\/2020\/12\/te_blanco-600x600-1.jpg","width":600,"height":600},{"@type":"BreadcrumbList","@id":"https:\/\/aromasysabores.net\/tienda\/producto\/te-blanco\/#breadcrumb","itemListElement":[{"@type":"ListItem","position":1,"name":"Portada","item":"https:\/\/aromasysabores.net\/tienda\/"},{"@type":"ListItem","position":2,"name":"Tienda Natural","item":"https:\/\/aromasysabores.net\/tienda\/"},{"@type":"ListItem","position":3,"name":"TE BLANCO"}]},{"@type":"WebSite","@id":"https:\/\/aromasysabores.net\/tienda\/#website","url":"https:\/\/aromasysabores.net\/tienda\/","name":"Aromas &amp; Sabores Naturales","description":"Tienda online natural","potentialAction":[{"@type":"SearchAction","target":{"@type":"EntryPoint","urlTemplate":"https:\/\/aromasysabores.net\/tienda\/?s={search_term_string}"},"query-input":{"@type":"PropertyValueSpecification","valueRequired":true,"valueName":"search_term_string"}}],"inLanguage":"es"}]}},"_links":{"self":[{"href":"https:\/\/aromasysabores.net\/tienda\/wp-json\/wp\/v2\/product\/28988","targetHints":{"allow":["GET"]}}],"collection":[{"href":"https:\/\/aromasysabores.net\/tienda\/wp-json\/wp\/v2\/product"}],"about":[{"href":"https:\/\/aromasysabores.net\/tienda\/wp-json\/wp\/v2\/types\/product"}],"wp:featuredmedia":[{"embeddable":true,"href":"https:\/\/aromasysabores.net\/tienda\/wp-json\/wp\/v2\/media\/29350"}],"wp:attachment":[{"href":"https:\/\/aromasysabores.net\/tienda\/wp-json\/wp\/v2\/media?parent=28988"}],"wp:term":[{"taxonomy":"product_brand","embeddable":true,"href":"https:\/\/aromasysabores.net\/tienda\/wp-json\/wp\/v2\/product_brand?post=28988"},{"taxonomy":"product_cat","embeddable":true,"href":"https:\/\/aromasysabores.net\/tienda\/wp-json\/wp\/v2\/product_cat?post=28988"},{"taxonomy":"product_tag","embeddable":true,"href":"https:\/\/aromasysabores.net\/tienda\/wp-json\/wp\/v2\/product_tag?post=28988"}],"curies":[{"name":"wp","href":"https:\/\/api.w.org\/{rel}","templated":true}]}}