
{"id":29004,"date":"2020-12-22T06:07:30","date_gmt":"2020-12-22T06:07:30","guid":{"rendered":"https:\/\/aromasysabores.net\/tienda\/producto\/proteina-de-soja-gruesa\/"},"modified":"2026-03-16T18:13:36","modified_gmt":"2026-03-16T18:13:36","slug":"proteina-de-soja-gruesa","status":"publish","type":"product","link":"https:\/\/aromasysabores.net\/tienda\/producto\/proteina-de-soja-gruesa\/","title":{"rendered":"PROTEINA DE SOJA GRUESA"},"content":{"rendered":"","protected":false},"excerpt":{"rendered":"<p>La soja texturizada gruesa es m\u00e1s grande que la fina, de entre 2,5 y 3 cm (sin hidratar) en forma de bolitas o trozos m\u00e1s bien esf\u00e9ricos de aspecto esponjoso y fibroso. Al hidratarlos aumenta su tama\u00f1o y se vuelven mucho m\u00e1s tiernos <span class=\"ILfuVd NA6bn\" style=\"color: #333333; font-size: 14.4px;\"><span class=\"hgKElc\">Como una prote\u00edna\u00a0vegetal completa, ofrece toda la gama de amino\u00e1cidos esenciales. Igual a otras\u00a0prote\u00ednas, ayuda a conservar la masa muscular magra y promueve el desarrollo muscular. Como la\u00a0soja\u00a0es una planta, no contiene colesterol encontrados en la\u00a0prote\u00edna animal.<\/span><\/span><\/p>\n<div id=\"exacc_bB5XYcrXJe_P1sQPupOO-AY36\" class=\"MBtdbb\" data-ved=\"2ahUKEwjKvfOfuanzAhXvp5UCHbqJA28Q7NUEegQIEhAD\">\n<div class=\"ymu2Hb\">\n<div id=\"_bB5XYcrXJe_P1sQPupOO-AY37\" class=\"t0bRye a2qtDc r2fjmd\" data-hveid=\"CBIQBA\" data-ved=\"2ahUKEwjKvfOfuanzAhXvp5UCHbqJA28Qu04oAHoECBIQBA\">\n<div id=\"bB5XYcrXJe_P1sQPupOO-AY__22\">\n<div class=\"g\">\n<div data-hveid=\"CAsQAA\" data-ved=\"2ahUKEwjKvfOfuanzAhXvp5UCHbqJA28QFSgAegQICxAA\">\n<div class=\"tF2Cxc\"><\/div>\n<\/div>\n<\/div>\n<\/div>\n<\/div>\n<\/div>\n<\/div>\n","protected":false},"featured_media":32196,"template":"","meta":{"_joinchat":[]},"product_brand":[],"product_cat":[162],"product_tag":[],"class_list":{"0":"post-29004","1":"product","2":"type-product","3":"status-publish","4":"has-post-thumbnail","6":"product_cat-granos-semillas-y-legumbres-a-granel","8":"first","9":"instock","10":"purchasable","11":"product-type-simple"},"yoast_head":"<!-- This site is optimized with the Yoast SEO plugin v26.7 - https:\/\/yoast.com\/wordpress\/plugins\/seo\/ -->\n<title>PROTEINA DE SOJA GRUESA - Aromas &amp; Sabores Naturales<\/title>\n<meta name=\"robots\" content=\"index, follow, max-snippet:-1, max-image-preview:large, max-video-preview:-1\" \/>\n<link rel=\"canonical\" href=\"https:\/\/aromasysabores.net\/tienda\/producto\/proteina-de-soja-gruesa\/\" \/>\n<meta property=\"og:locale\" content=\"es_ES\" \/>\n<meta property=\"og:type\" content=\"article\" \/>\n<meta property=\"og:title\" content=\"PROTEINA DE SOJA GRUESA - Aromas &amp; Sabores Naturales\" \/>\n<meta property=\"og:description\" content=\"La soja texturizada gruesa es m\u00e1s grande que la fina, de entre 2,5 y 3 cm (sin hidratar) en forma de bolitas o trozos m\u00e1s bien esf\u00e9ricos de aspecto esponjoso y fibroso. Al hidratarlos aumenta su tama\u00f1o y se vuelven mucho m\u00e1s tiernos Como una prote\u00edna\u00a0vegetal completa, ofrece toda la gama de amino\u00e1cidos esenciales. Igual a otras\u00a0prote\u00ednas, ayuda a conservar la masa muscular magra y promueve el desarrollo muscular. Como la\u00a0soja\u00a0es una planta, no contiene colesterol encontrados en la\u00a0prote\u00edna animal.\" \/>\n<meta property=\"og:url\" content=\"https:\/\/aromasysabores.net\/tienda\/producto\/proteina-de-soja-gruesa\/\" \/>\n<meta property=\"og:site_name\" content=\"Aromas &amp; Sabores Naturales\" \/>\n<meta property=\"article:modified_time\" content=\"2026-03-16T18:13:36+00:00\" \/>\n<meta property=\"og:image\" content=\"https:\/\/aromasysabores.net\/tienda\/wp-content\/uploads\/2020\/12\/Soja-texturizada-gruesa.jpg\" \/>\n\t<meta property=\"og:image:width\" content=\"768\" \/>\n\t<meta property=\"og:image:height\" content=\"767\" \/>\n\t<meta property=\"og:image:type\" content=\"image\/jpeg\" \/>\n<meta name=\"twitter:card\" content=\"summary_large_image\" \/>\n<script type=\"application\/ld+json\" class=\"yoast-schema-graph\">{\"@context\":\"https:\/\/schema.org\",\"@graph\":[{\"@type\":\"WebPage\",\"@id\":\"https:\/\/aromasysabores.net\/tienda\/producto\/proteina-de-soja-gruesa\/\",\"url\":\"https:\/\/aromasysabores.net\/tienda\/producto\/proteina-de-soja-gruesa\/\",\"name\":\"PROTEINA DE SOJA GRUESA - Aromas &amp; Sabores Naturales\",\"isPartOf\":{\"@id\":\"https:\/\/aromasysabores.net\/tienda\/#website\"},\"primaryImageOfPage\":{\"@id\":\"https:\/\/aromasysabores.net\/tienda\/producto\/proteina-de-soja-gruesa\/#primaryimage\"},\"image\":{\"@id\":\"https:\/\/aromasysabores.net\/tienda\/producto\/proteina-de-soja-gruesa\/#primaryimage\"},\"thumbnailUrl\":\"https:\/\/aromasysabores.net\/tienda\/wp-content\/uploads\/2020\/12\/Soja-texturizada-gruesa.jpg\",\"datePublished\":\"2020-12-22T06:07:30+00:00\",\"dateModified\":\"2026-03-16T18:13:36+00:00\",\"breadcrumb\":{\"@id\":\"https:\/\/aromasysabores.net\/tienda\/producto\/proteina-de-soja-gruesa\/#breadcrumb\"},\"inLanguage\":\"es\",\"potentialAction\":[{\"@type\":\"ReadAction\",\"target\":[\"https:\/\/aromasysabores.net\/tienda\/producto\/proteina-de-soja-gruesa\/\"]}]},{\"@type\":\"ImageObject\",\"inLanguage\":\"es\",\"@id\":\"https:\/\/aromasysabores.net\/tienda\/producto\/proteina-de-soja-gruesa\/#primaryimage\",\"url\":\"https:\/\/aromasysabores.net\/tienda\/wp-content\/uploads\/2020\/12\/Soja-texturizada-gruesa.jpg\",\"contentUrl\":\"https:\/\/aromasysabores.net\/tienda\/wp-content\/uploads\/2020\/12\/Soja-texturizada-gruesa.jpg\",\"width\":768,\"height\":767},{\"@type\":\"BreadcrumbList\",\"@id\":\"https:\/\/aromasysabores.net\/tienda\/producto\/proteina-de-soja-gruesa\/#breadcrumb\",\"itemListElement\":[{\"@type\":\"ListItem\",\"position\":1,\"name\":\"Portada\",\"item\":\"https:\/\/aromasysabores.net\/tienda\/\"},{\"@type\":\"ListItem\",\"position\":2,\"name\":\"Tienda Natural\",\"item\":\"https:\/\/aromasysabores.net\/tienda\/\"},{\"@type\":\"ListItem\",\"position\":3,\"name\":\"PROTEINA DE SOJA GRUESA\"}]},{\"@type\":\"WebSite\",\"@id\":\"https:\/\/aromasysabores.net\/tienda\/#website\",\"url\":\"https:\/\/aromasysabores.net\/tienda\/\",\"name\":\"Aromas &amp; Sabores Naturales\",\"description\":\"Tienda online natural\",\"potentialAction\":[{\"@type\":\"SearchAction\",\"target\":{\"@type\":\"EntryPoint\",\"urlTemplate\":\"https:\/\/aromasysabores.net\/tienda\/?s={search_term_string}\"},\"query-input\":{\"@type\":\"PropertyValueSpecification\",\"valueRequired\":true,\"valueName\":\"search_term_string\"}}],\"inLanguage\":\"es\"}]}<\/script>\n<!-- \/ Yoast SEO plugin. -->","yoast_head_json":{"title":"PROTEINA DE SOJA GRUESA - Aromas &amp; Sabores Naturales","robots":{"index":"index","follow":"follow","max-snippet":"max-snippet:-1","max-image-preview":"max-image-preview:large","max-video-preview":"max-video-preview:-1"},"canonical":"https:\/\/aromasysabores.net\/tienda\/producto\/proteina-de-soja-gruesa\/","og_locale":"es_ES","og_type":"article","og_title":"PROTEINA DE SOJA GRUESA - Aromas &amp; Sabores Naturales","og_description":"La soja texturizada gruesa es m\u00e1s grande que la fina, de entre 2,5 y 3 cm (sin hidratar) en forma de bolitas o trozos m\u00e1s bien esf\u00e9ricos de aspecto esponjoso y fibroso. Al hidratarlos aumenta su tama\u00f1o y se vuelven mucho m\u00e1s tiernos Como una prote\u00edna\u00a0vegetal completa, ofrece toda la gama de amino\u00e1cidos esenciales. Igual a otras\u00a0prote\u00ednas, ayuda a conservar la masa muscular magra y promueve el desarrollo muscular. Como la\u00a0soja\u00a0es una planta, no contiene colesterol encontrados en la\u00a0prote\u00edna animal.","og_url":"https:\/\/aromasysabores.net\/tienda\/producto\/proteina-de-soja-gruesa\/","og_site_name":"Aromas &amp; Sabores Naturales","article_modified_time":"2026-03-16T18:13:36+00:00","og_image":[{"width":768,"height":767,"url":"https:\/\/aromasysabores.net\/tienda\/wp-content\/uploads\/2020\/12\/Soja-texturizada-gruesa.jpg","type":"image\/jpeg"}],"twitter_card":"summary_large_image","schema":{"@context":"https:\/\/schema.org","@graph":[{"@type":"WebPage","@id":"https:\/\/aromasysabores.net\/tienda\/producto\/proteina-de-soja-gruesa\/","url":"https:\/\/aromasysabores.net\/tienda\/producto\/proteina-de-soja-gruesa\/","name":"PROTEINA DE SOJA GRUESA - Aromas &amp; Sabores Naturales","isPartOf":{"@id":"https:\/\/aromasysabores.net\/tienda\/#website"},"primaryImageOfPage":{"@id":"https:\/\/aromasysabores.net\/tienda\/producto\/proteina-de-soja-gruesa\/#primaryimage"},"image":{"@id":"https:\/\/aromasysabores.net\/tienda\/producto\/proteina-de-soja-gruesa\/#primaryimage"},"thumbnailUrl":"https:\/\/aromasysabores.net\/tienda\/wp-content\/uploads\/2020\/12\/Soja-texturizada-gruesa.jpg","datePublished":"2020-12-22T06:07:30+00:00","dateModified":"2026-03-16T18:13:36+00:00","breadcrumb":{"@id":"https:\/\/aromasysabores.net\/tienda\/producto\/proteina-de-soja-gruesa\/#breadcrumb"},"inLanguage":"es","potentialAction":[{"@type":"ReadAction","target":["https:\/\/aromasysabores.net\/tienda\/producto\/proteina-de-soja-gruesa\/"]}]},{"@type":"ImageObject","inLanguage":"es","@id":"https:\/\/aromasysabores.net\/tienda\/producto\/proteina-de-soja-gruesa\/#primaryimage","url":"https:\/\/aromasysabores.net\/tienda\/wp-content\/uploads\/2020\/12\/Soja-texturizada-gruesa.jpg","contentUrl":"https:\/\/aromasysabores.net\/tienda\/wp-content\/uploads\/2020\/12\/Soja-texturizada-gruesa.jpg","width":768,"height":767},{"@type":"BreadcrumbList","@id":"https:\/\/aromasysabores.net\/tienda\/producto\/proteina-de-soja-gruesa\/#breadcrumb","itemListElement":[{"@type":"ListItem","position":1,"name":"Portada","item":"https:\/\/aromasysabores.net\/tienda\/"},{"@type":"ListItem","position":2,"name":"Tienda Natural","item":"https:\/\/aromasysabores.net\/tienda\/"},{"@type":"ListItem","position":3,"name":"PROTEINA DE SOJA GRUESA"}]},{"@type":"WebSite","@id":"https:\/\/aromasysabores.net\/tienda\/#website","url":"https:\/\/aromasysabores.net\/tienda\/","name":"Aromas &amp; Sabores Naturales","description":"Tienda online natural","potentialAction":[{"@type":"SearchAction","target":{"@type":"EntryPoint","urlTemplate":"https:\/\/aromasysabores.net\/tienda\/?s={search_term_string}"},"query-input":{"@type":"PropertyValueSpecification","valueRequired":true,"valueName":"search_term_string"}}],"inLanguage":"es"}]}},"_links":{"self":[{"href":"https:\/\/aromasysabores.net\/tienda\/wp-json\/wp\/v2\/product\/29004","targetHints":{"allow":["GET"]}}],"collection":[{"href":"https:\/\/aromasysabores.net\/tienda\/wp-json\/wp\/v2\/product"}],"about":[{"href":"https:\/\/aromasysabores.net\/tienda\/wp-json\/wp\/v2\/types\/product"}],"wp:featuredmedia":[{"embeddable":true,"href":"https:\/\/aromasysabores.net\/tienda\/wp-json\/wp\/v2\/media\/32196"}],"wp:attachment":[{"href":"https:\/\/aromasysabores.net\/tienda\/wp-json\/wp\/v2\/media?parent=29004"}],"wp:term":[{"taxonomy":"product_brand","embeddable":true,"href":"https:\/\/aromasysabores.net\/tienda\/wp-json\/wp\/v2\/product_brand?post=29004"},{"taxonomy":"product_cat","embeddable":true,"href":"https:\/\/aromasysabores.net\/tienda\/wp-json\/wp\/v2\/product_cat?post=29004"},{"taxonomy":"product_tag","embeddable":true,"href":"https:\/\/aromasysabores.net\/tienda\/wp-json\/wp\/v2\/product_tag?post=29004"}],"curies":[{"name":"wp","href":"https:\/\/api.w.org\/{rel}","templated":true}]}}