
{"id":29126,"date":"2020-12-22T06:07:44","date_gmt":"2020-12-22T06:07:44","guid":{"rendered":"https:\/\/aromasysabores.net\/tienda\/producto\/cebada-perlada\/"},"modified":"2026-03-16T18:13:23","modified_gmt":"2026-03-16T18:13:23","slug":"cebada-perlada","status":"publish","type":"product","link":"https:\/\/aromasysabores.net\/tienda\/producto\/cebada-perlada\/","title":{"rendered":"CEBADA PERLADA"},"content":{"rendered":"<p>Alimento ideal para estados carenciales de nutrientes y para el proceso de crecimiento. La cebada tiene un alto contenido de vitamina C. es una excelente fuente de selenio. Este mineral ayuda a la piel a mantenerse el\u00e1stica. Al mismo tiempo, ha demostrado proteger contra los da\u00f1os que pueden ocasionar los radicales libres. El selenio tambi\u00e9n cumple las siguientes funciones:<br \/>\nMejora la salud del coraz\u00f3n, del p\u00e1ncreas y el funcionamiento del sistema inmunitario.<br \/>\nPreviene problemas como el c\u00e1ncer (de piel, colon, pr\u00f3stata, h\u00edgado, est\u00f3mago o mama) a los cuales eres m\u00e1s propenso si tienes deficiencia de este mineral. Este cereal contiene fibra soluble que disminuye la absorci\u00f3n de glucosa.<\/p>\n","protected":false},"excerpt":{"rendered":"<p>La cebada posee vitaminas del grupo B, \u00e1cido f\u00f3lico, colina y vitamina K, es buena fuente de potasio, magnesio y f\u00f3sforo, pero su mayor virtud es la riqueza en oligoelementos: hierro, azufre, cobre, cinc, manganeso, cromo, selenio, yodo, molibdeno. Contiene lisina. La cebada es un emoliente, reconstituyente, digestivo, diur\u00e9tico, desintoxicante, t\u00f3nico, antiinflamatorio, laxante, alcalinizante, y antis\u00e9ptico.<\/p>\n","protected":false},"featured_media":29220,"template":"","meta":{"_joinchat":[]},"product_brand":[],"product_cat":[162],"product_tag":[],"class_list":{"0":"post-29126","1":"product","2":"type-product","3":"status-publish","4":"has-post-thumbnail","6":"product_cat-granos-semillas-y-legumbres-a-granel","8":"first","9":"instock","10":"purchasable","11":"product-type-simple"},"yoast_head":"<!-- This site is optimized with the Yoast SEO plugin v26.7 - https:\/\/yoast.com\/wordpress\/plugins\/seo\/ -->\n<title>CEBADA PERLADA - Aromas &amp; Sabores Naturales<\/title>\n<meta name=\"robots\" content=\"index, follow, max-snippet:-1, max-image-preview:large, max-video-preview:-1\" \/>\n<link rel=\"canonical\" href=\"https:\/\/aromasysabores.net\/tienda\/producto\/cebada-perlada\/\" \/>\n<meta property=\"og:locale\" content=\"es_ES\" \/>\n<meta property=\"og:type\" content=\"article\" \/>\n<meta property=\"og:title\" content=\"CEBADA PERLADA - Aromas &amp; Sabores Naturales\" \/>\n<meta property=\"og:description\" content=\"La cebada posee vitaminas del grupo B, \u00e1cido f\u00f3lico, colina y vitamina K, es buena fuente de potasio, magnesio y f\u00f3sforo, pero su mayor virtud es la riqueza en oligoelementos: hierro, azufre, cobre, cinc, manganeso, cromo, selenio, yodo, molibdeno. Contiene lisina. La cebada es un emoliente, reconstituyente, digestivo, diur\u00e9tico, desintoxicante, t\u00f3nico, antiinflamatorio, laxante, alcalinizante, y antis\u00e9ptico.\" \/>\n<meta property=\"og:url\" content=\"https:\/\/aromasysabores.net\/tienda\/producto\/cebada-perlada\/\" \/>\n<meta property=\"og:site_name\" content=\"Aromas &amp; Sabores Naturales\" \/>\n<meta property=\"article:modified_time\" content=\"2026-03-16T18:13:23+00:00\" \/>\n<meta property=\"og:image\" content=\"https:\/\/aromasysabores.net\/tienda\/wp-content\/uploads\/2020\/12\/cebada-perlada-500.jpg\" \/>\n\t<meta property=\"og:image:width\" content=\"600\" \/>\n\t<meta property=\"og:image:height\" content=\"600\" \/>\n\t<meta property=\"og:image:type\" content=\"image\/jpeg\" \/>\n<meta name=\"twitter:card\" content=\"summary_large_image\" \/>\n<meta name=\"twitter:label1\" content=\"Tiempo de lectura\" \/>\n\t<meta name=\"twitter:data1\" content=\"1 minuto\" \/>\n<script type=\"application\/ld+json\" class=\"yoast-schema-graph\">{\"@context\":\"https:\/\/schema.org\",\"@graph\":[{\"@type\":\"WebPage\",\"@id\":\"https:\/\/aromasysabores.net\/tienda\/producto\/cebada-perlada\/\",\"url\":\"https:\/\/aromasysabores.net\/tienda\/producto\/cebada-perlada\/\",\"name\":\"CEBADA PERLADA - Aromas &amp; Sabores Naturales\",\"isPartOf\":{\"@id\":\"https:\/\/aromasysabores.net\/tienda\/#website\"},\"primaryImageOfPage\":{\"@id\":\"https:\/\/aromasysabores.net\/tienda\/producto\/cebada-perlada\/#primaryimage\"},\"image\":{\"@id\":\"https:\/\/aromasysabores.net\/tienda\/producto\/cebada-perlada\/#primaryimage\"},\"thumbnailUrl\":\"https:\/\/aromasysabores.net\/tienda\/wp-content\/uploads\/2020\/12\/cebada-perlada-500.jpg\",\"datePublished\":\"2020-12-22T06:07:44+00:00\",\"dateModified\":\"2026-03-16T18:13:23+00:00\",\"breadcrumb\":{\"@id\":\"https:\/\/aromasysabores.net\/tienda\/producto\/cebada-perlada\/#breadcrumb\"},\"inLanguage\":\"es\",\"potentialAction\":[{\"@type\":\"ReadAction\",\"target\":[\"https:\/\/aromasysabores.net\/tienda\/producto\/cebada-perlada\/\"]}]},{\"@type\":\"ImageObject\",\"inLanguage\":\"es\",\"@id\":\"https:\/\/aromasysabores.net\/tienda\/producto\/cebada-perlada\/#primaryimage\",\"url\":\"https:\/\/aromasysabores.net\/tienda\/wp-content\/uploads\/2020\/12\/cebada-perlada-500.jpg\",\"contentUrl\":\"https:\/\/aromasysabores.net\/tienda\/wp-content\/uploads\/2020\/12\/cebada-perlada-500.jpg\",\"width\":600,\"height\":600},{\"@type\":\"BreadcrumbList\",\"@id\":\"https:\/\/aromasysabores.net\/tienda\/producto\/cebada-perlada\/#breadcrumb\",\"itemListElement\":[{\"@type\":\"ListItem\",\"position\":1,\"name\":\"Portada\",\"item\":\"https:\/\/aromasysabores.net\/tienda\/\"},{\"@type\":\"ListItem\",\"position\":2,\"name\":\"Tienda Natural\",\"item\":\"https:\/\/aromasysabores.net\/tienda\/\"},{\"@type\":\"ListItem\",\"position\":3,\"name\":\"CEBADA PERLADA\"}]},{\"@type\":\"WebSite\",\"@id\":\"https:\/\/aromasysabores.net\/tienda\/#website\",\"url\":\"https:\/\/aromasysabores.net\/tienda\/\",\"name\":\"Aromas &amp; Sabores Naturales\",\"description\":\"Tienda online natural\",\"potentialAction\":[{\"@type\":\"SearchAction\",\"target\":{\"@type\":\"EntryPoint\",\"urlTemplate\":\"https:\/\/aromasysabores.net\/tienda\/?s={search_term_string}\"},\"query-input\":{\"@type\":\"PropertyValueSpecification\",\"valueRequired\":true,\"valueName\":\"search_term_string\"}}],\"inLanguage\":\"es\"}]}<\/script>\n<!-- \/ Yoast SEO plugin. -->","yoast_head_json":{"title":"CEBADA PERLADA - Aromas &amp; Sabores Naturales","robots":{"index":"index","follow":"follow","max-snippet":"max-snippet:-1","max-image-preview":"max-image-preview:large","max-video-preview":"max-video-preview:-1"},"canonical":"https:\/\/aromasysabores.net\/tienda\/producto\/cebada-perlada\/","og_locale":"es_ES","og_type":"article","og_title":"CEBADA PERLADA - Aromas &amp; Sabores Naturales","og_description":"La cebada posee vitaminas del grupo B, \u00e1cido f\u00f3lico, colina y vitamina K, es buena fuente de potasio, magnesio y f\u00f3sforo, pero su mayor virtud es la riqueza en oligoelementos: hierro, azufre, cobre, cinc, manganeso, cromo, selenio, yodo, molibdeno. Contiene lisina. La cebada es un emoliente, reconstituyente, digestivo, diur\u00e9tico, desintoxicante, t\u00f3nico, antiinflamatorio, laxante, alcalinizante, y antis\u00e9ptico.","og_url":"https:\/\/aromasysabores.net\/tienda\/producto\/cebada-perlada\/","og_site_name":"Aromas &amp; Sabores Naturales","article_modified_time":"2026-03-16T18:13:23+00:00","og_image":[{"width":600,"height":600,"url":"https:\/\/aromasysabores.net\/tienda\/wp-content\/uploads\/2020\/12\/cebada-perlada-500.jpg","type":"image\/jpeg"}],"twitter_card":"summary_large_image","twitter_misc":{"Tiempo de lectura":"1 minuto"},"schema":{"@context":"https:\/\/schema.org","@graph":[{"@type":"WebPage","@id":"https:\/\/aromasysabores.net\/tienda\/producto\/cebada-perlada\/","url":"https:\/\/aromasysabores.net\/tienda\/producto\/cebada-perlada\/","name":"CEBADA PERLADA - Aromas &amp; Sabores Naturales","isPartOf":{"@id":"https:\/\/aromasysabores.net\/tienda\/#website"},"primaryImageOfPage":{"@id":"https:\/\/aromasysabores.net\/tienda\/producto\/cebada-perlada\/#primaryimage"},"image":{"@id":"https:\/\/aromasysabores.net\/tienda\/producto\/cebada-perlada\/#primaryimage"},"thumbnailUrl":"https:\/\/aromasysabores.net\/tienda\/wp-content\/uploads\/2020\/12\/cebada-perlada-500.jpg","datePublished":"2020-12-22T06:07:44+00:00","dateModified":"2026-03-16T18:13:23+00:00","breadcrumb":{"@id":"https:\/\/aromasysabores.net\/tienda\/producto\/cebada-perlada\/#breadcrumb"},"inLanguage":"es","potentialAction":[{"@type":"ReadAction","target":["https:\/\/aromasysabores.net\/tienda\/producto\/cebada-perlada\/"]}]},{"@type":"ImageObject","inLanguage":"es","@id":"https:\/\/aromasysabores.net\/tienda\/producto\/cebada-perlada\/#primaryimage","url":"https:\/\/aromasysabores.net\/tienda\/wp-content\/uploads\/2020\/12\/cebada-perlada-500.jpg","contentUrl":"https:\/\/aromasysabores.net\/tienda\/wp-content\/uploads\/2020\/12\/cebada-perlada-500.jpg","width":600,"height":600},{"@type":"BreadcrumbList","@id":"https:\/\/aromasysabores.net\/tienda\/producto\/cebada-perlada\/#breadcrumb","itemListElement":[{"@type":"ListItem","position":1,"name":"Portada","item":"https:\/\/aromasysabores.net\/tienda\/"},{"@type":"ListItem","position":2,"name":"Tienda Natural","item":"https:\/\/aromasysabores.net\/tienda\/"},{"@type":"ListItem","position":3,"name":"CEBADA PERLADA"}]},{"@type":"WebSite","@id":"https:\/\/aromasysabores.net\/tienda\/#website","url":"https:\/\/aromasysabores.net\/tienda\/","name":"Aromas &amp; Sabores Naturales","description":"Tienda online natural","potentialAction":[{"@type":"SearchAction","target":{"@type":"EntryPoint","urlTemplate":"https:\/\/aromasysabores.net\/tienda\/?s={search_term_string}"},"query-input":{"@type":"PropertyValueSpecification","valueRequired":true,"valueName":"search_term_string"}}],"inLanguage":"es"}]}},"_links":{"self":[{"href":"https:\/\/aromasysabores.net\/tienda\/wp-json\/wp\/v2\/product\/29126","targetHints":{"allow":["GET"]}}],"collection":[{"href":"https:\/\/aromasysabores.net\/tienda\/wp-json\/wp\/v2\/product"}],"about":[{"href":"https:\/\/aromasysabores.net\/tienda\/wp-json\/wp\/v2\/types\/product"}],"wp:featuredmedia":[{"embeddable":true,"href":"https:\/\/aromasysabores.net\/tienda\/wp-json\/wp\/v2\/media\/29220"}],"wp:attachment":[{"href":"https:\/\/aromasysabores.net\/tienda\/wp-json\/wp\/v2\/media?parent=29126"}],"wp:term":[{"taxonomy":"product_brand","embeddable":true,"href":"https:\/\/aromasysabores.net\/tienda\/wp-json\/wp\/v2\/product_brand?post=29126"},{"taxonomy":"product_cat","embeddable":true,"href":"https:\/\/aromasysabores.net\/tienda\/wp-json\/wp\/v2\/product_cat?post=29126"},{"taxonomy":"product_tag","embeddable":true,"href":"https:\/\/aromasysabores.net\/tienda\/wp-json\/wp\/v2\/product_tag?post=29126"}],"curies":[{"name":"wp","href":"https:\/\/api.w.org\/{rel}","templated":true}]}}