
{"id":29141,"date":"2020-12-22T06:07:46","date_gmt":"2020-12-22T06:07:46","guid":{"rendered":"https:\/\/aromasysabores.net\/tienda\/producto\/bicarbonato-de-sodio\/"},"modified":"2026-04-18T14:06:17","modified_gmt":"2026-04-18T14:06:17","slug":"bicarbonato-de-sodio","status":"publish","type":"product","link":"https:\/\/aromasysabores.net\/tienda\/producto\/bicarbonato-de-sodio\/","title":{"rendered":"BICARBONATO DE SODIO"},"content":{"rendered":"","protected":false},"excerpt":{"rendered":"<div class=\"post_image\"><span style=\"color: #555555; font-size: 14.4px;\">El bicarbonato de sodio, con f\u00f3rmula NaHCO\u021d, es un compuesto cristalino con un color blanco. \u00c9ste, es un compuesto soluble en agua.<\/span><\/div>\n<div class=\"post_text\">\n<div class=\"post_text_inner\">\n<p>Adem\u00e1s, tiene muchos usos, entre los cuales se pueden destacar, los usos en la cocina, limpieza, en el jard\u00edn e incluso ayuda a la higiene personal.<\/p>\n<\/div>\n<\/div>\n","protected":false},"featured_media":29169,"template":"","meta":{"_joinchat":[]},"product_brand":[],"product_cat":[197],"product_tag":[],"class_list":{"0":"post-29141","1":"product","2":"type-product","3":"status-publish","4":"has-post-thumbnail","6":"product_cat-desinfeccion-y-limpieza","8":"first","9":"instock","10":"purchasable","11":"product-type-simple"},"yoast_head":"<!-- This site is optimized with the Yoast SEO plugin v26.7 - https:\/\/yoast.com\/wordpress\/plugins\/seo\/ -->\n<title>BICARBONATO DE SODIO - Aromas &amp; Sabores Naturales<\/title>\n<meta name=\"robots\" content=\"index, follow, max-snippet:-1, max-image-preview:large, max-video-preview:-1\" \/>\n<link rel=\"canonical\" href=\"https:\/\/aromasysabores.net\/tienda\/producto\/bicarbonato-de-sodio\/\" \/>\n<meta property=\"og:locale\" content=\"es_ES\" \/>\n<meta property=\"og:type\" content=\"article\" \/>\n<meta property=\"og:title\" content=\"BICARBONATO DE SODIO - Aromas &amp; Sabores Naturales\" \/>\n<meta property=\"og:description\" content=\"El bicarbonato de sodio, con f\u00f3rmula NaHCO\u021d, es un compuesto cristalino con un color blanco. \u00c9ste, es un compuesto soluble en agua.    Adem\u00e1s, tiene muchos usos, entre los cuales se pueden destacar, los usos en la cocina, limpieza, en el jard\u00edn e incluso ayuda a la higiene personal.\" \/>\n<meta property=\"og:url\" content=\"https:\/\/aromasysabores.net\/tienda\/producto\/bicarbonato-de-sodio\/\" \/>\n<meta property=\"og:site_name\" content=\"Aromas &amp; Sabores Naturales\" \/>\n<meta property=\"article:modified_time\" content=\"2026-04-18T14:06:17+00:00\" \/>\n<meta property=\"og:image\" content=\"https:\/\/aromasysabores.net\/tienda\/wp-content\/uploads\/2020\/12\/bicarbonato_de_sodio.jpg\" \/>\n\t<meta property=\"og:image:width\" content=\"600\" \/>\n\t<meta property=\"og:image:height\" content=\"600\" \/>\n\t<meta property=\"og:image:type\" content=\"image\/jpeg\" \/>\n<meta name=\"twitter:card\" content=\"summary_large_image\" \/>\n<script type=\"application\/ld+json\" class=\"yoast-schema-graph\">{\"@context\":\"https:\/\/schema.org\",\"@graph\":[{\"@type\":\"WebPage\",\"@id\":\"https:\/\/aromasysabores.net\/tienda\/producto\/bicarbonato-de-sodio\/\",\"url\":\"https:\/\/aromasysabores.net\/tienda\/producto\/bicarbonato-de-sodio\/\",\"name\":\"BICARBONATO DE SODIO - Aromas &amp; Sabores Naturales\",\"isPartOf\":{\"@id\":\"https:\/\/aromasysabores.net\/tienda\/#website\"},\"primaryImageOfPage\":{\"@id\":\"https:\/\/aromasysabores.net\/tienda\/producto\/bicarbonato-de-sodio\/#primaryimage\"},\"image\":{\"@id\":\"https:\/\/aromasysabores.net\/tienda\/producto\/bicarbonato-de-sodio\/#primaryimage\"},\"thumbnailUrl\":\"https:\/\/aromasysabores.net\/tienda\/wp-content\/uploads\/2020\/12\/bicarbonato_de_sodio.jpg\",\"datePublished\":\"2020-12-22T06:07:46+00:00\",\"dateModified\":\"2026-04-18T14:06:17+00:00\",\"breadcrumb\":{\"@id\":\"https:\/\/aromasysabores.net\/tienda\/producto\/bicarbonato-de-sodio\/#breadcrumb\"},\"inLanguage\":\"es\",\"potentialAction\":[{\"@type\":\"ReadAction\",\"target\":[\"https:\/\/aromasysabores.net\/tienda\/producto\/bicarbonato-de-sodio\/\"]}]},{\"@type\":\"ImageObject\",\"inLanguage\":\"es\",\"@id\":\"https:\/\/aromasysabores.net\/tienda\/producto\/bicarbonato-de-sodio\/#primaryimage\",\"url\":\"https:\/\/aromasysabores.net\/tienda\/wp-content\/uploads\/2020\/12\/bicarbonato_de_sodio.jpg\",\"contentUrl\":\"https:\/\/aromasysabores.net\/tienda\/wp-content\/uploads\/2020\/12\/bicarbonato_de_sodio.jpg\",\"width\":600,\"height\":600},{\"@type\":\"BreadcrumbList\",\"@id\":\"https:\/\/aromasysabores.net\/tienda\/producto\/bicarbonato-de-sodio\/#breadcrumb\",\"itemListElement\":[{\"@type\":\"ListItem\",\"position\":1,\"name\":\"Portada\",\"item\":\"https:\/\/aromasysabores.net\/tienda\/\"},{\"@type\":\"ListItem\",\"position\":2,\"name\":\"Tienda Natural\",\"item\":\"https:\/\/aromasysabores.net\/tienda\/\"},{\"@type\":\"ListItem\",\"position\":3,\"name\":\"BICARBONATO DE SODIO\"}]},{\"@type\":\"WebSite\",\"@id\":\"https:\/\/aromasysabores.net\/tienda\/#website\",\"url\":\"https:\/\/aromasysabores.net\/tienda\/\",\"name\":\"Aromas &amp; Sabores Naturales\",\"description\":\"Tienda online natural\",\"potentialAction\":[{\"@type\":\"SearchAction\",\"target\":{\"@type\":\"EntryPoint\",\"urlTemplate\":\"https:\/\/aromasysabores.net\/tienda\/?s={search_term_string}\"},\"query-input\":{\"@type\":\"PropertyValueSpecification\",\"valueRequired\":true,\"valueName\":\"search_term_string\"}}],\"inLanguage\":\"es\"}]}<\/script>\n<!-- \/ Yoast SEO plugin. -->","yoast_head_json":{"title":"BICARBONATO DE SODIO - Aromas &amp; Sabores Naturales","robots":{"index":"index","follow":"follow","max-snippet":"max-snippet:-1","max-image-preview":"max-image-preview:large","max-video-preview":"max-video-preview:-1"},"canonical":"https:\/\/aromasysabores.net\/tienda\/producto\/bicarbonato-de-sodio\/","og_locale":"es_ES","og_type":"article","og_title":"BICARBONATO DE SODIO - Aromas &amp; Sabores Naturales","og_description":"El bicarbonato de sodio, con f\u00f3rmula NaHCO\u021d, es un compuesto cristalino con un color blanco. \u00c9ste, es un compuesto soluble en agua.    Adem\u00e1s, tiene muchos usos, entre los cuales se pueden destacar, los usos en la cocina, limpieza, en el jard\u00edn e incluso ayuda a la higiene personal.","og_url":"https:\/\/aromasysabores.net\/tienda\/producto\/bicarbonato-de-sodio\/","og_site_name":"Aromas &amp; Sabores Naturales","article_modified_time":"2026-04-18T14:06:17+00:00","og_image":[{"width":600,"height":600,"url":"https:\/\/aromasysabores.net\/tienda\/wp-content\/uploads\/2020\/12\/bicarbonato_de_sodio.jpg","type":"image\/jpeg"}],"twitter_card":"summary_large_image","schema":{"@context":"https:\/\/schema.org","@graph":[{"@type":"WebPage","@id":"https:\/\/aromasysabores.net\/tienda\/producto\/bicarbonato-de-sodio\/","url":"https:\/\/aromasysabores.net\/tienda\/producto\/bicarbonato-de-sodio\/","name":"BICARBONATO DE SODIO - Aromas &amp; Sabores Naturales","isPartOf":{"@id":"https:\/\/aromasysabores.net\/tienda\/#website"},"primaryImageOfPage":{"@id":"https:\/\/aromasysabores.net\/tienda\/producto\/bicarbonato-de-sodio\/#primaryimage"},"image":{"@id":"https:\/\/aromasysabores.net\/tienda\/producto\/bicarbonato-de-sodio\/#primaryimage"},"thumbnailUrl":"https:\/\/aromasysabores.net\/tienda\/wp-content\/uploads\/2020\/12\/bicarbonato_de_sodio.jpg","datePublished":"2020-12-22T06:07:46+00:00","dateModified":"2026-04-18T14:06:17+00:00","breadcrumb":{"@id":"https:\/\/aromasysabores.net\/tienda\/producto\/bicarbonato-de-sodio\/#breadcrumb"},"inLanguage":"es","potentialAction":[{"@type":"ReadAction","target":["https:\/\/aromasysabores.net\/tienda\/producto\/bicarbonato-de-sodio\/"]}]},{"@type":"ImageObject","inLanguage":"es","@id":"https:\/\/aromasysabores.net\/tienda\/producto\/bicarbonato-de-sodio\/#primaryimage","url":"https:\/\/aromasysabores.net\/tienda\/wp-content\/uploads\/2020\/12\/bicarbonato_de_sodio.jpg","contentUrl":"https:\/\/aromasysabores.net\/tienda\/wp-content\/uploads\/2020\/12\/bicarbonato_de_sodio.jpg","width":600,"height":600},{"@type":"BreadcrumbList","@id":"https:\/\/aromasysabores.net\/tienda\/producto\/bicarbonato-de-sodio\/#breadcrumb","itemListElement":[{"@type":"ListItem","position":1,"name":"Portada","item":"https:\/\/aromasysabores.net\/tienda\/"},{"@type":"ListItem","position":2,"name":"Tienda Natural","item":"https:\/\/aromasysabores.net\/tienda\/"},{"@type":"ListItem","position":3,"name":"BICARBONATO DE SODIO"}]},{"@type":"WebSite","@id":"https:\/\/aromasysabores.net\/tienda\/#website","url":"https:\/\/aromasysabores.net\/tienda\/","name":"Aromas &amp; Sabores Naturales","description":"Tienda online natural","potentialAction":[{"@type":"SearchAction","target":{"@type":"EntryPoint","urlTemplate":"https:\/\/aromasysabores.net\/tienda\/?s={search_term_string}"},"query-input":{"@type":"PropertyValueSpecification","valueRequired":true,"valueName":"search_term_string"}}],"inLanguage":"es"}]}},"_links":{"self":[{"href":"https:\/\/aromasysabores.net\/tienda\/wp-json\/wp\/v2\/product\/29141","targetHints":{"allow":["GET"]}}],"collection":[{"href":"https:\/\/aromasysabores.net\/tienda\/wp-json\/wp\/v2\/product"}],"about":[{"href":"https:\/\/aromasysabores.net\/tienda\/wp-json\/wp\/v2\/types\/product"}],"wp:featuredmedia":[{"embeddable":true,"href":"https:\/\/aromasysabores.net\/tienda\/wp-json\/wp\/v2\/media\/29169"}],"wp:attachment":[{"href":"https:\/\/aromasysabores.net\/tienda\/wp-json\/wp\/v2\/media?parent=29141"}],"wp:term":[{"taxonomy":"product_brand","embeddable":true,"href":"https:\/\/aromasysabores.net\/tienda\/wp-json\/wp\/v2\/product_brand?post=29141"},{"taxonomy":"product_cat","embeddable":true,"href":"https:\/\/aromasysabores.net\/tienda\/wp-json\/wp\/v2\/product_cat?post=29141"},{"taxonomy":"product_tag","embeddable":true,"href":"https:\/\/aromasysabores.net\/tienda\/wp-json\/wp\/v2\/product_tag?post=29141"}],"curies":[{"name":"wp","href":"https:\/\/api.w.org\/{rel}","templated":true}]}}