
{"id":29155,"date":"2020-12-22T06:07:49","date_gmt":"2020-12-22T06:07:49","guid":{"rendered":"https:\/\/aromasysabores.net\/tienda\/producto\/adobo\/"},"modified":"2026-04-18T14:06:50","modified_gmt":"2026-04-18T14:06:50","slug":"adobo","status":"publish","type":"product","link":"https:\/\/aromasysabores.net\/tienda\/producto\/adobo\/","title":{"rendered":"ADOBO"},"content":{"rendered":"<p>El adobo es una mezcla de especias y hierbas mas usadas en la cocina americana, en este caso aj\u00ed y or\u00e9gano.. Suelen utilizarse como condimento \u201ctodo-prop\u00f3sito\u201d y tambi\u00e9n como sustituto de sal. Los ingredientes var\u00edan de una regi\u00f3n o pa\u00eds a otra. En el R\u00edo de la Plata se utilizan adobos preparados con aj\u00ed molido y mojos parrilleros que combinan aceite, ajo, perejil y or\u00e9gano.<\/p>\n","protected":false},"excerpt":{"rendered":"<p>El adobo es una mezcla de especias y hierbas mas usadas en la cocina americana, en este caso aj\u00ed y or\u00e9gano.. Suelen utilizarse como condimento \u201ctodo-prop\u00f3sito\u201d y tambi\u00e9n como sustituto de sal. Los ingredientes var\u00edan de una regi\u00f3n o pa\u00eds a otra. En el R\u00edo de la Plata se utilizan adobos preparados con aj\u00ed molido<\/p>\n","protected":false},"featured_media":29160,"template":"","meta":{"_joinchat":[]},"product_brand":[],"product_cat":[163],"product_tag":[],"class_list":{"0":"post-29155","1":"product","2":"type-product","3":"status-publish","4":"has-post-thumbnail","6":"product_cat-especias","8":"first","9":"instock","10":"purchasable","11":"product-type-simple"},"yoast_head":"<!-- This site is optimized with the Yoast SEO plugin v26.7 - https:\/\/yoast.com\/wordpress\/plugins\/seo\/ -->\n<title>ADOBO - Aromas &amp; Sabores Naturales<\/title>\n<meta name=\"robots\" content=\"index, follow, max-snippet:-1, max-image-preview:large, max-video-preview:-1\" \/>\n<link rel=\"canonical\" href=\"https:\/\/aromasysabores.net\/tienda\/producto\/adobo\/\" \/>\n<meta property=\"og:locale\" content=\"es_ES\" \/>\n<meta property=\"og:type\" content=\"article\" \/>\n<meta property=\"og:title\" content=\"ADOBO - Aromas &amp; Sabores Naturales\" \/>\n<meta property=\"og:description\" content=\"El adobo es una mezcla de especias y hierbas mas usadas en la cocina americana, en este caso aj\u00ed y or\u00e9gano.. Suelen utilizarse como condimento \u201ctodo-prop\u00f3sito\u201d y tambi\u00e9n como sustituto de sal. Los ingredientes var\u00edan de una regi\u00f3n o pa\u00eds a otra. En el R\u00edo de la Plata se utilizan adobos preparados con aj\u00ed molido\" \/>\n<meta property=\"og:url\" content=\"https:\/\/aromasysabores.net\/tienda\/producto\/adobo\/\" \/>\n<meta property=\"og:site_name\" content=\"Aromas &amp; Sabores Naturales\" \/>\n<meta property=\"article:modified_time\" content=\"2026-04-18T14:06:50+00:00\" \/>\n<meta property=\"og:image\" content=\"https:\/\/aromasysabores.net\/tienda\/wp-content\/uploads\/2020\/12\/adobo.png\" \/>\n\t<meta property=\"og:image:width\" content=\"600\" \/>\n\t<meta property=\"og:image:height\" content=\"600\" \/>\n\t<meta property=\"og:image:type\" content=\"image\/png\" \/>\n<meta name=\"twitter:card\" content=\"summary_large_image\" \/>\n<meta name=\"twitter:label1\" content=\"Tiempo de lectura\" \/>\n\t<meta name=\"twitter:data1\" content=\"1 minuto\" \/>\n<script type=\"application\/ld+json\" class=\"yoast-schema-graph\">{\"@context\":\"https:\/\/schema.org\",\"@graph\":[{\"@type\":\"WebPage\",\"@id\":\"https:\/\/aromasysabores.net\/tienda\/producto\/adobo\/\",\"url\":\"https:\/\/aromasysabores.net\/tienda\/producto\/adobo\/\",\"name\":\"ADOBO - Aromas &amp; Sabores Naturales\",\"isPartOf\":{\"@id\":\"https:\/\/aromasysabores.net\/tienda\/#website\"},\"primaryImageOfPage\":{\"@id\":\"https:\/\/aromasysabores.net\/tienda\/producto\/adobo\/#primaryimage\"},\"image\":{\"@id\":\"https:\/\/aromasysabores.net\/tienda\/producto\/adobo\/#primaryimage\"},\"thumbnailUrl\":\"https:\/\/aromasysabores.net\/tienda\/wp-content\/uploads\/2020\/12\/adobo.png\",\"datePublished\":\"2020-12-22T06:07:49+00:00\",\"dateModified\":\"2026-04-18T14:06:50+00:00\",\"breadcrumb\":{\"@id\":\"https:\/\/aromasysabores.net\/tienda\/producto\/adobo\/#breadcrumb\"},\"inLanguage\":\"es\",\"potentialAction\":[{\"@type\":\"ReadAction\",\"target\":[\"https:\/\/aromasysabores.net\/tienda\/producto\/adobo\/\"]}]},{\"@type\":\"ImageObject\",\"inLanguage\":\"es\",\"@id\":\"https:\/\/aromasysabores.net\/tienda\/producto\/adobo\/#primaryimage\",\"url\":\"https:\/\/aromasysabores.net\/tienda\/wp-content\/uploads\/2020\/12\/adobo.png\",\"contentUrl\":\"https:\/\/aromasysabores.net\/tienda\/wp-content\/uploads\/2020\/12\/adobo.png\",\"width\":600,\"height\":600},{\"@type\":\"BreadcrumbList\",\"@id\":\"https:\/\/aromasysabores.net\/tienda\/producto\/adobo\/#breadcrumb\",\"itemListElement\":[{\"@type\":\"ListItem\",\"position\":1,\"name\":\"Portada\",\"item\":\"https:\/\/aromasysabores.net\/tienda\/\"},{\"@type\":\"ListItem\",\"position\":2,\"name\":\"Tienda Natural\",\"item\":\"https:\/\/aromasysabores.net\/tienda\/\"},{\"@type\":\"ListItem\",\"position\":3,\"name\":\"ADOBO\"}]},{\"@type\":\"WebSite\",\"@id\":\"https:\/\/aromasysabores.net\/tienda\/#website\",\"url\":\"https:\/\/aromasysabores.net\/tienda\/\",\"name\":\"Aromas &amp; Sabores Naturales\",\"description\":\"Tienda online natural\",\"potentialAction\":[{\"@type\":\"SearchAction\",\"target\":{\"@type\":\"EntryPoint\",\"urlTemplate\":\"https:\/\/aromasysabores.net\/tienda\/?s={search_term_string}\"},\"query-input\":{\"@type\":\"PropertyValueSpecification\",\"valueRequired\":true,\"valueName\":\"search_term_string\"}}],\"inLanguage\":\"es\"}]}<\/script>\n<!-- \/ Yoast SEO plugin. -->","yoast_head_json":{"title":"ADOBO - Aromas &amp; Sabores Naturales","robots":{"index":"index","follow":"follow","max-snippet":"max-snippet:-1","max-image-preview":"max-image-preview:large","max-video-preview":"max-video-preview:-1"},"canonical":"https:\/\/aromasysabores.net\/tienda\/producto\/adobo\/","og_locale":"es_ES","og_type":"article","og_title":"ADOBO - Aromas &amp; Sabores Naturales","og_description":"El adobo es una mezcla de especias y hierbas mas usadas en la cocina americana, en este caso aj\u00ed y or\u00e9gano.. Suelen utilizarse como condimento \u201ctodo-prop\u00f3sito\u201d y tambi\u00e9n como sustituto de sal. Los ingredientes var\u00edan de una regi\u00f3n o pa\u00eds a otra. En el R\u00edo de la Plata se utilizan adobos preparados con aj\u00ed molido","og_url":"https:\/\/aromasysabores.net\/tienda\/producto\/adobo\/","og_site_name":"Aromas &amp; Sabores Naturales","article_modified_time":"2026-04-18T14:06:50+00:00","og_image":[{"width":600,"height":600,"url":"https:\/\/aromasysabores.net\/tienda\/wp-content\/uploads\/2020\/12\/adobo.png","type":"image\/png"}],"twitter_card":"summary_large_image","twitter_misc":{"Tiempo de lectura":"1 minuto"},"schema":{"@context":"https:\/\/schema.org","@graph":[{"@type":"WebPage","@id":"https:\/\/aromasysabores.net\/tienda\/producto\/adobo\/","url":"https:\/\/aromasysabores.net\/tienda\/producto\/adobo\/","name":"ADOBO - Aromas &amp; Sabores Naturales","isPartOf":{"@id":"https:\/\/aromasysabores.net\/tienda\/#website"},"primaryImageOfPage":{"@id":"https:\/\/aromasysabores.net\/tienda\/producto\/adobo\/#primaryimage"},"image":{"@id":"https:\/\/aromasysabores.net\/tienda\/producto\/adobo\/#primaryimage"},"thumbnailUrl":"https:\/\/aromasysabores.net\/tienda\/wp-content\/uploads\/2020\/12\/adobo.png","datePublished":"2020-12-22T06:07:49+00:00","dateModified":"2026-04-18T14:06:50+00:00","breadcrumb":{"@id":"https:\/\/aromasysabores.net\/tienda\/producto\/adobo\/#breadcrumb"},"inLanguage":"es","potentialAction":[{"@type":"ReadAction","target":["https:\/\/aromasysabores.net\/tienda\/producto\/adobo\/"]}]},{"@type":"ImageObject","inLanguage":"es","@id":"https:\/\/aromasysabores.net\/tienda\/producto\/adobo\/#primaryimage","url":"https:\/\/aromasysabores.net\/tienda\/wp-content\/uploads\/2020\/12\/adobo.png","contentUrl":"https:\/\/aromasysabores.net\/tienda\/wp-content\/uploads\/2020\/12\/adobo.png","width":600,"height":600},{"@type":"BreadcrumbList","@id":"https:\/\/aromasysabores.net\/tienda\/producto\/adobo\/#breadcrumb","itemListElement":[{"@type":"ListItem","position":1,"name":"Portada","item":"https:\/\/aromasysabores.net\/tienda\/"},{"@type":"ListItem","position":2,"name":"Tienda Natural","item":"https:\/\/aromasysabores.net\/tienda\/"},{"@type":"ListItem","position":3,"name":"ADOBO"}]},{"@type":"WebSite","@id":"https:\/\/aromasysabores.net\/tienda\/#website","url":"https:\/\/aromasysabores.net\/tienda\/","name":"Aromas &amp; Sabores Naturales","description":"Tienda online natural","potentialAction":[{"@type":"SearchAction","target":{"@type":"EntryPoint","urlTemplate":"https:\/\/aromasysabores.net\/tienda\/?s={search_term_string}"},"query-input":{"@type":"PropertyValueSpecification","valueRequired":true,"valueName":"search_term_string"}}],"inLanguage":"es"}]}},"_links":{"self":[{"href":"https:\/\/aromasysabores.net\/tienda\/wp-json\/wp\/v2\/product\/29155","targetHints":{"allow":["GET"]}}],"collection":[{"href":"https:\/\/aromasysabores.net\/tienda\/wp-json\/wp\/v2\/product"}],"about":[{"href":"https:\/\/aromasysabores.net\/tienda\/wp-json\/wp\/v2\/types\/product"}],"wp:featuredmedia":[{"embeddable":true,"href":"https:\/\/aromasysabores.net\/tienda\/wp-json\/wp\/v2\/media\/29160"}],"wp:attachment":[{"href":"https:\/\/aromasysabores.net\/tienda\/wp-json\/wp\/v2\/media?parent=29155"}],"wp:term":[{"taxonomy":"product_brand","embeddable":true,"href":"https:\/\/aromasysabores.net\/tienda\/wp-json\/wp\/v2\/product_brand?post=29155"},{"taxonomy":"product_cat","embeddable":true,"href":"https:\/\/aromasysabores.net\/tienda\/wp-json\/wp\/v2\/product_cat?post=29155"},{"taxonomy":"product_tag","embeddable":true,"href":"https:\/\/aromasysabores.net\/tienda\/wp-json\/wp\/v2\/product_tag?post=29155"}],"curies":[{"name":"wp","href":"https:\/\/api.w.org\/{rel}","templated":true}]}}