
{"id":31552,"date":"2021-06-21T12:19:29","date_gmt":"2021-06-21T12:19:29","guid":{"rendered":"https:\/\/aromasysabores.net\/tienda\/producto\/rooibos\/"},"modified":"2026-03-16T18:24:06","modified_gmt":"2026-03-16T18:24:06","slug":"rooibos","status":"publish","type":"product","link":"https:\/\/aromasysabores.net\/tienda\/producto\/rooibos\/","title":{"rendered":"ROOIBOS"},"content":{"rendered":"","protected":false},"excerpt":{"rendered":"<p>La principal ventaja por la que es conocida esta bebida es por sus capacidades relajantes, caracter\u00edstica que, unida al hecho de no contener te\u00edna, hace que tomar una taza de rooibos suponga un momento de distensi\u00f3n y tranquilidad.<\/p>\n<p>Sin embargo, est\u00e1 comprobado que el rooibos ofrece m\u00faltiples beneficios para el organismo\u2026<\/p>\n<ul>\n<li>Fortalece el sistema inmunol\u00f3gico.<\/li>\n<li>Contiene antioxidantes.<\/li>\n<li>Tiene sales minerales y nutrientes como hierro, calcio, cobre, potasio, manganeso, magnesio, fl\u00faor, vitaminas C y E.<\/li>\n<li>Ofrece propiedades antiinflamatorias y antivirales, por lo que es recomendable para infecciones leves.<\/li>\n<li>Tambi\u00e9n tiene propiedades antiespasm\u00f3dicas, se puede emplear para aliviar calambres, espasmos y c\u00f3licos.<\/li>\n<li>No causa alergias incluso en personas sensibles.<\/li>\n<li>Tiene efectos positivos en la piel, puede ser empleado para tratar el acn\u00e9, quemaduras y granos.<\/li>\n<li>Su acci\u00f3n relajante y sin estimulantes permite que los ni\u00f1os tambi\u00e9n puedan consumirlo. De hecho, puedes d\u00e1rselo con un poco de leche a tu beb\u00e9 par aliviar los s\u00edntomas del c\u00f3lico.<\/li>\n<\/ul>\n","protected":false},"featured_media":31574,"template":"","meta":{"_joinchat":[]},"product_brand":[],"product_cat":[154],"product_tag":[],"class_list":{"0":"post-31552","1":"product","2":"type-product","3":"status-publish","4":"has-post-thumbnail","6":"product_cat-hierbas-bolsa","8":"first","9":"instock","10":"purchasable","11":"product-type-simple"},"yoast_head":"<!-- This site is optimized with the Yoast SEO plugin v26.7 - https:\/\/yoast.com\/wordpress\/plugins\/seo\/ -->\n<title>ROOIBOS - Aromas &amp; Sabores Naturales<\/title>\n<meta name=\"robots\" content=\"index, follow, max-snippet:-1, max-image-preview:large, max-video-preview:-1\" \/>\n<link rel=\"canonical\" href=\"https:\/\/aromasysabores.net\/tienda\/producto\/rooibos\/\" \/>\n<meta property=\"og:locale\" content=\"es_ES\" \/>\n<meta property=\"og:type\" content=\"article\" \/>\n<meta property=\"og:title\" content=\"ROOIBOS - Aromas &amp; Sabores Naturales\" \/>\n<meta property=\"og:description\" content=\"La principal ventaja por la que es conocida esta bebida es por sus capacidades relajantes, caracter\u00edstica que, unida al hecho de no contener te\u00edna, hace que tomar una taza de rooibos suponga un momento de distensi\u00f3n y tranquilidad.  Sin embargo, est\u00e1 comprobado que el rooibos ofrece m\u00faltiples beneficios para el organismo\u2026   Fortalece el sistema inmunol\u00f3gico.  Contiene antioxidantes.  Tiene sales minerales y nutrientes como hierro, calcio, cobre, potasio, manganeso, magnesio, fl\u00faor, vitaminas C y E.  Ofrece propiedades antiinflamatorias y antivirales, por lo que es recomendable para infecciones leves.  Tambi\u00e9n tiene propiedades antiespasm\u00f3dicas, se puede emplear para aliviar calambres, espasmos y c\u00f3licos.  No causa alergias incluso en personas sensibles.  Tiene efectos positivos en la piel, puede ser empleado para tratar el acn\u00e9, quemaduras y granos.  Su acci\u00f3n relajante y sin estimulantes permite que los ni\u00f1os tambi\u00e9n puedan consumirlo. De hecho, puedes d\u00e1rselo con un poco de leche a tu beb\u00e9 par aliviar los s\u00edntomas del c\u00f3lico.\" \/>\n<meta property=\"og:url\" content=\"https:\/\/aromasysabores.net\/tienda\/producto\/rooibos\/\" \/>\n<meta property=\"og:site_name\" content=\"Aromas &amp; Sabores Naturales\" \/>\n<meta property=\"article:modified_time\" content=\"2026-03-16T18:24:06+00:00\" \/>\n<meta property=\"og:image\" content=\"https:\/\/aromasysabores.net\/tienda\/wp-content\/uploads\/2021\/06\/rooibos.jpg\" \/>\n\t<meta property=\"og:image:width\" content=\"500\" \/>\n\t<meta property=\"og:image:height\" content=\"500\" \/>\n\t<meta property=\"og:image:type\" content=\"image\/jpeg\" \/>\n<meta name=\"twitter:card\" content=\"summary_large_image\" \/>\n<script type=\"application\/ld+json\" class=\"yoast-schema-graph\">{\"@context\":\"https:\/\/schema.org\",\"@graph\":[{\"@type\":\"WebPage\",\"@id\":\"https:\/\/aromasysabores.net\/tienda\/producto\/rooibos\/\",\"url\":\"https:\/\/aromasysabores.net\/tienda\/producto\/rooibos\/\",\"name\":\"ROOIBOS - Aromas &amp; Sabores Naturales\",\"isPartOf\":{\"@id\":\"https:\/\/aromasysabores.net\/tienda\/#website\"},\"primaryImageOfPage\":{\"@id\":\"https:\/\/aromasysabores.net\/tienda\/producto\/rooibos\/#primaryimage\"},\"image\":{\"@id\":\"https:\/\/aromasysabores.net\/tienda\/producto\/rooibos\/#primaryimage\"},\"thumbnailUrl\":\"https:\/\/aromasysabores.net\/tienda\/wp-content\/uploads\/2021\/06\/rooibos.jpg\",\"datePublished\":\"2021-06-21T12:19:29+00:00\",\"dateModified\":\"2026-03-16T18:24:06+00:00\",\"breadcrumb\":{\"@id\":\"https:\/\/aromasysabores.net\/tienda\/producto\/rooibos\/#breadcrumb\"},\"inLanguage\":\"es\",\"potentialAction\":[{\"@type\":\"ReadAction\",\"target\":[\"https:\/\/aromasysabores.net\/tienda\/producto\/rooibos\/\"]}]},{\"@type\":\"ImageObject\",\"inLanguage\":\"es\",\"@id\":\"https:\/\/aromasysabores.net\/tienda\/producto\/rooibos\/#primaryimage\",\"url\":\"https:\/\/aromasysabores.net\/tienda\/wp-content\/uploads\/2021\/06\/rooibos.jpg\",\"contentUrl\":\"https:\/\/aromasysabores.net\/tienda\/wp-content\/uploads\/2021\/06\/rooibos.jpg\",\"width\":500,\"height\":500},{\"@type\":\"BreadcrumbList\",\"@id\":\"https:\/\/aromasysabores.net\/tienda\/producto\/rooibos\/#breadcrumb\",\"itemListElement\":[{\"@type\":\"ListItem\",\"position\":1,\"name\":\"Portada\",\"item\":\"https:\/\/aromasysabores.net\/tienda\/\"},{\"@type\":\"ListItem\",\"position\":2,\"name\":\"Tienda Natural\",\"item\":\"https:\/\/aromasysabores.net\/tienda\/\"},{\"@type\":\"ListItem\",\"position\":3,\"name\":\"ROOIBOS\"}]},{\"@type\":\"WebSite\",\"@id\":\"https:\/\/aromasysabores.net\/tienda\/#website\",\"url\":\"https:\/\/aromasysabores.net\/tienda\/\",\"name\":\"Aromas &amp; Sabores Naturales\",\"description\":\"Tienda online natural\",\"potentialAction\":[{\"@type\":\"SearchAction\",\"target\":{\"@type\":\"EntryPoint\",\"urlTemplate\":\"https:\/\/aromasysabores.net\/tienda\/?s={search_term_string}\"},\"query-input\":{\"@type\":\"PropertyValueSpecification\",\"valueRequired\":true,\"valueName\":\"search_term_string\"}}],\"inLanguage\":\"es\"}]}<\/script>\n<!-- \/ Yoast SEO plugin. -->","yoast_head_json":{"title":"ROOIBOS - Aromas &amp; Sabores Naturales","robots":{"index":"index","follow":"follow","max-snippet":"max-snippet:-1","max-image-preview":"max-image-preview:large","max-video-preview":"max-video-preview:-1"},"canonical":"https:\/\/aromasysabores.net\/tienda\/producto\/rooibos\/","og_locale":"es_ES","og_type":"article","og_title":"ROOIBOS - Aromas &amp; Sabores Naturales","og_description":"La principal ventaja por la que es conocida esta bebida es por sus capacidades relajantes, caracter\u00edstica que, unida al hecho de no contener te\u00edna, hace que tomar una taza de rooibos suponga un momento de distensi\u00f3n y tranquilidad.  Sin embargo, est\u00e1 comprobado que el rooibos ofrece m\u00faltiples beneficios para el organismo\u2026   Fortalece el sistema inmunol\u00f3gico.  Contiene antioxidantes.  Tiene sales minerales y nutrientes como hierro, calcio, cobre, potasio, manganeso, magnesio, fl\u00faor, vitaminas C y E.  Ofrece propiedades antiinflamatorias y antivirales, por lo que es recomendable para infecciones leves.  Tambi\u00e9n tiene propiedades antiespasm\u00f3dicas, se puede emplear para aliviar calambres, espasmos y c\u00f3licos.  No causa alergias incluso en personas sensibles.  Tiene efectos positivos en la piel, puede ser empleado para tratar el acn\u00e9, quemaduras y granos.  Su acci\u00f3n relajante y sin estimulantes permite que los ni\u00f1os tambi\u00e9n puedan consumirlo. De hecho, puedes d\u00e1rselo con un poco de leche a tu beb\u00e9 par aliviar los s\u00edntomas del c\u00f3lico.","og_url":"https:\/\/aromasysabores.net\/tienda\/producto\/rooibos\/","og_site_name":"Aromas &amp; Sabores Naturales","article_modified_time":"2026-03-16T18:24:06+00:00","og_image":[{"width":500,"height":500,"url":"https:\/\/aromasysabores.net\/tienda\/wp-content\/uploads\/2021\/06\/rooibos.jpg","type":"image\/jpeg"}],"twitter_card":"summary_large_image","schema":{"@context":"https:\/\/schema.org","@graph":[{"@type":"WebPage","@id":"https:\/\/aromasysabores.net\/tienda\/producto\/rooibos\/","url":"https:\/\/aromasysabores.net\/tienda\/producto\/rooibos\/","name":"ROOIBOS - Aromas &amp; Sabores Naturales","isPartOf":{"@id":"https:\/\/aromasysabores.net\/tienda\/#website"},"primaryImageOfPage":{"@id":"https:\/\/aromasysabores.net\/tienda\/producto\/rooibos\/#primaryimage"},"image":{"@id":"https:\/\/aromasysabores.net\/tienda\/producto\/rooibos\/#primaryimage"},"thumbnailUrl":"https:\/\/aromasysabores.net\/tienda\/wp-content\/uploads\/2021\/06\/rooibos.jpg","datePublished":"2021-06-21T12:19:29+00:00","dateModified":"2026-03-16T18:24:06+00:00","breadcrumb":{"@id":"https:\/\/aromasysabores.net\/tienda\/producto\/rooibos\/#breadcrumb"},"inLanguage":"es","potentialAction":[{"@type":"ReadAction","target":["https:\/\/aromasysabores.net\/tienda\/producto\/rooibos\/"]}]},{"@type":"ImageObject","inLanguage":"es","@id":"https:\/\/aromasysabores.net\/tienda\/producto\/rooibos\/#primaryimage","url":"https:\/\/aromasysabores.net\/tienda\/wp-content\/uploads\/2021\/06\/rooibos.jpg","contentUrl":"https:\/\/aromasysabores.net\/tienda\/wp-content\/uploads\/2021\/06\/rooibos.jpg","width":500,"height":500},{"@type":"BreadcrumbList","@id":"https:\/\/aromasysabores.net\/tienda\/producto\/rooibos\/#breadcrumb","itemListElement":[{"@type":"ListItem","position":1,"name":"Portada","item":"https:\/\/aromasysabores.net\/tienda\/"},{"@type":"ListItem","position":2,"name":"Tienda Natural","item":"https:\/\/aromasysabores.net\/tienda\/"},{"@type":"ListItem","position":3,"name":"ROOIBOS"}]},{"@type":"WebSite","@id":"https:\/\/aromasysabores.net\/tienda\/#website","url":"https:\/\/aromasysabores.net\/tienda\/","name":"Aromas &amp; Sabores Naturales","description":"Tienda online natural","potentialAction":[{"@type":"SearchAction","target":{"@type":"EntryPoint","urlTemplate":"https:\/\/aromasysabores.net\/tienda\/?s={search_term_string}"},"query-input":{"@type":"PropertyValueSpecification","valueRequired":true,"valueName":"search_term_string"}}],"inLanguage":"es"}]}},"_links":{"self":[{"href":"https:\/\/aromasysabores.net\/tienda\/wp-json\/wp\/v2\/product\/31552","targetHints":{"allow":["GET"]}}],"collection":[{"href":"https:\/\/aromasysabores.net\/tienda\/wp-json\/wp\/v2\/product"}],"about":[{"href":"https:\/\/aromasysabores.net\/tienda\/wp-json\/wp\/v2\/types\/product"}],"wp:featuredmedia":[{"embeddable":true,"href":"https:\/\/aromasysabores.net\/tienda\/wp-json\/wp\/v2\/media\/31574"}],"wp:attachment":[{"href":"https:\/\/aromasysabores.net\/tienda\/wp-json\/wp\/v2\/media?parent=31552"}],"wp:term":[{"taxonomy":"product_brand","embeddable":true,"href":"https:\/\/aromasysabores.net\/tienda\/wp-json\/wp\/v2\/product_brand?post=31552"},{"taxonomy":"product_cat","embeddable":true,"href":"https:\/\/aromasysabores.net\/tienda\/wp-json\/wp\/v2\/product_cat?post=31552"},{"taxonomy":"product_tag","embeddable":true,"href":"https:\/\/aromasysabores.net\/tienda\/wp-json\/wp\/v2\/product_tag?post=31552"}],"curies":[{"name":"wp","href":"https:\/\/api.w.org\/{rel}","templated":true}]}}