
{"id":32746,"date":"2023-04-12T13:34:50","date_gmt":"2023-04-12T13:34:50","guid":{"rendered":"https:\/\/aromasysabores.net\/tienda\/?post_type=product&#038;p=32746"},"modified":"2026-03-21T14:00:56","modified_gmt":"2026-03-21T14:00:56","slug":"artico-veggies-garbanzo-y-calabaza-200g","status":"publish","type":"product","link":"https:\/\/aromasysabores.net\/tienda\/producto\/artico-veggies-garbanzo-y-calabaza-200g\/","title":{"rendered":"ARTICO VEGGIES GARBANZO Y CALABAZA 200G"},"content":{"rendered":"<p>Ingredientes<br \/>\nAgua, garbanzos, zapallo deshidratado, papa deshidratada, cebolla cubeteada congelada, avena, pan rallado, mix de semillas (s\u00e9samo blanco y s\u00e9samo integral), sal, ajo en polvo, nuez moscada, c\u00farcuma, piment\u00f3n, az\u00facar.<br \/>\nCocinar a fuego moderado (horno 180\u00b0C) durante 20 minutos aprox. Da vuelta las Veggie Burger para lograr que las mismas se doren.<\/p>\n","protected":false},"excerpt":{"rendered":"<p>Ingredientes Agua, garbanzos, zapallo deshidratado, papa deshidratada, cebolla cubeteada congelada, avena, pan rallado, mix de semillas (s\u00e9samo blanco y s\u00e9samo integral), sal, ajo en polvo, nuez moscada, c\u00farcuma, piment\u00f3n, az\u00facar. Cocinar a fuego moderado (horno 180\u00b0C) durante 20 minutos aprox. Da vuelta las Veggie Burger para lograr que las mismas se doren.<\/p>\n","protected":false},"featured_media":32747,"template":"","meta":{"_joinchat":[]},"product_brand":[],"product_cat":[158],"product_tag":[],"class_list":{"0":"post-32746","1":"product","2":"type-product","3":"status-publish","4":"has-post-thumbnail","6":"product_cat-congelados-refrigerados","8":"first","9":"outofstock","10":"taxable","11":"shipping-taxable","12":"purchasable","13":"product-type-simple"},"yoast_head":"<!-- This site is optimized with the Yoast SEO plugin v26.7 - https:\/\/yoast.com\/wordpress\/plugins\/seo\/ -->\n<title>ARTICO VEGGIES GARBANZO Y CALABAZA 200G - Aromas &amp; Sabores Naturales<\/title>\n<meta name=\"robots\" content=\"index, follow, max-snippet:-1, max-image-preview:large, max-video-preview:-1\" \/>\n<link rel=\"canonical\" href=\"https:\/\/aromasysabores.net\/tienda\/producto\/artico-veggies-garbanzo-y-calabaza-200g\/\" \/>\n<meta property=\"og:locale\" content=\"es_ES\" \/>\n<meta property=\"og:type\" content=\"article\" \/>\n<meta property=\"og:title\" content=\"ARTICO VEGGIES GARBANZO Y CALABAZA 200G - Aromas &amp; Sabores Naturales\" \/>\n<meta property=\"og:description\" content=\"Ingredientes Agua, garbanzos, zapallo deshidratado, papa deshidratada, cebolla cubeteada congelada, avena, pan rallado, mix de semillas (s\u00e9samo blanco y s\u00e9samo integral), sal, ajo en polvo, nuez moscada, c\u00farcuma, piment\u00f3n, az\u00facar. Cocinar a fuego moderado (horno 180\u00b0C) durante 20 minutos aprox. Da vuelta las Veggie Burger para lograr que las mismas se doren.\" \/>\n<meta property=\"og:url\" content=\"https:\/\/aromasysabores.net\/tienda\/producto\/artico-veggies-garbanzo-y-calabaza-200g\/\" \/>\n<meta property=\"og:site_name\" content=\"Aromas &amp; Sabores Naturales\" \/>\n<meta property=\"article:modified_time\" content=\"2026-03-21T14:00:56+00:00\" \/>\n<meta property=\"og:image\" content=\"https:\/\/aromasysabores.net\/tienda\/wp-content\/uploads\/2023\/04\/Veggies-Garbanzos-Calabaza.jpg\" \/>\n\t<meta property=\"og:image:width\" content=\"650\" \/>\n\t<meta property=\"og:image:height\" content=\"488\" \/>\n\t<meta property=\"og:image:type\" content=\"image\/jpeg\" \/>\n<meta name=\"twitter:card\" content=\"summary_large_image\" \/>\n<meta name=\"twitter:label1\" content=\"Tiempo de lectura\" \/>\n\t<meta name=\"twitter:data1\" content=\"1 minuto\" \/>\n<script type=\"application\/ld+json\" class=\"yoast-schema-graph\">{\"@context\":\"https:\/\/schema.org\",\"@graph\":[{\"@type\":\"WebPage\",\"@id\":\"https:\/\/aromasysabores.net\/tienda\/producto\/artico-veggies-garbanzo-y-calabaza-200g\/\",\"url\":\"https:\/\/aromasysabores.net\/tienda\/producto\/artico-veggies-garbanzo-y-calabaza-200g\/\",\"name\":\"ARTICO VEGGIES GARBANZO Y CALABAZA 200G - Aromas &amp; Sabores Naturales\",\"isPartOf\":{\"@id\":\"https:\/\/aromasysabores.net\/tienda\/#website\"},\"primaryImageOfPage\":{\"@id\":\"https:\/\/aromasysabores.net\/tienda\/producto\/artico-veggies-garbanzo-y-calabaza-200g\/#primaryimage\"},\"image\":{\"@id\":\"https:\/\/aromasysabores.net\/tienda\/producto\/artico-veggies-garbanzo-y-calabaza-200g\/#primaryimage\"},\"thumbnailUrl\":\"https:\/\/aromasysabores.net\/tienda\/wp-content\/uploads\/2023\/04\/Veggies-Garbanzos-Calabaza.jpg\",\"datePublished\":\"2023-04-12T13:34:50+00:00\",\"dateModified\":\"2026-03-21T14:00:56+00:00\",\"breadcrumb\":{\"@id\":\"https:\/\/aromasysabores.net\/tienda\/producto\/artico-veggies-garbanzo-y-calabaza-200g\/#breadcrumb\"},\"inLanguage\":\"es\",\"potentialAction\":[{\"@type\":\"ReadAction\",\"target\":[\"https:\/\/aromasysabores.net\/tienda\/producto\/artico-veggies-garbanzo-y-calabaza-200g\/\"]}]},{\"@type\":\"ImageObject\",\"inLanguage\":\"es\",\"@id\":\"https:\/\/aromasysabores.net\/tienda\/producto\/artico-veggies-garbanzo-y-calabaza-200g\/#primaryimage\",\"url\":\"https:\/\/aromasysabores.net\/tienda\/wp-content\/uploads\/2023\/04\/Veggies-Garbanzos-Calabaza.jpg\",\"contentUrl\":\"https:\/\/aromasysabores.net\/tienda\/wp-content\/uploads\/2023\/04\/Veggies-Garbanzos-Calabaza.jpg\",\"width\":650,\"height\":488},{\"@type\":\"BreadcrumbList\",\"@id\":\"https:\/\/aromasysabores.net\/tienda\/producto\/artico-veggies-garbanzo-y-calabaza-200g\/#breadcrumb\",\"itemListElement\":[{\"@type\":\"ListItem\",\"position\":1,\"name\":\"Portada\",\"item\":\"https:\/\/aromasysabores.net\/tienda\/\"},{\"@type\":\"ListItem\",\"position\":2,\"name\":\"Tienda Natural\",\"item\":\"https:\/\/aromasysabores.net\/tienda\/\"},{\"@type\":\"ListItem\",\"position\":3,\"name\":\"ARTICO VEGGIES GARBANZO Y CALABAZA 200G\"}]},{\"@type\":\"WebSite\",\"@id\":\"https:\/\/aromasysabores.net\/tienda\/#website\",\"url\":\"https:\/\/aromasysabores.net\/tienda\/\",\"name\":\"Aromas &amp; Sabores Naturales\",\"description\":\"Tienda online natural\",\"potentialAction\":[{\"@type\":\"SearchAction\",\"target\":{\"@type\":\"EntryPoint\",\"urlTemplate\":\"https:\/\/aromasysabores.net\/tienda\/?s={search_term_string}\"},\"query-input\":{\"@type\":\"PropertyValueSpecification\",\"valueRequired\":true,\"valueName\":\"search_term_string\"}}],\"inLanguage\":\"es\"}]}<\/script>\n<!-- \/ Yoast SEO plugin. -->","yoast_head_json":{"title":"ARTICO VEGGIES GARBANZO Y CALABAZA 200G - Aromas &amp; Sabores Naturales","robots":{"index":"index","follow":"follow","max-snippet":"max-snippet:-1","max-image-preview":"max-image-preview:large","max-video-preview":"max-video-preview:-1"},"canonical":"https:\/\/aromasysabores.net\/tienda\/producto\/artico-veggies-garbanzo-y-calabaza-200g\/","og_locale":"es_ES","og_type":"article","og_title":"ARTICO VEGGIES GARBANZO Y CALABAZA 200G - Aromas &amp; Sabores Naturales","og_description":"Ingredientes Agua, garbanzos, zapallo deshidratado, papa deshidratada, cebolla cubeteada congelada, avena, pan rallado, mix de semillas (s\u00e9samo blanco y s\u00e9samo integral), sal, ajo en polvo, nuez moscada, c\u00farcuma, piment\u00f3n, az\u00facar. Cocinar a fuego moderado (horno 180\u00b0C) durante 20 minutos aprox. Da vuelta las Veggie Burger para lograr que las mismas se doren.","og_url":"https:\/\/aromasysabores.net\/tienda\/producto\/artico-veggies-garbanzo-y-calabaza-200g\/","og_site_name":"Aromas &amp; Sabores Naturales","article_modified_time":"2026-03-21T14:00:56+00:00","og_image":[{"width":650,"height":488,"url":"https:\/\/aromasysabores.net\/tienda\/wp-content\/uploads\/2023\/04\/Veggies-Garbanzos-Calabaza.jpg","type":"image\/jpeg"}],"twitter_card":"summary_large_image","twitter_misc":{"Tiempo de lectura":"1 minuto"},"schema":{"@context":"https:\/\/schema.org","@graph":[{"@type":"WebPage","@id":"https:\/\/aromasysabores.net\/tienda\/producto\/artico-veggies-garbanzo-y-calabaza-200g\/","url":"https:\/\/aromasysabores.net\/tienda\/producto\/artico-veggies-garbanzo-y-calabaza-200g\/","name":"ARTICO VEGGIES GARBANZO Y CALABAZA 200G - Aromas &amp; Sabores Naturales","isPartOf":{"@id":"https:\/\/aromasysabores.net\/tienda\/#website"},"primaryImageOfPage":{"@id":"https:\/\/aromasysabores.net\/tienda\/producto\/artico-veggies-garbanzo-y-calabaza-200g\/#primaryimage"},"image":{"@id":"https:\/\/aromasysabores.net\/tienda\/producto\/artico-veggies-garbanzo-y-calabaza-200g\/#primaryimage"},"thumbnailUrl":"https:\/\/aromasysabores.net\/tienda\/wp-content\/uploads\/2023\/04\/Veggies-Garbanzos-Calabaza.jpg","datePublished":"2023-04-12T13:34:50+00:00","dateModified":"2026-03-21T14:00:56+00:00","breadcrumb":{"@id":"https:\/\/aromasysabores.net\/tienda\/producto\/artico-veggies-garbanzo-y-calabaza-200g\/#breadcrumb"},"inLanguage":"es","potentialAction":[{"@type":"ReadAction","target":["https:\/\/aromasysabores.net\/tienda\/producto\/artico-veggies-garbanzo-y-calabaza-200g\/"]}]},{"@type":"ImageObject","inLanguage":"es","@id":"https:\/\/aromasysabores.net\/tienda\/producto\/artico-veggies-garbanzo-y-calabaza-200g\/#primaryimage","url":"https:\/\/aromasysabores.net\/tienda\/wp-content\/uploads\/2023\/04\/Veggies-Garbanzos-Calabaza.jpg","contentUrl":"https:\/\/aromasysabores.net\/tienda\/wp-content\/uploads\/2023\/04\/Veggies-Garbanzos-Calabaza.jpg","width":650,"height":488},{"@type":"BreadcrumbList","@id":"https:\/\/aromasysabores.net\/tienda\/producto\/artico-veggies-garbanzo-y-calabaza-200g\/#breadcrumb","itemListElement":[{"@type":"ListItem","position":1,"name":"Portada","item":"https:\/\/aromasysabores.net\/tienda\/"},{"@type":"ListItem","position":2,"name":"Tienda Natural","item":"https:\/\/aromasysabores.net\/tienda\/"},{"@type":"ListItem","position":3,"name":"ARTICO VEGGIES GARBANZO Y CALABAZA 200G"}]},{"@type":"WebSite","@id":"https:\/\/aromasysabores.net\/tienda\/#website","url":"https:\/\/aromasysabores.net\/tienda\/","name":"Aromas &amp; Sabores Naturales","description":"Tienda online natural","potentialAction":[{"@type":"SearchAction","target":{"@type":"EntryPoint","urlTemplate":"https:\/\/aromasysabores.net\/tienda\/?s={search_term_string}"},"query-input":{"@type":"PropertyValueSpecification","valueRequired":true,"valueName":"search_term_string"}}],"inLanguage":"es"}]}},"_links":{"self":[{"href":"https:\/\/aromasysabores.net\/tienda\/wp-json\/wp\/v2\/product\/32746","targetHints":{"allow":["GET"]}}],"collection":[{"href":"https:\/\/aromasysabores.net\/tienda\/wp-json\/wp\/v2\/product"}],"about":[{"href":"https:\/\/aromasysabores.net\/tienda\/wp-json\/wp\/v2\/types\/product"}],"wp:featuredmedia":[{"embeddable":true,"href":"https:\/\/aromasysabores.net\/tienda\/wp-json\/wp\/v2\/media\/32747"}],"wp:attachment":[{"href":"https:\/\/aromasysabores.net\/tienda\/wp-json\/wp\/v2\/media?parent=32746"}],"wp:term":[{"taxonomy":"product_brand","embeddable":true,"href":"https:\/\/aromasysabores.net\/tienda\/wp-json\/wp\/v2\/product_brand?post=32746"},{"taxonomy":"product_cat","embeddable":true,"href":"https:\/\/aromasysabores.net\/tienda\/wp-json\/wp\/v2\/product_cat?post=32746"},{"taxonomy":"product_tag","embeddable":true,"href":"https:\/\/aromasysabores.net\/tienda\/wp-json\/wp\/v2\/product_tag?post=32746"}],"curies":[{"name":"wp","href":"https:\/\/api.w.org\/{rel}","templated":true}]}}